{"id":626,"date":"2024-03-07T15:03:29","date_gmt":"2024-03-07T12:03:29","guid":{"rendered":"https:\/\/palmiyesusleme.com\/index.php\/urun\/ahsap-kolcak-detayli-aluminyum-kose-takimi\/"},"modified":"2024-03-07T15:03:40","modified_gmt":"2024-03-07T12:03:40","slug":"ahsap-kolcak-detayli-aluminyum-kose-takimi","status":"publish","type":"product","link":"https:\/\/palmiyesusleme.com\/index.php\/urun\/ahsap-kolcak-detayli-aluminyum-kose-takimi\/","title":{"rendered":"Ah\u015fap Kolcak Detayl\u0131 Al\u00fcminyum K\u00f6\u015fe Tak\u0131m\u0131"},"content":{"rendered":"<p>Ah\u015fap Kolcak Detayl\u0131 Al\u00fcminyum K\u00f6\u015fe Tak\u0131m\u0131<\/p>\n","protected":false},"excerpt":{"rendered":"<p>Ah\u015fap Kolcak Detayl\u0131 Al\u00fcminyum K\u00f6\u015fe Tak\u0131m\u0131<\/p>\n","protected":false},"featured_media":627,"comment_status":"closed","ping_status":"open","template":"","meta":{"_joinchat":[]},"product_cat":[72],"product_tag":[],"class_list":{"0":"post-626","1":"product","2":"type-product","3":"status-publish","4":"has-post-thumbnail","6":"product_cat-bahce-oturma-gruplari","8":"first","9":"instock","10":"product-type-simple"},"_links":{"self":[{"href":"https:\/\/palmiyesusleme.com\/index.php\/wp-json\/wp\/v2\/product\/626","targetHints":{"allow":["GET"]}}],"collection":[{"href":"https:\/\/palmiyesusleme.com\/index.php\/wp-json\/wp\/v2\/product"}],"about":[{"href":"https:\/\/palmiyesusleme.com\/index.php\/wp-json\/wp\/v2\/types\/product"}],"replies":[{"embeddable":true,"href":"https:\/\/palmiyesusleme.com\/index.php\/wp-json\/wp\/v2\/comments?post=626"}],"wp:featuredmedia":[{"embeddable":true,"href":"https:\/\/palmiyesusleme.com\/index.php\/wp-json\/wp\/v2\/media\/627"}],"wp:attachment":[{"href":"https:\/\/palmiyesusleme.com\/index.php\/wp-json\/wp\/v2\/media?parent=626"}],"wp:term":[{"taxonomy":"product_cat","embeddable":true,"href":"https:\/\/palmiyesusleme.com\/index.php\/wp-json\/wp\/v2\/product_cat?post=626"},{"taxonomy":"product_tag","embeddable":true,"href":"https:\/\/palmiyesusleme.com\/index.php\/wp-json\/wp\/v2\/product_tag?post=626"}],"curies":[{"name":"wp","href":"https:\/\/api.w.org\/{rel}","templated":true}]}}