{"id":6343,"date":"2024-03-07T16:06:12","date_gmt":"2024-03-07T13:06:12","guid":{"rendered":"https:\/\/palmiyesusleme.com\/index.php\/urun\/krem-yuvarlak-tablali-banket-masa-ortusu\/"},"modified":"2024-03-07T16:06:14","modified_gmt":"2024-03-07T13:06:14","slug":"krem-yuvarlak-tablali-banket-masa-ortusu","status":"publish","type":"product","link":"https:\/\/palmiyesusleme.com\/index.php\/urun\/krem-yuvarlak-tablali-banket-masa-ortusu\/","title":{"rendered":"Krem Yuvarlak Tablal\u0131 Banket Masa \u00d6rt\u00fcs\u00fc"},"content":{"rendered":"<p>Krem Yuvarlak Tablal\u0131 Banket Masa &Ouml;rt&uuml;s&uuml;<\/p>\n","protected":false},"excerpt":{"rendered":"<p>Krem Yuvarlak Tablal\u0131 Banket Masa &Ouml;rt&uuml;s&uuml;<\/p>\n","protected":false},"featured_media":6344,"comment_status":"closed","ping_status":"open","template":"","meta":{"_joinchat":[]},"product_cat":[188],"product_tag":[],"class_list":{"0":"post-6343","1":"product","2":"type-product","3":"status-publish","4":"has-post-thumbnail","6":"product_cat-masa-ortusu","8":"first","9":"instock","10":"product-type-simple"},"_links":{"self":[{"href":"https:\/\/palmiyesusleme.com\/index.php\/wp-json\/wp\/v2\/product\/6343","targetHints":{"allow":["GET"]}}],"collection":[{"href":"https:\/\/palmiyesusleme.com\/index.php\/wp-json\/wp\/v2\/product"}],"about":[{"href":"https:\/\/palmiyesusleme.com\/index.php\/wp-json\/wp\/v2\/types\/product"}],"replies":[{"embeddable":true,"href":"https:\/\/palmiyesusleme.com\/index.php\/wp-json\/wp\/v2\/comments?post=6343"}],"wp:featuredmedia":[{"embeddable":true,"href":"https:\/\/palmiyesusleme.com\/index.php\/wp-json\/wp\/v2\/media\/6344"}],"wp:attachment":[{"href":"https:\/\/palmiyesusleme.com\/index.php\/wp-json\/wp\/v2\/media?parent=6343"}],"wp:term":[{"taxonomy":"product_cat","embeddable":true,"href":"https:\/\/palmiyesusleme.com\/index.php\/wp-json\/wp\/v2\/product_cat?post=6343"},{"taxonomy":"product_tag","embeddable":true,"href":"https:\/\/palmiyesusleme.com\/index.php\/wp-json\/wp\/v2\/product_tag?post=6343"}],"curies":[{"name":"wp","href":"https:\/\/api.w.org\/{rel}","templated":true}]}}