{"id":6592,"date":"2024-03-07T16:08:39","date_gmt":"2024-03-07T13:08:39","guid":{"rendered":"https:\/\/palmiyesusleme.com\/index.php\/urun\/dikdortgen-kaplamali-tablali-capraz-metal-ayakli-restoran-cafe-otel-masasi\/"},"modified":"2024-03-07T16:08:45","modified_gmt":"2024-03-07T13:08:45","slug":"dikdortgen-kaplamali-tablali-capraz-metal-ayakli-restoran-cafe-otel-masasi","status":"publish","type":"product","link":"https:\/\/palmiyesusleme.com\/index.php\/urun\/dikdortgen-kaplamali-tablali-capraz-metal-ayakli-restoran-cafe-otel-masasi\/","title":{"rendered":"Dikd\u00f6rtgen Kaplamal\u0131 Tablal\u0131 \u00c7apraz Metal Ayakl\u0131 Restoran Cafe Otel Masas\u0131"},"content":{"rendered":"<p>&lt;p&gt;Dikd\u00f6rtgen Kaplamal\u0131 Tablal\u0131 \u00c7apraz Metal Ayakl\u0131 Restoran Cafe Otel Masas\u0131&lt;br&gt;&lt;\/p&gt;<\/p>\n","protected":false},"excerpt":{"rendered":"<p>&lt;p&gt;Dikd\u00f6rtgen Kaplamal\u0131 Tablal\u0131 \u00c7apraz Metal Ayakl\u0131 Restoran Cafe Otel Masas\u0131&lt;br&gt;&lt;\/p&gt;<\/p>\n","protected":false},"featured_media":6593,"comment_status":"closed","ping_status":"open","template":"","meta":{"_joinchat":[]},"product_cat":[189,134],"product_tag":[],"class_list":{"0":"post-6592","1":"product","2":"type-product","3":"status-publish","4":"has-post-thumbnail","6":"product_cat-metal-ayakli-dikdortgen-masa","7":"product_cat-metal-ayakli-masa","9":"first","10":"instock","11":"product-type-simple"},"_links":{"self":[{"href":"https:\/\/palmiyesusleme.com\/index.php\/wp-json\/wp\/v2\/product\/6592","targetHints":{"allow":["GET"]}}],"collection":[{"href":"https:\/\/palmiyesusleme.com\/index.php\/wp-json\/wp\/v2\/product"}],"about":[{"href":"https:\/\/palmiyesusleme.com\/index.php\/wp-json\/wp\/v2\/types\/product"}],"replies":[{"embeddable":true,"href":"https:\/\/palmiyesusleme.com\/index.php\/wp-json\/wp\/v2\/comments?post=6592"}],"wp:featuredmedia":[{"embeddable":true,"href":"https:\/\/palmiyesusleme.com\/index.php\/wp-json\/wp\/v2\/media\/6593"}],"wp:attachment":[{"href":"https:\/\/palmiyesusleme.com\/index.php\/wp-json\/wp\/v2\/media?parent=6592"}],"wp:term":[{"taxonomy":"product_cat","embeddable":true,"href":"https:\/\/palmiyesusleme.com\/index.php\/wp-json\/wp\/v2\/product_cat?post=6592"},{"taxonomy":"product_tag","embeddable":true,"href":"https:\/\/palmiyesusleme.com\/index.php\/wp-json\/wp\/v2\/product_tag?post=6592"}],"curies":[{"name":"wp","href":"https:\/\/api.w.org\/{rel}","templated":true}]}}