{"id":6915,"date":"2024-03-07T16:11:01","date_gmt":"2024-03-07T13:11:01","guid":{"rendered":"https:\/\/palmiyesusleme.com\/index.php\/urun\/tara-sandalye-kodumti7400\/"},"modified":"2024-03-07T16:11:12","modified_gmt":"2024-03-07T13:11:12","slug":"tara-sandalye-kodumti7400","status":"publish","type":"product","link":"https:\/\/palmiyesusleme.com\/index.php\/urun\/tara-sandalye-kodumti7400\/","title":{"rendered":"Tara Sandalye kodu:mti7400"},"content":{"rendered":"<p>&lt;p&gt;&amp;nbsp; &amp;nbsp; &amp;nbsp; &lt;span style=&quot;font-weight: bold; font-size: 14px;&quot;&gt;&amp;nbsp;Sa\u011flam ve kaliteli bir se\u00e7im&#8230;&amp;nbsp;&lt;\/span&gt;&lt;span style=&quot;font-size: 14px;&quot;&gt;Metal Ayakl\u0131 ,&amp;nbsp;&lt;\/span&gt;&lt;span style=&quot;font-family: raleway, sans-serif; font-size: 14px;&quot;&gt;&lt;font color=&quot;#424242&quot;&gt;&lt;span style=&quot;font-size: 12px;&quot;&gt;ELEKTROSTAT\u0130K RAL BOYALI&lt;\/span&gt; , D\u00f6\u015femeli&amp;nbsp;&lt;\/font&gt;&lt;\/span&gt;&lt;span style=&quot;font-size: 14px;&quot;&gt;&amp;nbsp;eviniz\/salonunuz bir saraya d\u00f6n\u00fc\u015fecek.&lt;\/span&gt;&lt;\/p&gt;&lt;p&gt;&lt;b&gt;Tara sandalyeler&lt;\/b&gt;, bak\u0131m\u0131 kolay mobilyalar aras\u0131ndad\u0131r. yal\u0131n ve modern tasar\u0131mlar\u0131yla resmiyet ve rahatl\u0131\u011f\u0131 bir araya getiriyor . Tara , y\u00f6netici ofislerinden kafelere , evlerden bekleme alanlar\u0131na kadar t\u00fcm ya\u015fam alanlar\u0131na uyum sa\u011fl\u0131yor. Tara&#039;n\u0131n mekanda kullan\u0131lan di\u011fer aksesuar&amp;nbsp; ve mobilyayla b\u00fct\u00fcnle\u015fmesini sa\u011flayan metal ve ah\u015fap ayak se\u00e7enekleri bulunuyor.&lt;br&gt;&lt;\/p&gt;&lt;table class=&quot;table table-bordered&quot;&gt;&lt;tbody&gt;&lt;\/tbody&gt;&lt;\/table&gt;&lt;table class=&quot;table table-bordered&quot;&gt;&lt;tbody&gt;&lt;\/tbody&gt;&lt;\/table&gt;&lt;p&gt;&lt;img src=&quot;https:\/\/www.palmiyekocak.com\/image\/urun-olculeri\/ahsap-klasik-kollu-sandalye-olculer.png&quot;&gt;&lt;br&gt;&lt;\/p&gt;&lt;p&gt;&lt;br&gt;&lt;\/p&gt;&lt;table class=&quot;table table-bordered&quot; style=&quot;background-color: rgb(255, 255, 255); width: 867.309px;&quot;&gt;&lt;tbody&gt;&lt;tr&gt;&lt;td style=&quot;line-height: 1.42857;&quot;&gt;Geni\u015flik&lt;\/td&gt;&lt;td style=&quot;line-height: 1.42857;&quot;&gt;&lt;\/td&gt;&lt;\/tr&gt;&lt;tr&gt;&lt;td style=&quot;line-height: 1.42857;&quot;&gt;Oturum Y\u00fckseli\u011fi&lt;\/td&gt;&lt;td style=&quot;line-height: 1.42857;&quot;&gt;&lt;\/td&gt;&lt;\/tr&gt;&lt;tr&gt;&lt;td style=&quot;line-height: 1.42857;&quot;&gt;Derinlik&lt;\/td&gt;&lt;td style=&quot;line-height: 1.42857;&quot;&gt;&lt;\/td&gt;&lt;\/tr&gt;&lt;tr&gt;&lt;td style=&quot;line-height: 1.42857;&quot;&gt;Y\u00fckseklik&lt;\/td&gt;&lt;td style=&quot;line-height: 1.42857;&quot;&gt;&lt;br&gt;&lt;\/td&gt;&lt;\/tr&gt;&lt;\/tbody&gt;&lt;\/table&gt;&lt;p&gt;\u0130ste\u011fe \u00f6zel olarak malzeme cinsinde (&lt;span style=&quot;font-size: 14px;&quot;&gt;Metal Ayakl\u0131 , Elektrostatik Ral&lt;\/span&gt;&lt;span style=&quot;font-size: 12px;&quot;&gt;&amp;nbsp;Boyal\u0131&lt;\/span&gt;&lt;span style=&quot;font-family: raleway, sans-serif; font-size: 14px;&quot;&gt;&lt;font color=&quot;#424242&quot;&gt;&amp;nbsp;, &lt;\/font&gt;&lt;font color=&quot;#636363&quot;&gt;D\u00f6\u015femeli&lt;\/font&gt;&lt;\/span&gt;) ve \u00fcr\u00fcn \u00f6l\u00e7\u00fclerinde de\u011fi\u015fiklik yap\u0131labilir.&lt;\/p&gt;&lt;table class=&quot;table table-bordered&quot; style=&quot;background-color: rgb(255, 255, 255); width: 867.309px;&quot;&gt;&lt;tbody&gt;&lt;tr&gt;&lt;td colspan=&quot;4&quot; class=&quot;text-center&quot; style=&quot;line-height: 1.42857;&quot;&gt;&lt;img src=&quot;https:\/\/www.palmiyekocak.com\/image\/urun-olculeri\/ahsap-klasik-kollu-sandalye-olculer.png&quot; alt=&quot;\u00d6l\u00e7\u00fc&quot;&gt;&lt;\/td&gt;&lt;\/tr&gt;&lt;tr&gt;&lt;td class=&quot;text-center&quot; style=&quot;line-height: 1.42857;&quot;&gt;&lt;span class=&quot;text-center&quot; style=&quot;vertical-align: middle;&quot;&gt;&lt;strong&gt;Geni\u015flik&lt;\/strong&gt;&lt;\/span&gt;&lt;\/td&gt;&lt;td class=&quot;text-center&quot; style=&quot;line-height: 1.42857;&quot;&gt;&lt;span class=&quot;text-center&quot; style=&quot;vertical-align: middle;&quot;&gt;&lt;strong&gt;Oturum Y\u00fcksekli\u011fi&lt;\/strong&gt;&lt;\/span&gt;&lt;\/td&gt;&lt;td class=&quot;text-center&quot; style=&quot;line-height: 1.42857;&quot;&gt;&lt;span class=&quot;text-center&quot; style=&quot;vertical-align: middle;&quot;&gt;&lt;strong&gt;Derinlik&lt;\/strong&gt;&lt;\/span&gt;&lt;\/td&gt;&lt;td class=&quot;text-center&quot; style=&quot;line-height: 1.42857;&quot;&gt;&lt;span class=&quot;text-center&quot; style=&quot;vertical-align: middle;&quot;&gt;&lt;strong&gt;Y\u00fckseklik&lt;\/strong&gt;&lt;\/span&gt;&lt;\/td&gt;&lt;\/tr&gt;&lt;tr&gt;&lt;td class=&quot;text-center&quot; style=&quot;line-height: 1.42857;&quot;&gt;&lt;br&gt;&lt;\/td&gt;&lt;td class=&quot;text-center&quot; style=&quot;line-height: 1.42857;&quot;&gt;&lt;br&gt;&lt;\/td&gt;&lt;td class=&quot;text-center&quot; style=&quot;line-height: 1.42857;&quot;&gt;&lt;br&gt;&lt;\/td&gt;&lt;td class=&quot;text-center&quot; style=&quot;line-height: 1.42857;&quot;&gt;&lt;br&gt;&lt;\/td&gt;&lt;\/tr&gt;&lt;tr&gt;&lt;td class=&quot;text-center&quot; colspan=&quot;4&quot; style=&quot;line-height: 1.42857;&quot;&gt;\u0130ste\u011fe \u00f6zel olarak malzeme cinsinde (&amp;nbsp;&lt;span style=&quot;text-align: start; font-size: 14px;&quot;&gt;Metal Ayakl\u0131 , Elektrostatik Ral&lt;\/span&gt;&lt;span style=&quot;text-align: start; font-size: 12px;&quot;&gt;&amp;nbsp;Boyal\u0131&lt;\/span&gt;&lt;span style=&quot;text-align: start; font-family: raleway, sans-serif; font-size: 14px;&quot;&gt;&lt;font color=&quot;#424242&quot;&gt;&amp;nbsp;,&amp;nbsp;&lt;\/font&gt;&lt;font color=&quot;#636363&quot;&gt;D\u00f6\u015femeli&lt;\/font&gt;&lt;\/span&gt;) ve \u00fcr\u00fcn \u00f6l\u00e7\u00fclerinde de\u011fi\u015fiklik yap\u0131labilir.&lt;br&gt;&lt;br&gt;&lt;\/td&gt;&lt;\/tr&gt;&lt;\/tbody&gt;&lt;\/table&gt;<\/p>\n","protected":false},"excerpt":{"rendered":"<p>&lt;p&gt;&amp;nbsp; &amp;nbsp; &amp;nbsp; &lt;span style=&quot;font-weight: bold; font-size: 14px;&quot;&gt;&amp;nbsp;Sa\u011flam ve kaliteli bir se\u00e7im&#8230;&amp;nbsp;&lt;\/span&gt;&lt;span style=&quot;font-size: 14px;&quot;&gt;Metal Ayakl\u0131 ,&amp;nbsp;&lt;\/span&gt;&lt;span style=&quot;font-family: raleway, sans-serif; font-size: 14px;&quot;&gt;&lt;font color=&quot;#424242&quot;&gt;&lt;span style=&quot;font-size: 12px;&quot;&gt;ELEKTROSTAT\u0130K RAL BOYALI&lt;\/span&gt; , D\u00f6\u015femeli&amp;nbsp;&lt;\/font&gt;&lt;\/span&gt;&lt;span style=&quot;font-size: 14px;&quot;&gt;&amp;nbsp;eviniz\/salonunuz bir saraya d\u00f6n\u00fc\u015fecek.&lt;\/span&gt;&lt;\/p&gt;&lt;p&gt;&lt;b&gt;Tara sandalyeler&lt;\/b&gt;, bak\u0131m\u0131 kolay mobilyalar aras\u0131ndad\u0131r. yal\u0131n ve modern tasar\u0131mlar\u0131yla resmiyet ve rahatl\u0131\u011f\u0131 bir araya getiriyor . Tara , y\u00f6netici ofislerinden kafelere , [&hellip;]<\/p>\n","protected":false},"featured_media":6916,"comment_status":"closed","ping_status":"open","template":"","meta":{"_joinchat":[]},"product_cat":[18],"product_tag":[],"class_list":{"0":"post-6915","1":"product","2":"type-product","3":"status-publish","4":"has-post-thumbnail","6":"product_cat-ic-mekan-metal-sandalye","8":"first","9":"instock","10":"product-type-simple"},"_links":{"self":[{"href":"https:\/\/palmiyesusleme.com\/index.php\/wp-json\/wp\/v2\/product\/6915","targetHints":{"allow":["GET"]}}],"collection":[{"href":"https:\/\/palmiyesusleme.com\/index.php\/wp-json\/wp\/v2\/product"}],"about":[{"href":"https:\/\/palmiyesusleme.com\/index.php\/wp-json\/wp\/v2\/types\/product"}],"replies":[{"embeddable":true,"href":"https:\/\/palmiyesusleme.com\/index.php\/wp-json\/wp\/v2\/comments?post=6915"}],"wp:featuredmedia":[{"embeddable":true,"href":"https:\/\/palmiyesusleme.com\/index.php\/wp-json\/wp\/v2\/media\/6916"}],"wp:attachment":[{"href":"https:\/\/palmiyesusleme.com\/index.php\/wp-json\/wp\/v2\/media?parent=6915"}],"wp:term":[{"taxonomy":"product_cat","embeddable":true,"href":"https:\/\/palmiyesusleme.com\/index.php\/wp-json\/wp\/v2\/product_cat?post=6915"},{"taxonomy":"product_tag","embeddable":true,"href":"https:\/\/palmiyesusleme.com\/index.php\/wp-json\/wp\/v2\/product_tag?post=6915"}],"curies":[{"name":"wp","href":"https:\/\/api.w.org\/{rel}","templated":true}]}}