{"id":6917,"date":"2024-03-07T16:11:01","date_gmt":"2024-03-07T13:11:01","guid":{"rendered":"https:\/\/palmiyesusleme.com\/index.php\/urun\/peak-sandalye-kodu7401\/"},"modified":"2024-03-07T16:11:13","modified_gmt":"2024-03-07T13:11:13","slug":"peak-sandalye-kodu7401","status":"publish","type":"product","link":"https:\/\/palmiyesusleme.com\/index.php\/urun\/peak-sandalye-kodu7401\/","title":{"rendered":"Peak Sandalye kodu:7401"},"content":{"rendered":"<p>&lt;p&gt;Sa\u011flam ve kaliteli bir se\u00e7im&#8230;&amp;nbsp; Metal , Elektrostatik ral metal , D\u00f6\u015femeli sandalyemiz ile eviniz\/salonunuz bir saraya d\u00f6n\u00fc\u015fecek.&lt;\/p&gt;&lt;p&gt;&lt;b&gt;Peak sandalyeler&lt;\/b&gt;, bak\u0131m\u0131 kolay mobilyalar aras\u0131ndad\u0131r. E\u011fer bir \u015feyler lekelenmi\u015fse, nemli bir bezle silebilirsiniz. \u00d6zellikle nemli bez h\u0131zl\u0131 bir \u015fekilde lekeleri temizler. Bu nedenle bir yemek sandalyesinde, \u00f6zellikle daha dayan\u0131kl\u0131 ve kolayca temizlenebilen boyal\u0131 ve cilal\u0131 modeller tercih edilebilir.&amp;nbsp; Kullan\u0131ld\u0131klar\u0131 mekana \u015f\u0131k ve estetik bir atmosfer katmaktad\u0131r.&amp;nbsp;&lt;\/p&gt;&lt;p&gt;&lt;br&gt;&lt;\/p&gt;&lt;p&gt;&lt;img src=&quot;https:\/\/www.palmiyekocak.com\/image\/urun-olculeri\/ahsap-klasik-kollu-sandalye-olculer.png&quot;&gt;&lt;br&gt;&lt;\/p&gt;&lt;p&gt;&lt;br&gt;&lt;\/p&gt;&lt;table class=&quot;table table-bordered&quot; style=&quot;background-color: rgb(255, 255, 255); width: 867.309px;&quot;&gt;&lt;tbody&gt;&lt;tr&gt;&lt;td style=&quot;line-height: 1.42857;&quot;&gt;Geni\u015flik&lt;\/td&gt;&lt;td style=&quot;line-height: 1.42857;&quot;&gt;53 cm&amp;nbsp;&lt;\/td&gt;&lt;\/tr&gt;&lt;tr&gt;&lt;td style=&quot;line-height: 1.42857;&quot;&gt;Oturum Y\u00fckseli\u011fi&lt;\/td&gt;&lt;td style=&quot;line-height: 1.42857;&quot;&gt;54 cm&amp;nbsp;&lt;\/td&gt;&lt;\/tr&gt;&lt;tr&gt;&lt;td style=&quot;line-height: 1.42857;&quot;&gt;Derinlik&lt;\/td&gt;&lt;td style=&quot;line-height: 1.42857;&quot;&gt;44 cm&amp;nbsp;&lt;\/td&gt;&lt;\/tr&gt;&lt;tr&gt;&lt;td style=&quot;line-height: 1.42857;&quot;&gt;Y\u00fckseklik&lt;br&gt;&lt;\/td&gt;&lt;td style=&quot;line-height: 1.42857;&quot;&gt;84 cm&lt;\/td&gt;&lt;\/tr&gt;&lt;\/tbody&gt;&lt;\/table&gt;&lt;p&gt;\u0130ste\u011fe \u00f6zel olarak malzeme cinsinde (Metal,Elektrostatik ral boyal\u0131,D\u00f6\u015femeli) ve \u00fcr\u00fcn \u00f6l\u00e7\u00fclerinde de\u011fi\u015fiklik yap\u0131labilir.&lt;\/p&gt;&lt;table class=&quot;table table-bordered&quot; style=&quot;background-color: rgb(255, 255, 255); width: 867.309px;&quot;&gt;&lt;tbody&gt;&lt;tr&gt;&lt;td colspan=&quot;4&quot; class=&quot;text-center&quot; style=&quot;line-height: 1.42857;&quot;&gt;&lt;img src=&quot;https:\/\/www.palmiyekocak.com\/image\/urun-olculeri\/ahsap-klasik-kollu-sandalye-olculer.png&quot; alt=&quot;\u00d6l\u00e7\u00fc&quot;&gt;&lt;\/td&gt;&lt;\/tr&gt;&lt;tr&gt;&lt;td class=&quot;text-center&quot; style=&quot;line-height: 1.42857;&quot;&gt;&lt;span class=&quot;text-center&quot; style=&quot;vertical-align: middle;&quot;&gt;&lt;strong&gt;Geni\u015flik&lt;\/strong&gt;&lt;\/span&gt;&lt;\/td&gt;&lt;td class=&quot;text-center&quot; style=&quot;line-height: 1.42857;&quot;&gt;&lt;span class=&quot;text-center&quot; style=&quot;vertical-align: middle;&quot;&gt;&lt;strong&gt;Oturum Y\u00fcksekli\u011fi&lt;\/strong&gt;&lt;\/span&gt;&lt;\/td&gt;&lt;td class=&quot;text-center&quot; style=&quot;line-height: 1.42857;&quot;&gt;&lt;span class=&quot;text-center&quot; style=&quot;vertical-align: middle;&quot;&gt;&lt;strong&gt;Derinlik&lt;\/strong&gt;&lt;\/span&gt;&lt;\/td&gt;&lt;td class=&quot;text-center&quot; style=&quot;line-height: 1.42857;&quot;&gt;&lt;span class=&quot;text-center&quot; style=&quot;vertical-align: middle;&quot;&gt;&lt;strong&gt;Y\u00fckseklik&lt;\/strong&gt;&lt;\/span&gt;&lt;\/td&gt;&lt;\/tr&gt;&lt;tr&gt;&lt;td class=&quot;text-center&quot; style=&quot;line-height: 1.42857;&quot;&gt;53 cm&amp;nbsp;&lt;\/td&gt;&lt;td class=&quot;text-center&quot; style=&quot;line-height: 1.42857;&quot;&gt;54 cm&amp;nbsp;&lt;\/td&gt;&lt;td class=&quot;text-center&quot; style=&quot;line-height: 1.42857;&quot;&gt;44 cm&amp;nbsp;&lt;\/td&gt;&lt;td class=&quot;text-center&quot; style=&quot;line-height: 1.42857;&quot;&gt;84 cm&amp;nbsp;&lt;\/td&gt;&lt;\/tr&gt;&lt;tr&gt;&lt;td class=&quot;text-center&quot; colspan=&quot;4&quot; style=&quot;line-height: 1.42857;&quot;&gt;\u0130ste\u011fe \u00f6zel olarak malzeme cinsinde (&lt;span style=&quot;text-align: start;&quot;&gt;Metal,Elektrostatik ral boyal\u0131,D\u00f6\u015femeli&lt;\/span&gt;) ve \u00fcr\u00fcn \u00f6l\u00e7\u00fclerinde de\u011fi\u015fiklik yap\u0131labilir.&lt;br&gt;&lt;br&gt;&lt;\/td&gt;&lt;\/tr&gt;&lt;\/tbody&gt;&lt;\/table&gt;<\/p>\n","protected":false},"excerpt":{"rendered":"<p>&lt;p&gt;Sa\u011flam ve kaliteli bir se\u00e7im&#8230;&amp;nbsp; Metal , Elektrostatik ral metal , D\u00f6\u015femeli sandalyemiz ile eviniz\/salonunuz bir saraya d\u00f6n\u00fc\u015fecek.&lt;\/p&gt;&lt;p&gt;&lt;b&gt;Peak sandalyeler&lt;\/b&gt;, bak\u0131m\u0131 kolay mobilyalar aras\u0131ndad\u0131r. E\u011fer bir \u015feyler lekelenmi\u015fse, nemli bir bezle silebilirsiniz. \u00d6zellikle nemli bez h\u0131zl\u0131 bir \u015fekilde lekeleri temizler. Bu nedenle bir yemek sandalyesinde, \u00f6zellikle daha dayan\u0131kl\u0131 ve kolayca temizlenebilen boyal\u0131 ve cilal\u0131 modeller tercih [&hellip;]<\/p>\n","protected":false},"featured_media":6918,"comment_status":"closed","ping_status":"open","template":"","meta":{"_joinchat":[]},"product_cat":[18],"product_tag":[],"class_list":{"0":"post-6917","1":"product","2":"type-product","3":"status-publish","4":"has-post-thumbnail","6":"product_cat-ic-mekan-metal-sandalye","8":"first","9":"instock","10":"product-type-simple"},"_links":{"self":[{"href":"https:\/\/palmiyesusleme.com\/index.php\/wp-json\/wp\/v2\/product\/6917","targetHints":{"allow":["GET"]}}],"collection":[{"href":"https:\/\/palmiyesusleme.com\/index.php\/wp-json\/wp\/v2\/product"}],"about":[{"href":"https:\/\/palmiyesusleme.com\/index.php\/wp-json\/wp\/v2\/types\/product"}],"replies":[{"embeddable":true,"href":"https:\/\/palmiyesusleme.com\/index.php\/wp-json\/wp\/v2\/comments?post=6917"}],"wp:featuredmedia":[{"embeddable":true,"href":"https:\/\/palmiyesusleme.com\/index.php\/wp-json\/wp\/v2\/media\/6918"}],"wp:attachment":[{"href":"https:\/\/palmiyesusleme.com\/index.php\/wp-json\/wp\/v2\/media?parent=6917"}],"wp:term":[{"taxonomy":"product_cat","embeddable":true,"href":"https:\/\/palmiyesusleme.com\/index.php\/wp-json\/wp\/v2\/product_cat?post=6917"},{"taxonomy":"product_tag","embeddable":true,"href":"https:\/\/palmiyesusleme.com\/index.php\/wp-json\/wp\/v2\/product_tag?post=6917"}],"curies":[{"name":"wp","href":"https:\/\/api.w.org\/{rel}","templated":true}]}}