{"id":6925,"date":"2024-03-07T16:11:01","date_gmt":"2024-03-07T13:11:01","guid":{"rendered":"https:\/\/palmiyesusleme.com\/index.php\/urun\/kato-doner-sandalye-mti7405\/"},"modified":"2024-03-07T16:11:16","modified_gmt":"2024-03-07T13:11:16","slug":"kato-doner-sandalye-mti7405","status":"publish","type":"product","link":"https:\/\/palmiyesusleme.com\/index.php\/urun\/kato-doner-sandalye-mti7405\/","title":{"rendered":"Kato  D\u00f6ner Sandalye mti7405"},"content":{"rendered":"<p>&lt;pre data-hook=&quot;description&quot; class=&quot;_28cEs&quot; style=&quot;margin-bottom: 0px; padding: 0px; border-width: 0px; border-style: initial; border-color: initial; outline: 0px; vertical-align: baseline; background: transparent; font-family: inherit; white-space: pre-wrap; word-break: break-word; text-overflow: ellipsis; font-size: 15px;&quot;&gt;&lt;p style=&quot;margin-bottom: 0px; padding: 0px; border: 0px; outline: 0px; vertical-align: baseline; background: transparent; font: inherit; white-space: normal;&quot;&gt;&lt;font color=&quot;#000000&quot;&gt;Kato D\u00f6ner Sandelyemiz; Metal Elektrostatik ral boyal\u0131d\u0131r , Kataforez yoktur , Ah\u015fap papel verniklidir. Kaymaz ayak taban\u0131na ba\u011fl\u0131d\u0131r . M\u00fc\u015fterimizin istek ve zevklerine g\u00f6re tasar\u0131m yap\u0131yoruz . Sandalyemiz ofis ve \u00e7al\u0131\u015fma odalar\u0131 i\u00e7in&amp;nbsp; ideal bir tasar\u0131md\u0131r&amp;nbsp; ayr\u0131ca sandalyemizin rahat olmas\u0131 da tasar\u0131m\u0131&amp;nbsp; kadar \u015fahanedir .&lt;\/font&gt;&lt;\/p&gt;&lt;p style=&quot;color: rgb(165, 177, 185); margin-bottom: 0px; padding: 0px; border: 0px; outline: 0px; vertical-align: baseline; background: transparent; font: inherit; white-space: normal;&quot;&gt;&lt;br&gt;&lt;\/p&gt;&lt;p style=&quot;color: rgb(165, 177, 185); margin-bottom: 0px; padding: 0px; border: 0px; outline: 0px; vertical-align: baseline; background: transparent; font: inherit; white-space: normal;&quot;&gt;&lt;br&gt;&lt;\/p&gt;&lt;p style=&quot;color: rgb(165, 177, 185); margin-bottom: 0px; padding: 0px; border: 0px; outline: 0px; vertical-align: baseline; background: transparent; font: inherit; white-space: normal;&quot;&gt;&lt;br&gt;&lt;\/p&gt;&lt;hr style=&quot;color: rgb(84, 84, 84); font-size: 13px; white-space: normal;&quot;&gt;&lt;p style=&quot;color: rgb(84, 84, 84); font-size: 13px; white-space: normal;&quot;&gt;&lt;img src=&quot;https:\/\/www.palmiyekocak.com\/image\/urun-olculeri\/ahsap-klasik-kollu-sandalye-olculer.png&quot;&gt;&lt;br&gt;&lt;\/p&gt;&lt;p style=&quot;color: rgb(84, 84, 84); font-size: 13px; white-space: normal;&quot;&gt;&lt;br&gt;&lt;\/p&gt;&lt;table class=&quot;table table-bordered&quot; style=&quot;background-color: rgb(255, 255, 255); width: 867.309px; color: rgb(84, 84, 84); font-size: 13px; white-space: normal;&quot;&gt;&lt;tbody&gt;&lt;tr&gt;&lt;td style=&quot;line-height: 1.42857;&quot;&gt;Geni\u015flik&lt;\/td&gt;&lt;td style=&quot;line-height: 1.42857;&quot;&gt;&lt;\/td&gt;&lt;\/tr&gt;&lt;tr&gt;&lt;td style=&quot;line-height: 1.42857;&quot;&gt;Oturum Y\u00fckseli\u011fi&lt;\/td&gt;&lt;td style=&quot;line-height: 1.42857;&quot;&gt;&lt;\/td&gt;&lt;\/tr&gt;&lt;tr&gt;&lt;td style=&quot;line-height: 1.42857;&quot;&gt;Derinlik&lt;\/td&gt;&lt;td style=&quot;line-height: 1.42857;&quot;&gt;&lt;\/td&gt;&lt;\/tr&gt;&lt;tr&gt;&lt;td style=&quot;line-height: 1.42857;&quot;&gt;Y\u00fckseklik&lt;\/td&gt;&lt;td style=&quot;line-height: 1.42857;&quot;&gt;&lt;br&gt;&lt;\/td&gt;&lt;\/tr&gt;&lt;\/tbody&gt;&lt;\/table&gt;&lt;p style=&quot;color: rgb(84, 84, 84); font-size: 13px; white-space: normal;&quot;&gt;\u0130ste\u011fe \u00f6zel olarak malzeme cinsinde (KATO D\u00d6NER SANDALYE) ve \u00fcr\u00fcn \u00f6l\u00e7\u00fclerinde de\u011fi\u015fiklik yap\u0131labilir.&lt;\/p&gt;&lt;table class=&quot;table table-bordered&quot; style=&quot;background-color: rgb(255, 255, 255); width: 867.309px; color: rgb(84, 84, 84); font-size: 13px; white-space: normal;&quot;&gt;&lt;tbody&gt;&lt;tr&gt;&lt;td colspan=&quot;4&quot; class=&quot;text-center&quot; style=&quot;line-height: 1.42857;&quot;&gt;&lt;img src=&quot;https:\/\/www.palmiyekocak.com\/image\/urun-olculeri\/ahsap-klasik-kollu-sandalye-olculer.png&quot; alt=&quot;\u00d6l\u00e7\u00fc&quot;&gt;&lt;\/td&gt;&lt;\/tr&gt;&lt;tr&gt;&lt;td class=&quot;text-center&quot; style=&quot;line-height: 1.42857;&quot;&gt;&lt;span class=&quot;text-center&quot; style=&quot;vertical-align: middle;&quot;&gt;&lt;strong&gt;Geni\u015flik&lt;\/strong&gt;&lt;\/span&gt;&lt;\/td&gt;&lt;td class=&quot;text-center&quot; style=&quot;line-height: 1.42857;&quot;&gt;&lt;span class=&quot;text-center&quot; style=&quot;vertical-align: middle;&quot;&gt;&lt;strong&gt;Oturum Y\u00fcksekli\u011fi&lt;\/strong&gt;&lt;\/span&gt;&lt;\/td&gt;&lt;td class=&quot;text-center&quot; style=&quot;line-height: 1.42857;&quot;&gt;&lt;span class=&quot;text-center&quot; style=&quot;vertical-align: middle;&quot;&gt;&lt;strong&gt;Derinlik&lt;\/strong&gt;&lt;\/span&gt;&lt;\/td&gt;&lt;td class=&quot;text-center&quot; style=&quot;line-height: 1.42857;&quot;&gt;&lt;span class=&quot;text-center&quot; style=&quot;vertical-align: middle;&quot;&gt;&lt;strong&gt;Y\u00fckseklik&lt;\/strong&gt;&lt;\/span&gt;&lt;\/td&gt;&lt;\/tr&gt;&lt;tr&gt;&lt;td class=&quot;text-center&quot; style=&quot;line-height: 1.42857;&quot;&gt;&lt;br&gt;&lt;\/td&gt;&lt;td class=&quot;text-center&quot; style=&quot;line-height: 1.42857;&quot;&gt;&lt;br&gt;&lt;\/td&gt;&lt;td class=&quot;text-center&quot; style=&quot;line-height: 1.42857;&quot;&gt;&lt;\/td&gt;&lt;td class=&quot;text-center&quot; style=&quot;line-height: 1.42857;&quot;&gt;&lt;br&gt;&lt;\/td&gt;&lt;\/tr&gt;&lt;tr&gt;&lt;td class=&quot;text-center&quot; colspan=&quot;4&quot; style=&quot;line-height: 1.42857;&quot;&gt;\u0130ste\u011fe \u00f6zel olarak malzeme cinsinde (KATO D\u00d6NER SANDALYE) ve \u00fcr\u00fcn \u00f6l\u00e7\u00fclerinde de\u011fi\u015fiklik yap\u0131labilir.&lt;br&gt;&lt;br&gt;&lt;\/td&gt;&lt;\/tr&gt;&lt;\/tbody&gt;&lt;\/table&gt;&lt;\/pre&gt;<\/p>\n","protected":false},"excerpt":{"rendered":"<p>&lt;pre data-hook=&quot;description&quot; class=&quot;_28cEs&quot; style=&quot;margin-bottom: 0px; padding: 0px; border-width: 0px; border-style: initial; border-color: initial; outline: 0px; vertical-align: baseline; background: transparent; font-family: inherit; white-space: pre-wrap; word-break: break-word; text-overflow: ellipsis; font-size: 15px;&quot;&gt;&lt;p style=&quot;margin-bottom: 0px; padding: 0px; border: 0px; outline: 0px; vertical-align: baseline; background: transparent; font: inherit; white-space: normal;&quot;&gt;&lt;font color=&quot;#000000&quot;&gt;Kato D\u00f6ner Sandelyemiz; Metal Elektrostatik ral boyal\u0131d\u0131r , Kataforez yoktur [&hellip;]<\/p>\n","protected":false},"featured_media":6926,"comment_status":"closed","ping_status":"open","template":"","meta":{"_joinchat":[]},"product_cat":[18],"product_tag":[],"class_list":{"0":"post-6925","1":"product","2":"type-product","3":"status-publish","4":"has-post-thumbnail","6":"product_cat-ic-mekan-metal-sandalye","8":"first","9":"instock","10":"product-type-simple"},"_links":{"self":[{"href":"https:\/\/palmiyesusleme.com\/index.php\/wp-json\/wp\/v2\/product\/6925","targetHints":{"allow":["GET"]}}],"collection":[{"href":"https:\/\/palmiyesusleme.com\/index.php\/wp-json\/wp\/v2\/product"}],"about":[{"href":"https:\/\/palmiyesusleme.com\/index.php\/wp-json\/wp\/v2\/types\/product"}],"replies":[{"embeddable":true,"href":"https:\/\/palmiyesusleme.com\/index.php\/wp-json\/wp\/v2\/comments?post=6925"}],"wp:featuredmedia":[{"embeddable":true,"href":"https:\/\/palmiyesusleme.com\/index.php\/wp-json\/wp\/v2\/media\/6926"}],"wp:attachment":[{"href":"https:\/\/palmiyesusleme.com\/index.php\/wp-json\/wp\/v2\/media?parent=6925"}],"wp:term":[{"taxonomy":"product_cat","embeddable":true,"href":"https:\/\/palmiyesusleme.com\/index.php\/wp-json\/wp\/v2\/product_cat?post=6925"},{"taxonomy":"product_tag","embeddable":true,"href":"https:\/\/palmiyesusleme.com\/index.php\/wp-json\/wp\/v2\/product_tag?post=6925"}],"curies":[{"name":"wp","href":"https:\/\/api.w.org\/{rel}","templated":true}]}}