{"id":6936,"date":"2024-03-07T16:11:21","date_gmt":"2024-03-07T13:11:21","guid":{"rendered":"https:\/\/palmiyesusleme.com\/index.php\/urun\/oval-fileli-kollu-ic-mekan-metal-sandalye-mti7411\/"},"modified":"2024-03-07T16:11:22","modified_gmt":"2024-03-07T13:11:22","slug":"oval-fileli-kollu-ic-mekan-metal-sandalye-mti7411","status":"publish","type":"product","link":"https:\/\/palmiyesusleme.com\/index.php\/urun\/oval-fileli-kollu-ic-mekan-metal-sandalye-mti7411\/","title":{"rendered":"Oval Fileli Kollu \u0130\u00e7 Mekan Metal Sandalye mti7411"},"content":{"rendered":"<p>&lt;p&gt;Oval Fileli Kollu \u0130\u00e7 Mekan Metal metal elektrostatik ral boyal\u0131, kataforez yoktur ,sabit minderlidir. \u015f\u0131k tasar\u0131m\u0131 ile g\u00f6z kama\u015ft\u0131ran Opus Kollu sandalyemiz kafe ve otel localar\u0131 i\u00e7in m\u00fcthi\u015f bir yap\u0131ya sahiptir. zarif ve \u015f\u0131k ahenkleriyle bir araya gelen sandalyemiz kafe ve otel localar\u0131n\u0131z\u0131 birer saraya d\u00f6n\u00fc\u015ft\u00fcrecek tas\u0131md\u0131r .&lt;\/p&gt;&lt;p&gt;&lt;img src=&quot;https:\/\/www.palmiyekocak.com\/image\/urun-olculeri\/ahsap-klasik-kollu-sandalye-olculer.png&quot;&gt;&lt;br&gt;&lt;\/p&gt;&lt;p&gt;&lt;br&gt;&lt;\/p&gt;&lt;table class=&quot;table table-bordered&quot; style=&quot;background-color: rgb(255, 255, 255); width: 867.309px;&quot;&gt;&lt;tbody&gt;&lt;tr&gt;&lt;td style=&quot;line-height: 1.42857;&quot;&gt;Geni\u015flik&lt;\/td&gt;&lt;td style=&quot;line-height: 1.42857;&quot;&gt;59 cm&amp;nbsp;&lt;\/td&gt;&lt;\/tr&gt;&lt;tr&gt;&lt;td style=&quot;line-height: 1.42857;&quot;&gt;Oturum Y\u00fckseli\u011fi&lt;\/td&gt;&lt;td style=&quot;line-height: 1.42857;&quot;&gt;61 cm&amp;nbsp;&lt;\/td&gt;&lt;\/tr&gt;&lt;tr&gt;&lt;td style=&quot;line-height: 1.42857;&quot;&gt;Derinlik&lt;\/td&gt;&lt;td style=&quot;line-height: 1.42857;&quot;&gt;44 cm&amp;nbsp;&lt;\/td&gt;&lt;\/tr&gt;&lt;tr&gt;&lt;td style=&quot;line-height: 1.42857;&quot;&gt;Y\u00fckseklik&lt;\/td&gt;&lt;td style=&quot;line-height: 1.42857;&quot;&gt;59 cm&amp;nbsp;&lt;\/td&gt;&lt;\/tr&gt;&lt;\/tbody&gt;&lt;\/table&gt;&lt;p&gt;\u0130ste\u011fe \u00f6zel olarak malzeme cinsinde (&amp;nbsp;metal elektrostatik ral boyal\u0131, kataforez yoktur ,sabit minderlidir) ve \u00fcr\u00fcn \u00f6l\u00e7\u00fclerinde de\u011fi\u015fiklik yap\u0131labilir.&lt;\/p&gt;&lt;table class=&quot;table table-bordered&quot; style=&quot;background-color: rgb(255, 255, 255); width: 867.309px;&quot;&gt;&lt;tbody&gt;&lt;tr&gt;&lt;td colspan=&quot;4&quot; class=&quot;text-center&quot; style=&quot;line-height: 1.42857;&quot;&gt;&lt;img src=&quot;https:\/\/www.palmiyekocak.com\/image\/urun-olculeri\/ahsap-klasik-kollu-sandalye-olculer.png&quot; alt=&quot;\u00d6l\u00e7\u00fc&quot;&gt;&lt;\/td&gt;&lt;\/tr&gt;&lt;tr&gt;&lt;td class=&quot;text-center&quot; style=&quot;line-height: 1.42857;&quot;&gt;&lt;span class=&quot;text-center&quot; style=&quot;vertical-align: middle;&quot;&gt;&lt;strong&gt;Geni\u015flik&lt;\/strong&gt;&lt;\/span&gt;&lt;\/td&gt;&lt;td class=&quot;text-center&quot; style=&quot;line-height: 1.42857;&quot;&gt;&lt;span class=&quot;text-center&quot; style=&quot;vertical-align: middle;&quot;&gt;&lt;strong&gt;Oturum Y\u00fcksekli\u011fi&lt;\/strong&gt;&lt;\/span&gt;&lt;\/td&gt;&lt;td class=&quot;text-center&quot; style=&quot;line-height: 1.42857;&quot;&gt;&lt;span class=&quot;text-center&quot; style=&quot;vertical-align: middle;&quot;&gt;&lt;strong&gt;Derinlik&lt;\/strong&gt;&lt;\/span&gt;&lt;\/td&gt;&lt;td class=&quot;text-center&quot; style=&quot;line-height: 1.42857;&quot;&gt;&lt;span class=&quot;text-center&quot; style=&quot;vertical-align: middle;&quot;&gt;&lt;strong&gt;Y\u00fckseklik&lt;\/strong&gt;&lt;\/span&gt;&lt;\/td&gt;&lt;\/tr&gt;&lt;tr&gt;&lt;td class=&quot;text-center&quot; style=&quot;line-height: 1.42857;&quot;&gt;59 cm&amp;nbsp;&lt;\/td&gt;&lt;td class=&quot;text-center&quot; style=&quot;line-height: 1.42857;&quot;&gt;61 cm&amp;nbsp;&lt;\/td&gt;&lt;td class=&quot;text-center&quot; style=&quot;line-height: 1.42857;&quot;&gt;44 cm&amp;nbsp;&lt;\/td&gt;&lt;td class=&quot;text-center&quot; style=&quot;line-height: 1.42857;&quot;&gt;89 cm&amp;nbsp;&lt;\/td&gt;&lt;\/tr&gt;&lt;tr&gt;&lt;td class=&quot;text-center&quot; colspan=&quot;4&quot; style=&quot;line-height: 1.42857;&quot;&gt;\u0130ste\u011fe \u00f6zel olarak malzeme cinsinde (&lt;span style=&quot;text-align: start;&quot;&gt;&amp;nbsp;metal elektrostatik ral boyal\u0131, kataforez yoktur ,sabit minderlidir&lt;\/span&gt;) ve \u00fcr\u00fcn \u00f6l\u00e7\u00fclerinde de\u011fi\u015fiklik yap\u0131labilir.&lt;br&gt;&lt;br&gt;&lt;\/td&gt;&lt;\/tr&gt;&lt;\/tbody&gt;&lt;\/table&gt;<\/p>\n","protected":false},"excerpt":{"rendered":"<p>&lt;p&gt;Oval Fileli Kollu \u0130\u00e7 Mekan Metal metal elektrostatik ral boyal\u0131, kataforez yoktur ,sabit minderlidir. \u015f\u0131k tasar\u0131m\u0131 ile g\u00f6z kama\u015ft\u0131ran Opus Kollu sandalyemiz kafe ve otel localar\u0131 i\u00e7in m\u00fcthi\u015f bir yap\u0131ya sahiptir. zarif ve \u015f\u0131k ahenkleriyle bir araya gelen sandalyemiz kafe ve otel localar\u0131n\u0131z\u0131 birer saraya d\u00f6n\u00fc\u015ft\u00fcrecek tas\u0131md\u0131r .&lt;\/p&gt;&lt;p&gt;&lt;img src=&quot;https:\/\/www.palmiyekocak.com\/image\/urun-olculeri\/ahsap-klasik-kollu-sandalye-olculer.png&quot;&gt;&lt;br&gt;&lt;\/p&gt;&lt;p&gt;&lt;br&gt;&lt;\/p&gt;&lt;table class=&quot;table table-bordered&quot; style=&quot;background-color: rgb(255, 255, 255); [&hellip;]<\/p>\n","protected":false},"featured_media":6937,"comment_status":"closed","ping_status":"open","template":"","meta":{"_joinchat":[]},"product_cat":[18],"product_tag":[],"class_list":{"0":"post-6936","1":"product","2":"type-product","3":"status-publish","4":"has-post-thumbnail","6":"product_cat-ic-mekan-metal-sandalye","8":"first","9":"instock","10":"product-type-simple"},"_links":{"self":[{"href":"https:\/\/palmiyesusleme.com\/index.php\/wp-json\/wp\/v2\/product\/6936","targetHints":{"allow":["GET"]}}],"collection":[{"href":"https:\/\/palmiyesusleme.com\/index.php\/wp-json\/wp\/v2\/product"}],"about":[{"href":"https:\/\/palmiyesusleme.com\/index.php\/wp-json\/wp\/v2\/types\/product"}],"replies":[{"embeddable":true,"href":"https:\/\/palmiyesusleme.com\/index.php\/wp-json\/wp\/v2\/comments?post=6936"}],"wp:featuredmedia":[{"embeddable":true,"href":"https:\/\/palmiyesusleme.com\/index.php\/wp-json\/wp\/v2\/media\/6937"}],"wp:attachment":[{"href":"https:\/\/palmiyesusleme.com\/index.php\/wp-json\/wp\/v2\/media?parent=6936"}],"wp:term":[{"taxonomy":"product_cat","embeddable":true,"href":"https:\/\/palmiyesusleme.com\/index.php\/wp-json\/wp\/v2\/product_cat?post=6936"},{"taxonomy":"product_tag","embeddable":true,"href":"https:\/\/palmiyesusleme.com\/index.php\/wp-json\/wp\/v2\/product_tag?post=6936"}],"curies":[{"name":"wp","href":"https:\/\/api.w.org\/{rel}","templated":true}]}}