{"id":6967,"date":"2024-03-07T16:11:21","date_gmt":"2024-03-07T13:11:21","guid":{"rendered":"https:\/\/palmiyesusleme.com\/index.php\/urun\/lata-sandalye-mti7430\/"},"modified":"2024-03-07T16:11:32","modified_gmt":"2024-03-07T13:11:32","slug":"lata-sandalye-mti7430","status":"publish","type":"product","link":"https:\/\/palmiyesusleme.com\/index.php\/urun\/lata-sandalye-mti7430\/","title":{"rendered":"Lata Sandalye mti7430"},"content":{"rendered":"<p>&lt;p&gt;LATA SANDALYE farkl\u0131 bir tasar\u0131m\u0131yla kar\u015f\u0131n\u0131zda bah\u00e7e ve kafe gibi alanlarda farkl\u0131 bir hava olu\u015fturabilir, metal ayakl\u0131 ve \u00e7am a\u011fac\u0131ndan yap\u0131lma k\u0131s\u0131mlar\u0131yla herkesi kendisine mest edebilir. \u00dcr\u00fcn \u00f6zelli\u011fi ise \u00e7am a\u011fac\u0131 oturum, metal elektrostatik ral boyal\u0131 ve kataforez yoktur .&lt;\/p&gt;&lt;p&gt;&lt;br&gt;&lt;\/p&gt;&lt;p&gt;&lt;br&gt;&lt;\/p&gt;&lt;hr&gt;&lt;p&gt;&lt;img src=&quot;https:\/\/www.palmiyekocak.com\/image\/urun-olculeri\/ahsap-klasik-kollu-sandalye-olculer.png&quot;&gt;&lt;br&gt;&lt;\/p&gt;&lt;p&gt;&lt;br&gt;&lt;\/p&gt;&lt;table class=&quot;table table-bordered&quot; style=&quot;background-color: rgb(255, 255, 255); width: 867.309px;&quot;&gt;&lt;tbody&gt;&lt;tr&gt;&lt;td style=&quot;line-height: 1.42857;&quot;&gt;Geni\u015flik&lt;\/td&gt;&lt;td style=&quot;line-height: 1.42857;&quot;&gt;53 cm&amp;nbsp;&lt;\/td&gt;&lt;\/tr&gt;&lt;tr&gt;&lt;td style=&quot;line-height: 1.42857;&quot;&gt;Oturum Y\u00fckseli\u011fi&lt;\/td&gt;&lt;td style=&quot;line-height: 1.42857;&quot;&gt;56 cm&lt;\/td&gt;&lt;\/tr&gt;&lt;tr&gt;&lt;td style=&quot;line-height: 1.42857;&quot;&gt;Derinlik&lt;\/td&gt;&lt;td style=&quot;line-height: 1.42857;&quot;&gt;44 cm&lt;\/td&gt;&lt;\/tr&gt;&lt;tr&gt;&lt;td style=&quot;line-height: 1.42857;&quot;&gt;Y\u00fckseklik&lt;\/td&gt;&lt;td style=&quot;line-height: 1.42857;&quot;&gt;78 cm&amp;nbsp;&lt;\/td&gt;&lt;\/tr&gt;&lt;\/tbody&gt;&lt;\/table&gt;&lt;p&gt;\u0130ste\u011fe \u00f6zel olarak malzeme cinsinde (\u00e7am a\u011fac\u0131 oturum, metal elektrostatik ral boyal\u0131 ve kataforez yoktur .) ve \u00fcr\u00fcn \u00f6l\u00e7\u00fclerinde de\u011fi\u015fiklik yap\u0131labilir.&lt;\/p&gt;&lt;table class=&quot;table table-bordered&quot; style=&quot;background-color: rgb(255, 255, 255); width: 867.309px;&quot;&gt;&lt;tbody&gt;&lt;tr&gt;&lt;td colspan=&quot;4&quot; class=&quot;text-center&quot; style=&quot;line-height: 1.42857;&quot;&gt;&lt;img src=&quot;https:\/\/www.palmiyekocak.com\/image\/urun-olculeri\/ahsap-klasik-kollu-sandalye-olculer.png&quot; alt=&quot;\u00d6l\u00e7\u00fc&quot;&gt;&lt;\/td&gt;&lt;\/tr&gt;&lt;tr&gt;&lt;td class=&quot;text-center&quot; style=&quot;line-height: 1.42857;&quot;&gt;&lt;span class=&quot;text-center&quot; style=&quot;vertical-align: middle;&quot;&gt;&lt;strong&gt;Geni\u015flik&lt;\/strong&gt;&lt;\/span&gt;&lt;\/td&gt;&lt;td class=&quot;text-center&quot; style=&quot;line-height: 1.42857;&quot;&gt;&lt;span class=&quot;text-center&quot; style=&quot;vertical-align: middle;&quot;&gt;&lt;strong&gt;Oturum Y\u00fcksekli\u011fi&lt;\/strong&gt;&lt;\/span&gt;&lt;\/td&gt;&lt;td class=&quot;text-center&quot; style=&quot;line-height: 1.42857;&quot;&gt;&lt;span class=&quot;text-center&quot; style=&quot;vertical-align: middle;&quot;&gt;&lt;strong&gt;Derinlik&lt;\/strong&gt;&lt;\/span&gt;&lt;\/td&gt;&lt;td class=&quot;text-center&quot; style=&quot;line-height: 1.42857;&quot;&gt;&lt;span class=&quot;text-center&quot; style=&quot;vertical-align: middle;&quot;&gt;&lt;strong&gt;Y\u00fckseklik&lt;\/strong&gt;&lt;\/span&gt;&lt;\/td&gt;&lt;\/tr&gt;&lt;tr&gt;&lt;td class=&quot;text-center&quot; style=&quot;line-height: 1.42857;&quot;&gt;53 cm&lt;\/td&gt;&lt;td class=&quot;text-center&quot; style=&quot;line-height: 1.42857;&quot;&gt;56 cm&lt;\/td&gt;&lt;td class=&quot;text-center&quot; style=&quot;line-height: 1.42857;&quot;&gt;44 cm&lt;\/td&gt;&lt;td class=&quot;text-center&quot; style=&quot;line-height: 1.42857;&quot;&gt;78 cm&lt;\/td&gt;&lt;\/tr&gt;&lt;tr&gt;&lt;td class=&quot;text-center&quot; colspan=&quot;4&quot; style=&quot;line-height: 1.42857;&quot;&gt;\u0130ste\u011fe \u00f6zel olarak malzeme cinsinde (&lt;span style=&quot;text-align: start;&quot;&gt;\u00e7am a\u011fac\u0131 oturum, metal elektrostatik ral boyal\u0131 ve kataforez yoktur .&lt;\/span&gt;) ve \u00fcr\u00fcn \u00f6l\u00e7\u00fclerinde de\u011fi\u015fiklik yap\u0131labilir.&lt;br&gt;&lt;br&gt;&lt;\/td&gt;&lt;\/tr&gt;&lt;\/tbody&gt;&lt;\/table&gt;<\/p>\n","protected":false},"excerpt":{"rendered":"<p>&lt;p&gt;LATA SANDALYE farkl\u0131 bir tasar\u0131m\u0131yla kar\u015f\u0131n\u0131zda bah\u00e7e ve kafe gibi alanlarda farkl\u0131 bir hava olu\u015fturabilir, metal ayakl\u0131 ve \u00e7am a\u011fac\u0131ndan yap\u0131lma k\u0131s\u0131mlar\u0131yla herkesi kendisine mest edebilir. \u00dcr\u00fcn \u00f6zelli\u011fi ise \u00e7am a\u011fac\u0131 oturum, metal elektrostatik ral boyal\u0131 ve kataforez yoktur .&lt;\/p&gt;&lt;p&gt;&lt;br&gt;&lt;\/p&gt;&lt;p&gt;&lt;br&gt;&lt;\/p&gt;&lt;hr&gt;&lt;p&gt;&lt;img src=&quot;https:\/\/www.palmiyekocak.com\/image\/urun-olculeri\/ahsap-klasik-kollu-sandalye-olculer.png&quot;&gt;&lt;br&gt;&lt;\/p&gt;&lt;p&gt;&lt;br&gt;&lt;\/p&gt;&lt;table class=&quot;table table-bordered&quot; style=&quot;background-color: rgb(255, 255, 255); width: 867.309px;&quot;&gt;&lt;tbody&gt;&lt;tr&gt;&lt;td style=&quot;line-height: 1.42857;&quot;&gt;Geni\u015flik&lt;\/td&gt;&lt;td style=&quot;line-height: 1.42857;&quot;&gt;53 cm&amp;nbsp;&lt;\/td&gt;&lt;\/tr&gt;&lt;tr&gt;&lt;td style=&quot;line-height: [&hellip;]<\/p>\n","protected":false},"featured_media":6968,"comment_status":"closed","ping_status":"open","template":"","meta":{"_joinchat":[]},"product_cat":[18],"product_tag":[],"class_list":{"0":"post-6967","1":"product","2":"type-product","3":"status-publish","4":"has-post-thumbnail","6":"product_cat-ic-mekan-metal-sandalye","8":"first","9":"instock","10":"product-type-simple"},"_links":{"self":[{"href":"https:\/\/palmiyesusleme.com\/index.php\/wp-json\/wp\/v2\/product\/6967","targetHints":{"allow":["GET"]}}],"collection":[{"href":"https:\/\/palmiyesusleme.com\/index.php\/wp-json\/wp\/v2\/product"}],"about":[{"href":"https:\/\/palmiyesusleme.com\/index.php\/wp-json\/wp\/v2\/types\/product"}],"replies":[{"embeddable":true,"href":"https:\/\/palmiyesusleme.com\/index.php\/wp-json\/wp\/v2\/comments?post=6967"}],"wp:featuredmedia":[{"embeddable":true,"href":"https:\/\/palmiyesusleme.com\/index.php\/wp-json\/wp\/v2\/media\/6968"}],"wp:attachment":[{"href":"https:\/\/palmiyesusleme.com\/index.php\/wp-json\/wp\/v2\/media?parent=6967"}],"wp:term":[{"taxonomy":"product_cat","embeddable":true,"href":"https:\/\/palmiyesusleme.com\/index.php\/wp-json\/wp\/v2\/product_cat?post=6967"},{"taxonomy":"product_tag","embeddable":true,"href":"https:\/\/palmiyesusleme.com\/index.php\/wp-json\/wp\/v2\/product_tag?post=6967"}],"curies":[{"name":"wp","href":"https:\/\/api.w.org\/{rel}","templated":true}]}}