{"id":7012,"date":"2024-03-07T16:11:54","date_gmt":"2024-03-07T13:11:54","guid":{"rendered":"https:\/\/palmiyesusleme.com\/index.php\/urun\/galaxy-b-sandalye-mti7455\/"},"modified":"2024-03-07T16:11:55","modified_gmt":"2024-03-07T13:11:55","slug":"galaxy-b-sandalye-mti7455","status":"publish","type":"product","link":"https:\/\/palmiyesusleme.com\/index.php\/urun\/galaxy-b-sandalye-mti7455\/","title":{"rendered":"Galaxy b Sandalye mti7455"},"content":{"rendered":"<p>&lt;p&gt;Galaxy b Sandalye t\u00fcm mekanlara uyum sa\u011flayan tasar\u0131m\u0131 ile \u00fcr\u00fcn\u00fcm\u00fcz kar\u015f\u0131nzda .&amp;nbsp; \u00dcr\u00fcn \u00f6zellikleri metal elektrostatik ral boyal\u0131, kataforez yoktur ve sabit minderlidir .&lt;\/p&gt;&lt;p&gt;&lt;br&gt;&lt;\/p&gt;&lt;p&gt;&lt;br&gt;&lt;\/p&gt;&lt;p&gt;&lt;img src=&quot;https:\/\/www.palmiyekocak.com\/image\/urun-olculeri\/ahsap-klasik-kollu-sandalye-olculer.png&quot;&gt;&lt;br&gt;&lt;\/p&gt;&lt;p&gt;&lt;br&gt;&lt;\/p&gt;&lt;table class=&quot;table table-bordered&quot; style=&quot;background-color: rgb(255, 255, 255); width: 867.309px;&quot;&gt;&lt;tbody&gt;&lt;tr&gt;&lt;td style=&quot;line-height: 1.42857;&quot;&gt;Geni\u015flik&lt;\/td&gt;&lt;td style=&quot;line-height: 1.42857;&quot;&gt;54 cm&amp;nbsp;&lt;\/td&gt;&lt;\/tr&gt;&lt;tr&gt;&lt;td style=&quot;line-height: 1.42857;&quot;&gt;Oturum Y\u00fckseli\u011fi&lt;\/td&gt;&lt;td style=&quot;line-height: 1.42857;&quot;&gt;44 cm&amp;nbsp;&lt;\/td&gt;&lt;\/tr&gt;&lt;tr&gt;&lt;td style=&quot;line-height: 1.42857;&quot;&gt;Derinlik&lt;\/td&gt;&lt;td style=&quot;line-height: 1.42857;&quot;&gt;46 cm&amp;nbsp;&lt;\/td&gt;&lt;\/tr&gt;&lt;tr&gt;&lt;td style=&quot;line-height: 1.42857;&quot;&gt;Y\u00fckseklik&lt;br&gt;&lt;\/td&gt;&lt;td style=&quot;line-height: 1.42857;&quot;&gt;80 cm&amp;nbsp;&lt;\/td&gt;&lt;\/tr&gt;&lt;\/tbody&gt;&lt;\/table&gt;&lt;p&gt;\u0130ste\u011fe \u00f6zel olarak malzeme cinsinde (metal ,elektrostatik ral boyal\u0131 ve d\u00f6\u015femelidir.) ve \u00fcr\u00fcn \u00f6l\u00e7\u00fclerinde de\u011fi\u015fiklik yap\u0131labilir.&lt;\/p&gt;&lt;table class=&quot;table table-bordered&quot; style=&quot;background-color: rgb(255, 255, 255); width: 867.309px;&quot;&gt;&lt;tbody&gt;&lt;tr&gt;&lt;td colspan=&quot;4&quot; class=&quot;text-center&quot; style=&quot;line-height: 1.42857;&quot;&gt;&lt;img src=&quot;https:\/\/www.palmiyekocak.com\/image\/urun-olculeri\/ahsap-klasik-kollu-sandalye-olculer.png&quot; alt=&quot;\u00d6l\u00e7\u00fc&quot;&gt;&lt;\/td&gt;&lt;\/tr&gt;&lt;tr&gt;&lt;td class=&quot;text-center&quot; style=&quot;line-height: 1.42857;&quot;&gt;&lt;span class=&quot;text-center&quot; style=&quot;vertical-align: middle;&quot;&gt;&lt;strong&gt;Geni\u015flik&lt;\/strong&gt;&lt;\/span&gt;&lt;\/td&gt;&lt;td class=&quot;text-center&quot; style=&quot;line-height: 1.42857;&quot;&gt;&lt;span class=&quot;text-center&quot; style=&quot;vertical-align: middle;&quot;&gt;&lt;strong&gt;Oturum Y\u00fcksekli\u011fi&lt;\/strong&gt;&lt;\/span&gt;&lt;\/td&gt;&lt;td class=&quot;text-center&quot; style=&quot;line-height: 1.42857;&quot;&gt;&lt;span class=&quot;text-center&quot; style=&quot;vertical-align: middle;&quot;&gt;&lt;strong&gt;Derinlik&lt;\/strong&gt;&lt;\/span&gt;&lt;\/td&gt;&lt;td class=&quot;text-center&quot; style=&quot;line-height: 1.42857;&quot;&gt;&lt;span class=&quot;text-center&quot; style=&quot;vertical-align: middle;&quot;&gt;&lt;strong&gt;Y\u00fckseklik&lt;\/strong&gt;&lt;\/span&gt;&lt;\/td&gt;&lt;\/tr&gt;&lt;tr&gt;&lt;td class=&quot;text-center&quot; style=&quot;line-height: 1.42857;&quot;&gt;54 cm&amp;nbsp;&amp;nbsp;&lt;\/td&gt;&lt;td class=&quot;text-center&quot; style=&quot;line-height: 1.42857;&quot;&gt;44 cm&amp;nbsp;&lt;\/td&gt;&lt;td class=&quot;text-center&quot; style=&quot;line-height: 1.42857;&quot;&gt;46 cm&amp;nbsp;&lt;\/td&gt;&lt;td class=&quot;text-center&quot; style=&quot;line-height: 1.42857;&quot;&gt;80 cm&amp;nbsp;&lt;\/td&gt;&lt;\/tr&gt;&lt;tr&gt;&lt;td class=&quot;text-center&quot; colspan=&quot;4&quot; style=&quot;line-height: 1.42857;&quot;&gt;\u0130ste\u011fe \u00f6zel olarak malzeme cinsinde (&lt;span style=&quot;text-align: start;&quot;&gt;metal ,elektrostatik ral boyal\u0131 ve d\u00f6\u015femelidir.&lt;\/span&gt;) ve \u00fcr\u00fcn \u00f6l\u00e7\u00fclerinde de\u011fi\u015fiklik yap\u0131labilir.&lt;br&gt;&lt;br&gt;&lt;\/td&gt;&lt;\/tr&gt;&lt;\/tbody&gt;&lt;\/table&gt;<\/p>\n","protected":false},"excerpt":{"rendered":"<p>&lt;p&gt;Galaxy b Sandalye t\u00fcm mekanlara uyum sa\u011flayan tasar\u0131m\u0131 ile \u00fcr\u00fcn\u00fcm\u00fcz kar\u015f\u0131nzda .&amp;nbsp; \u00dcr\u00fcn \u00f6zellikleri metal elektrostatik ral boyal\u0131, kataforez yoktur ve sabit minderlidir .&lt;\/p&gt;&lt;p&gt;&lt;br&gt;&lt;\/p&gt;&lt;p&gt;&lt;br&gt;&lt;\/p&gt;&lt;p&gt;&lt;img src=&quot;https:\/\/www.palmiyekocak.com\/image\/urun-olculeri\/ahsap-klasik-kollu-sandalye-olculer.png&quot;&gt;&lt;br&gt;&lt;\/p&gt;&lt;p&gt;&lt;br&gt;&lt;\/p&gt;&lt;table class=&quot;table table-bordered&quot; style=&quot;background-color: rgb(255, 255, 255); width: 867.309px;&quot;&gt;&lt;tbody&gt;&lt;tr&gt;&lt;td style=&quot;line-height: 1.42857;&quot;&gt;Geni\u015flik&lt;\/td&gt;&lt;td style=&quot;line-height: 1.42857;&quot;&gt;54 cm&amp;nbsp;&lt;\/td&gt;&lt;\/tr&gt;&lt;tr&gt;&lt;td style=&quot;line-height: 1.42857;&quot;&gt;Oturum Y\u00fckseli\u011fi&lt;\/td&gt;&lt;td style=&quot;line-height: 1.42857;&quot;&gt;44 cm&amp;nbsp;&lt;\/td&gt;&lt;\/tr&gt;&lt;tr&gt;&lt;td style=&quot;line-height: 1.42857;&quot;&gt;Derinlik&lt;\/td&gt;&lt;td style=&quot;line-height: 1.42857;&quot;&gt;46 cm&amp;nbsp;&lt;\/td&gt;&lt;\/tr&gt;&lt;tr&gt;&lt;td style=&quot;line-height: 1.42857;&quot;&gt;Y\u00fckseklik&lt;br&gt;&lt;\/td&gt;&lt;td style=&quot;line-height: 1.42857;&quot;&gt;80 cm&amp;nbsp;&lt;\/td&gt;&lt;\/tr&gt;&lt;\/tbody&gt;&lt;\/table&gt;&lt;p&gt;\u0130ste\u011fe \u00f6zel [&hellip;]<\/p>\n","protected":false},"featured_media":7013,"comment_status":"closed","ping_status":"open","template":"","meta":{"_joinchat":[]},"product_cat":[18],"product_tag":[],"class_list":{"0":"post-7012","1":"product","2":"type-product","3":"status-publish","4":"has-post-thumbnail","6":"product_cat-ic-mekan-metal-sandalye","8":"first","9":"instock","10":"product-type-simple"},"_links":{"self":[{"href":"https:\/\/palmiyesusleme.com\/index.php\/wp-json\/wp\/v2\/product\/7012","targetHints":{"allow":["GET"]}}],"collection":[{"href":"https:\/\/palmiyesusleme.com\/index.php\/wp-json\/wp\/v2\/product"}],"about":[{"href":"https:\/\/palmiyesusleme.com\/index.php\/wp-json\/wp\/v2\/types\/product"}],"replies":[{"embeddable":true,"href":"https:\/\/palmiyesusleme.com\/index.php\/wp-json\/wp\/v2\/comments?post=7012"}],"wp:featuredmedia":[{"embeddable":true,"href":"https:\/\/palmiyesusleme.com\/index.php\/wp-json\/wp\/v2\/media\/7013"}],"wp:attachment":[{"href":"https:\/\/palmiyesusleme.com\/index.php\/wp-json\/wp\/v2\/media?parent=7012"}],"wp:term":[{"taxonomy":"product_cat","embeddable":true,"href":"https:\/\/palmiyesusleme.com\/index.php\/wp-json\/wp\/v2\/product_cat?post=7012"},{"taxonomy":"product_tag","embeddable":true,"href":"https:\/\/palmiyesusleme.com\/index.php\/wp-json\/wp\/v2\/product_tag?post=7012"}],"curies":[{"name":"wp","href":"https:\/\/api.w.org\/{rel}","templated":true}]}}