{"id":7031,"date":"2024-03-07T16:11:54","date_gmt":"2024-03-07T13:11:54","guid":{"rendered":"https:\/\/palmiyesusleme.com\/index.php\/urun\/ahsap-oturma-yuzeyli-metal-katlanir-sandalye\/"},"modified":"2024-03-07T16:12:02","modified_gmt":"2024-03-07T13:12:02","slug":"ahsap-oturma-yuzeyli-metal-katlanir-sandalye","status":"publish","type":"product","link":"https:\/\/palmiyesusleme.com\/index.php\/urun\/ahsap-oturma-yuzeyli-metal-katlanir-sandalye\/","title":{"rendered":"Ah\u015fap Oturma Y\u00fczeyli Metal Katlan\u0131r Sandalye"},"content":{"rendered":"<p>Katlanabilir Ah\u015fap Metal Sandalye, Hafif ve katlanabilme &ouml;zelli\u011fi ile yer kaplamaz. Ah\u015fap Oturma Y&uuml;zeyli Metal Katlan\u0131r Sandalye<\/p>\n","protected":false},"excerpt":{"rendered":"<p>Katlanabilir Ah\u015fap Metal Sandalye, Hafif ve katlanabilme &ouml;zelli\u011fi ile yer kaplamaz. Ah\u015fap Oturma Y&uuml;zeyli Metal Katlan\u0131r Sandalye<\/p>\n","protected":false},"featured_media":7032,"comment_status":"closed","ping_status":"open","template":"","meta":{"_joinchat":[]},"product_cat":[46],"product_tag":[],"class_list":{"0":"post-7031","1":"product","2":"type-product","3":"status-publish","4":"has-post-thumbnail","6":"product_cat-katlanir-sandalye","8":"first","9":"instock","10":"product-type-simple"},"_links":{"self":[{"href":"https:\/\/palmiyesusleme.com\/index.php\/wp-json\/wp\/v2\/product\/7031","targetHints":{"allow":["GET"]}}],"collection":[{"href":"https:\/\/palmiyesusleme.com\/index.php\/wp-json\/wp\/v2\/product"}],"about":[{"href":"https:\/\/palmiyesusleme.com\/index.php\/wp-json\/wp\/v2\/types\/product"}],"replies":[{"embeddable":true,"href":"https:\/\/palmiyesusleme.com\/index.php\/wp-json\/wp\/v2\/comments?post=7031"}],"wp:featuredmedia":[{"embeddable":true,"href":"https:\/\/palmiyesusleme.com\/index.php\/wp-json\/wp\/v2\/media\/7032"}],"wp:attachment":[{"href":"https:\/\/palmiyesusleme.com\/index.php\/wp-json\/wp\/v2\/media?parent=7031"}],"wp:term":[{"taxonomy":"product_cat","embeddable":true,"href":"https:\/\/palmiyesusleme.com\/index.php\/wp-json\/wp\/v2\/product_cat?post=7031"},{"taxonomy":"product_tag","embeddable":true,"href":"https:\/\/palmiyesusleme.com\/index.php\/wp-json\/wp\/v2\/product_tag?post=7031"}],"curies":[{"name":"wp","href":"https:\/\/api.w.org\/{rel}","templated":true}]}}