{"id":7037,"date":"2024-03-07T16:11:54","date_gmt":"2024-03-07T13:11:54","guid":{"rendered":"https:\/\/palmiyesusleme.com\/index.php\/urun\/ekonomik-metal-katlanir-sandalye\/"},"modified":"2024-03-07T16:12:05","modified_gmt":"2024-03-07T13:12:05","slug":"ekonomik-metal-katlanir-sandalye","status":"publish","type":"product","link":"https:\/\/palmiyesusleme.com\/index.php\/urun\/ekonomik-metal-katlanir-sandalye\/","title":{"rendered":"Ekonomik Metal Katlan\u0131r Sandalye"},"content":{"rendered":"<p>Ekonomik Metal Katlan\u0131r Sandalye&lt;hr&gt;Ekonomik Metal Katlan\u0131r Sandalye<\/p>\n","protected":false},"excerpt":{"rendered":"<p>Ekonomik Metal Katlan\u0131r Sandalye&lt;hr&gt;Ekonomik Metal Katlan\u0131r Sandalye<\/p>\n","protected":false},"featured_media":7038,"comment_status":"closed","ping_status":"open","template":"","meta":{"_joinchat":[]},"product_cat":[46],"product_tag":[],"class_list":{"0":"post-7037","1":"product","2":"type-product","3":"status-publish","4":"has-post-thumbnail","6":"product_cat-katlanir-sandalye","8":"first","9":"instock","10":"product-type-simple"},"_links":{"self":[{"href":"https:\/\/palmiyesusleme.com\/index.php\/wp-json\/wp\/v2\/product\/7037","targetHints":{"allow":["GET"]}}],"collection":[{"href":"https:\/\/palmiyesusleme.com\/index.php\/wp-json\/wp\/v2\/product"}],"about":[{"href":"https:\/\/palmiyesusleme.com\/index.php\/wp-json\/wp\/v2\/types\/product"}],"replies":[{"embeddable":true,"href":"https:\/\/palmiyesusleme.com\/index.php\/wp-json\/wp\/v2\/comments?post=7037"}],"wp:featuredmedia":[{"embeddable":true,"href":"https:\/\/palmiyesusleme.com\/index.php\/wp-json\/wp\/v2\/media\/7038"}],"wp:attachment":[{"href":"https:\/\/palmiyesusleme.com\/index.php\/wp-json\/wp\/v2\/media?parent=7037"}],"wp:term":[{"taxonomy":"product_cat","embeddable":true,"href":"https:\/\/palmiyesusleme.com\/index.php\/wp-json\/wp\/v2\/product_cat?post=7037"},{"taxonomy":"product_tag","embeddable":true,"href":"https:\/\/palmiyesusleme.com\/index.php\/wp-json\/wp\/v2\/product_tag?post=7037"}],"curies":[{"name":"wp","href":"https:\/\/api.w.org\/{rel}","templated":true}]}}