{"id":7088,"date":"2024-03-07T16:12:33","date_gmt":"2024-03-07T13:12:33","guid":{"rendered":"https:\/\/palmiyesusleme.com\/index.php\/urun\/acik-ceviz-tablali-paslanmaz-ayakli-cafe-masasi\/"},"modified":"2024-03-07T16:12:34","modified_gmt":"2024-03-07T13:12:34","slug":"acik-ceviz-tablali-paslanmaz-ayakli-cafe-masasi","status":"publish","type":"product","link":"https:\/\/palmiyesusleme.com\/index.php\/urun\/acik-ceviz-tablali-paslanmaz-ayakli-cafe-masasi\/","title":{"rendered":"A\u00e7\u0131k Ceviz Tablal\u0131 Paslanmaz Ayakl\u0131 Cafe Masas\u0131"},"content":{"rendered":"<p>A&ccedil;\u0131k ceviz tablal\u0131, paslanmaz ayakl\u0131 kafe masam\u0131z 70&#215;70 ve 80&#215;80 &ouml;l&ccedil;&uuml;lerde sipari\u015f verebilece\u011finiz ideal bir kafe masas\u0131&#8230;&lt;hr&gt;&lt;p&gt;&lt;b&gt;&Ouml;l&ccedil;&uuml;ler&lt;br&gt;&lt;\/b&gt;&lt;img src=&quot;\/image\/urun-olculeri\/cafe-masalari-yuvarlak.png&quot;&gt;&lt;\/p&gt;&lt;table class=&quot;table table-bordered&quot;&gt;&lt;tbody&gt;&lt;tr&gt;&lt;td&gt;Geni\u015flik&lt;\/td&gt;&lt;td&gt;&lt;br&gt;&lt;\/td&gt;&lt;td&gt;&lt;br&gt;&lt;\/td&gt;&lt;td&gt;&lt;br&gt;&lt;\/td&gt;&lt;\/tr&gt;&lt;tr&gt;&lt;td&gt;Y&uuml;kseklik&lt;\/td&gt;&lt;td&gt;&lt;br&gt;&lt;\/td&gt;&lt;td&gt;&lt;br&gt;&lt;\/td&gt;&lt;td&gt;&lt;br&gt;&lt;\/td&gt;&lt;\/tr&gt;&lt;tr&gt;&lt;td&gt;Ayak Geni\u015flik&lt;\/td&gt;&lt;td&gt;&lt;br&gt;&lt;\/td&gt;&lt;td&gt;&lt;br&gt;&lt;\/td&gt;&lt;td&gt;&lt;br&gt;&lt;\/td&gt;&lt;\/tr&gt;&lt;\/tbody&gt;&lt;\/table&gt;&lt;p&gt;\u0130ste\u011fe &ouml;zel olarak malzeme cinsinde (ah\u015fap,boya,kuma\u015f,deri) ve &uuml;r&uuml;n &ouml;l&ccedil;&uuml;lerinde de\u011fi\u015fiklik yap\u0131labilir.&lt;\/p&gt;&lt;table class=&quot;table table-bordered&quot;&gt;<br \/>\n&lt;tbody&gt;<br \/>\n&lt;tr&gt;<br \/>\n&lt;td colspan=&quot;4&quot; class=&quot;text-center&quot; style=&quot;vertical-align:middle&quot;&gt;&lt;img src=&quot;\/image\/urun-olculeri\/ahsap-klasik-kollu-sandalye-olculer.png&quot; alt=&quot;&Ouml;l&ccedil;&uuml;&quot;&gt;&lt;\/td&gt;<br \/>\n&lt;\/tr&gt;<br \/>\n&lt;tr&gt;<br \/>\n&lt;td class=&quot;text-center&quot; style=&quot;vertical-align:middle&quot;&gt;&lt;span class=&quot;text-center&quot; style=&quot;vertical-align:middle&quot;&gt;&lt;strong&gt;Geni\u015flik&lt;\/strong&gt;&lt;\/span&gt;&lt;\/td&gt;<br \/>\n&lt;td class=&quot;text-center&quot; style=&quot;vertical-align:middle&quot;&gt;&lt;span class=&quot;text-center&quot; style=&quot;vertical-align:middle&quot;&gt;&lt;strong&gt;Oturum Y&uuml;ksekli\u011fi&lt;\/strong&gt;&lt;\/span&gt;&lt;\/td&gt;<br \/>\n&lt;td class=&quot;text-center&quot; style=&quot;vertical-align:middle&quot;&gt;&lt;span class=&quot;text-center&quot; style=&quot;vertical-align:middle&quot;&gt;&lt;strong&gt;Derinlik&lt;\/strong&gt;&lt;\/span&gt;&lt;\/td&gt;<br \/>\n&lt;td class=&quot;text-center&quot; style=&quot;vertical-align:middle&quot;&gt;&lt;span class=&quot;text-center&quot; style=&quot;vertical-align:middle&quot;&gt;&lt;strong&gt;Y&uuml;kseklik&lt;\/strong&gt;&lt;\/span&gt;&lt;\/td&gt;<br \/>\n&lt;\/tr&gt;<br \/>\n&lt;tr&gt;<br \/>\n&lt;td class=&quot;text-center&quot; style=&quot;vertical-align:middle&quot;&gt;&nbsp;&lt;\/td&gt;<br \/>\n&lt;td class=&quot;text-center&quot; style=&quot;vertical-align:middle&quot;&gt;&nbsp;&lt;\/td&gt;<br \/>\n&lt;td class=&quot;text-center&quot; style=&quot;vertical-align:middle&quot;&gt;&nbsp;&lt;\/td&gt;<br \/>\n&lt;td class=&quot;text-center&quot; style=&quot;vertical-align:middle&quot;&gt;&nbsp;&lt;\/td&gt;<br \/>\n&lt;\/tr&gt;<br \/>\n&lt;tr&gt;<br \/>\n&lt;td class=&quot;text-center&quot; style=&quot;vertical-align:middle&quot; colspan=&quot;4&quot;&gt;\u0130ste\u011fe &ouml;zel olarak malzeme cinsinde (ah\u015fap,boya,kuma\u015f,deri) ve &uuml;r&uuml;n &ouml;l&ccedil;&uuml;lerinde de\u011fi\u015fiklik yap\u0131labilir.&lt;\/td&gt;<br \/>\n&lt;\/tr&gt;<br \/>\n&lt;\/tbody&gt;<br \/>\n&lt;\/table&gt;<br \/>\n&lt;hr&gt;<\/p>\n","protected":false},"excerpt":{"rendered":"<p>A&ccedil;\u0131k ceviz tablal\u0131, paslanmaz ayakl\u0131 kafe masam\u0131z 70&#215;70 ve 80&#215;80 &ouml;l&ccedil;&uuml;lerde sipari\u015f verebilece\u011finiz ideal bir kafe masas\u0131&#8230;&lt;hr&gt;&lt;p&gt;&lt;b&gt;&Ouml;l&ccedil;&uuml;ler&lt;br&gt;&lt;\/b&gt;&lt;img src=&quot;\/image\/urun-olculeri\/cafe-masalari-yuvarlak.png&quot;&gt;&lt;\/p&gt;&lt;table class=&quot;table table-bordered&quot;&gt;&lt;tbody&gt;&lt;tr&gt;&lt;td&gt;Geni\u015flik&lt;\/td&gt;&lt;td&gt;&lt;br&gt;&lt;\/td&gt;&lt;td&gt;&lt;br&gt;&lt;\/td&gt;&lt;td&gt;&lt;br&gt;&lt;\/td&gt;&lt;\/tr&gt;&lt;tr&gt;&lt;td&gt;Y&uuml;kseklik&lt;\/td&gt;&lt;td&gt;&lt;br&gt;&lt;\/td&gt;&lt;td&gt;&lt;br&gt;&lt;\/td&gt;&lt;td&gt;&lt;br&gt;&lt;\/td&gt;&lt;\/tr&gt;&lt;tr&gt;&lt;td&gt;Ayak Geni\u015flik&lt;\/td&gt;&lt;td&gt;&lt;br&gt;&lt;\/td&gt;&lt;td&gt;&lt;br&gt;&lt;\/td&gt;&lt;td&gt;&lt;br&gt;&lt;\/td&gt;&lt;\/tr&gt;&lt;\/tbody&gt;&lt;\/table&gt;&lt;p&gt;\u0130ste\u011fe &ouml;zel olarak malzeme cinsinde (ah\u015fap,boya,kuma\u015f,deri) ve &uuml;r&uuml;n &ouml;l&ccedil;&uuml;lerinde de\u011fi\u015fiklik yap\u0131labilir.&lt;\/p&gt;&lt;table class=&quot;table table-bordered&quot;&gt; &lt;tbody&gt; &lt;tr&gt; &lt;td colspan=&quot;4&quot; class=&quot;text-center&quot; style=&quot;vertical-align:middle&quot;&gt;&lt;img src=&quot;\/image\/urun-olculeri\/ahsap-klasik-kollu-sandalye-olculer.png&quot; alt=&quot;&Ouml;l&ccedil;&uuml;&quot;&gt;&lt;\/td&gt; &lt;\/tr&gt; &lt;tr&gt; &lt;td class=&quot;text-center&quot; style=&quot;vertical-align:middle&quot;&gt;&lt;span class=&quot;text-center&quot; style=&quot;vertical-align:middle&quot;&gt;&lt;strong&gt;Geni\u015flik&lt;\/strong&gt;&lt;\/span&gt;&lt;\/td&gt; &lt;td class=&quot;text-center&quot; style=&quot;vertical-align:middle&quot;&gt;&lt;span class=&quot;text-center&quot; style=&quot;vertical-align:middle&quot;&gt;&lt;strong&gt;Oturum Y&uuml;ksekli\u011fi&lt;\/strong&gt;&lt;\/span&gt;&lt;\/td&gt; &lt;td [&hellip;]<\/p>\n","protected":false},"featured_media":7089,"comment_status":"closed","ping_status":"open","template":"","meta":{"_joinchat":[]},"product_cat":[110,112,190,134,113],"product_tag":[],"class_list":{"0":"post-7088","1":"product","2":"type-product","3":"status-publish","4":"has-post-thumbnail","6":"product_cat-cafe-masalari","7":"product_cat-metal-ayakli-kare-masa","8":"product_cat-metal-ayakli-laminat-masa","9":"product_cat-metal-ayakli-masa","10":"product_cat-sandalye-masa-modelleri","12":"first","13":"instock","14":"product-type-simple"},"_links":{"self":[{"href":"https:\/\/palmiyesusleme.com\/index.php\/wp-json\/wp\/v2\/product\/7088","targetHints":{"allow":["GET"]}}],"collection":[{"href":"https:\/\/palmiyesusleme.com\/index.php\/wp-json\/wp\/v2\/product"}],"about":[{"href":"https:\/\/palmiyesusleme.com\/index.php\/wp-json\/wp\/v2\/types\/product"}],"replies":[{"embeddable":true,"href":"https:\/\/palmiyesusleme.com\/index.php\/wp-json\/wp\/v2\/comments?post=7088"}],"wp:featuredmedia":[{"embeddable":true,"href":"https:\/\/palmiyesusleme.com\/index.php\/wp-json\/wp\/v2\/media\/7089"}],"wp:attachment":[{"href":"https:\/\/palmiyesusleme.com\/index.php\/wp-json\/wp\/v2\/media?parent=7088"}],"wp:term":[{"taxonomy":"product_cat","embeddable":true,"href":"https:\/\/palmiyesusleme.com\/index.php\/wp-json\/wp\/v2\/product_cat?post=7088"},{"taxonomy":"product_tag","embeddable":true,"href":"https:\/\/palmiyesusleme.com\/index.php\/wp-json\/wp\/v2\/product_tag?post=7088"}],"curies":[{"name":"wp","href":"https:\/\/api.w.org\/{rel}","templated":true}]}}