{"id":7102,"date":"2024-03-07T16:12:33","date_gmt":"2024-03-07T13:12:33","guid":{"rendered":"https:\/\/palmiyesusleme.com\/index.php\/urun\/lake-beyaz-boyali-siyah-metal-ayakli-kafe-masa\/"},"modified":"2024-03-07T16:12:43","modified_gmt":"2024-03-07T13:12:43","slug":"lake-beyaz-boyali-siyah-metal-ayakli-kafe-masa","status":"publish","type":"product","link":"https:\/\/palmiyesusleme.com\/index.php\/urun\/lake-beyaz-boyali-siyah-metal-ayakli-kafe-masa\/","title":{"rendered":"Lake Beyaz Boyal\u0131 Siyah Metal Ayakl\u0131 Kafe Masa"},"content":{"rendered":"<p>\u00dcr\u00fcn hakk\u0131nda bilgi ve fiyat almak i\u00e7in \u00fcr\u00fcn kodunu ve adetini bize E-posta, Whatsapp veya Telefon yoluyla iletiniz. Sat\u0131\u015f ekibimiz en k\u0131sa s\u00fcrede size d\u00f6necektir.&lt;hr&gt;&lt;p&gt;Lake Beyaz Boyal\u0131 Siyah Metal Ayakl\u0131 Kafe Masa&lt;\/p&gt;&lt;p&gt;Lake masa modelleri birbirinden farkl\u0131 tasar\u0131mlarla sizlere sunuluyor. Lake masa imalat ve model bilgisine sitemizden ula\u015fabilirsiniz.&lt;br&gt;&lt;\/p&gt;<\/p>\n","protected":false},"excerpt":{"rendered":"<p>\u00dcr\u00fcn hakk\u0131nda bilgi ve fiyat almak i\u00e7in \u00fcr\u00fcn kodunu ve adetini bize E-posta, Whatsapp veya Telefon yoluyla iletiniz. Sat\u0131\u015f ekibimiz en k\u0131sa s\u00fcrede size d\u00f6necektir.&lt;hr&gt;&lt;p&gt;Lake Beyaz Boyal\u0131 Siyah Metal Ayakl\u0131 Kafe Masa&lt;\/p&gt;&lt;p&gt;Lake masa modelleri birbirinden farkl\u0131 tasar\u0131mlarla sizlere sunuluyor. Lake masa imalat ve model bilgisine sitemizden ula\u015fabilirsiniz.&lt;br&gt;&lt;\/p&gt;<\/p>\n","protected":false},"featured_media":7103,"comment_status":"closed","ping_status":"open","template":"","meta":{"_joinchat":[]},"product_cat":[110],"product_tag":[],"class_list":{"0":"post-7102","1":"product","2":"type-product","3":"status-publish","4":"has-post-thumbnail","6":"product_cat-cafe-masalari","8":"first","9":"instock","10":"product-type-simple"},"_links":{"self":[{"href":"https:\/\/palmiyesusleme.com\/index.php\/wp-json\/wp\/v2\/product\/7102","targetHints":{"allow":["GET"]}}],"collection":[{"href":"https:\/\/palmiyesusleme.com\/index.php\/wp-json\/wp\/v2\/product"}],"about":[{"href":"https:\/\/palmiyesusleme.com\/index.php\/wp-json\/wp\/v2\/types\/product"}],"replies":[{"embeddable":true,"href":"https:\/\/palmiyesusleme.com\/index.php\/wp-json\/wp\/v2\/comments?post=7102"}],"wp:featuredmedia":[{"embeddable":true,"href":"https:\/\/palmiyesusleme.com\/index.php\/wp-json\/wp\/v2\/media\/7103"}],"wp:attachment":[{"href":"https:\/\/palmiyesusleme.com\/index.php\/wp-json\/wp\/v2\/media?parent=7102"}],"wp:term":[{"taxonomy":"product_cat","embeddable":true,"href":"https:\/\/palmiyesusleme.com\/index.php\/wp-json\/wp\/v2\/product_cat?post=7102"},{"taxonomy":"product_tag","embeddable":true,"href":"https:\/\/palmiyesusleme.com\/index.php\/wp-json\/wp\/v2\/product_tag?post=7102"}],"curies":[{"name":"wp","href":"https:\/\/api.w.org\/{rel}","templated":true}]}}