{"id":7118,"date":"2024-03-07T16:12:33","date_gmt":"2024-03-07T13:12:33","guid":{"rendered":"https:\/\/palmiyesusleme.com\/index.php\/urun\/masifpan-ahsap-tablali-siyah-metal-ayakli-masa-masifpan-tabla-siyah-boyali-metal-ayakli-masa\/"},"modified":"2024-03-07T16:12:50","modified_gmt":"2024-03-07T13:12:50","slug":"masifpan-ahsap-tablali-siyah-metal-ayakli-masa-masifpan-tabla-siyah-boyali-metal-ayakli-masa","status":"publish","type":"product","link":"https:\/\/palmiyesusleme.com\/index.php\/urun\/masifpan-ahsap-tablali-siyah-metal-ayakli-masa-masifpan-tabla-siyah-boyali-metal-ayakli-masa\/","title":{"rendered":"Masifpan Ah\u015fap Tablal\u0131 Siyah Metal Ayakl\u0131 Masa Masifpan Tabla Siyah Boyal\u0131 Metal Ayakl\u0131 Masa"},"content":{"rendered":"<p>\u00dcr\u00fcn hakk\u0131nda bilgi ve fiyat almak i\u00e7in \u00fcr\u00fcn kodunu ve adetini bize E-posta, Whatsapp veya Telefon yoluyla iletiniz. Sat\u0131\u015f ekibimiz en k\u0131sa s\u00fcrede size d\u00f6necektir.&lt;hr&gt;Masifpan Ah\u015fap Tablal\u0131 Siyah Metal Ayakl\u0131 Masa Masifpan Tabla Siyah Boyal\u0131 Metal Ayak<\/p>\n","protected":false},"excerpt":{"rendered":"<p>\u00dcr\u00fcn hakk\u0131nda bilgi ve fiyat almak i\u00e7in \u00fcr\u00fcn kodunu ve adetini bize E-posta, Whatsapp veya Telefon yoluyla iletiniz. Sat\u0131\u015f ekibimiz en k\u0131sa s\u00fcrede size d\u00f6necektir.&lt;hr&gt;Masifpan Ah\u015fap Tablal\u0131 Siyah Metal Ayakl\u0131 Masa Masifpan Tabla Siyah Boyal\u0131 Metal Ayak<\/p>\n","protected":false},"featured_media":7119,"comment_status":"closed","ping_status":"open","template":"","meta":{"_joinchat":[]},"product_cat":[110,112],"product_tag":[],"class_list":{"0":"post-7118","1":"product","2":"type-product","3":"status-publish","4":"has-post-thumbnail","6":"product_cat-cafe-masalari","7":"product_cat-metal-ayakli-kare-masa","9":"first","10":"instock","11":"product-type-simple"},"_links":{"self":[{"href":"https:\/\/palmiyesusleme.com\/index.php\/wp-json\/wp\/v2\/product\/7118","targetHints":{"allow":["GET"]}}],"collection":[{"href":"https:\/\/palmiyesusleme.com\/index.php\/wp-json\/wp\/v2\/product"}],"about":[{"href":"https:\/\/palmiyesusleme.com\/index.php\/wp-json\/wp\/v2\/types\/product"}],"replies":[{"embeddable":true,"href":"https:\/\/palmiyesusleme.com\/index.php\/wp-json\/wp\/v2\/comments?post=7118"}],"wp:featuredmedia":[{"embeddable":true,"href":"https:\/\/palmiyesusleme.com\/index.php\/wp-json\/wp\/v2\/media\/7119"}],"wp:attachment":[{"href":"https:\/\/palmiyesusleme.com\/index.php\/wp-json\/wp\/v2\/media?parent=7118"}],"wp:term":[{"taxonomy":"product_cat","embeddable":true,"href":"https:\/\/palmiyesusleme.com\/index.php\/wp-json\/wp\/v2\/product_cat?post=7118"},{"taxonomy":"product_tag","embeddable":true,"href":"https:\/\/palmiyesusleme.com\/index.php\/wp-json\/wp\/v2\/product_tag?post=7118"}],"curies":[{"name":"wp","href":"https:\/\/api.w.org\/{rel}","templated":true}]}}