{"id":7120,"date":"2024-03-07T16:12:33","date_gmt":"2024-03-07T13:12:33","guid":{"rendered":"https:\/\/palmiyesusleme.com\/index.php\/urun\/mdflam-tablali-siyah-metal-ayakli-masa-siyah-ayak-siyah-renkli-ayak\/"},"modified":"2024-03-07T16:12:51","modified_gmt":"2024-03-07T13:12:51","slug":"mdflam-tablali-siyah-metal-ayakli-masa-siyah-ayak-siyah-renkli-ayak","status":"publish","type":"product","link":"https:\/\/palmiyesusleme.com\/index.php\/urun\/mdflam-tablali-siyah-metal-ayakli-masa-siyah-ayak-siyah-renkli-ayak\/","title":{"rendered":"Mdflam Tablal\u0131 Siyah Metal Ayakl\u0131 Masa Siyah Ayak Siyah Renkli Ayak"},"content":{"rendered":"<p>Mdflam Tablal\u0131 Siyah Metal Ayakl\u0131 Masa Siyah Ayak Siyah Renkli Ayak&lt;hr&gt;Mdflam Tablal\u0131 Siyah Metal Ayakl\u0131 Masa Siyah Ayak Siyah Renkli Ayak<\/p>\n","protected":false},"excerpt":{"rendered":"<p>Mdflam Tablal\u0131 Siyah Metal Ayakl\u0131 Masa Siyah Ayak Siyah Renkli Ayak&lt;hr&gt;Mdflam Tablal\u0131 Siyah Metal Ayakl\u0131 Masa Siyah Ayak Siyah Renkli Ayak<\/p>\n","protected":false},"featured_media":7121,"comment_status":"closed","ping_status":"open","template":"","meta":{"_joinchat":[]},"product_cat":[110,112],"product_tag":[],"class_list":{"0":"post-7120","1":"product","2":"type-product","3":"status-publish","4":"has-post-thumbnail","6":"product_cat-cafe-masalari","7":"product_cat-metal-ayakli-kare-masa","9":"first","10":"instock","11":"product-type-simple"},"_links":{"self":[{"href":"https:\/\/palmiyesusleme.com\/index.php\/wp-json\/wp\/v2\/product\/7120","targetHints":{"allow":["GET"]}}],"collection":[{"href":"https:\/\/palmiyesusleme.com\/index.php\/wp-json\/wp\/v2\/product"}],"about":[{"href":"https:\/\/palmiyesusleme.com\/index.php\/wp-json\/wp\/v2\/types\/product"}],"replies":[{"embeddable":true,"href":"https:\/\/palmiyesusleme.com\/index.php\/wp-json\/wp\/v2\/comments?post=7120"}],"wp:featuredmedia":[{"embeddable":true,"href":"https:\/\/palmiyesusleme.com\/index.php\/wp-json\/wp\/v2\/media\/7121"}],"wp:attachment":[{"href":"https:\/\/palmiyesusleme.com\/index.php\/wp-json\/wp\/v2\/media?parent=7120"}],"wp:term":[{"taxonomy":"product_cat","embeddable":true,"href":"https:\/\/palmiyesusleme.com\/index.php\/wp-json\/wp\/v2\/product_cat?post=7120"},{"taxonomy":"product_tag","embeddable":true,"href":"https:\/\/palmiyesusleme.com\/index.php\/wp-json\/wp\/v2\/product_tag?post=7120"}],"curies":[{"name":"wp","href":"https:\/\/api.w.org\/{rel}","templated":true}]}}