{"id":7222,"date":"2024-03-07T16:13:35","date_gmt":"2024-03-07T13:13:35","guid":{"rendered":"https:\/\/palmiyesusleme.com\/index.php\/urun\/siyah-kare-tabanli-kare-profil-metal-masa-ayagi\/"},"modified":"2024-03-07T16:13:41","modified_gmt":"2024-03-07T13:13:41","slug":"siyah-kare-tabanli-kare-profil-metal-masa-ayagi","status":"publish","type":"product","link":"https:\/\/palmiyesusleme.com\/index.php\/urun\/siyah-kare-tabanli-kare-profil-metal-masa-ayagi\/","title":{"rendered":"Siyah Kare Tabanl\u0131 Kare Profil Metal Masa Aya\u011f\u0131"},"content":{"rendered":"<p>&lt;p&gt;Kare Tabanl\u0131 Kare Profil Metal Masa Aya\u011f\u0131&lt;\/p&gt;&lt;p&gt;72cm Y\u00fckseklik&lt;br&gt;&lt;\/p&gt;&lt;p&gt;80mm sa\u00e7 kal\u0131nl\u0131\u011f\u0131&lt;br&gt;&lt;\/p&gt;&lt;p&gt;38x38cm kare taban&lt;br&gt;&lt;\/p&gt;<\/p>\n","protected":false},"excerpt":{"rendered":"<p>&lt;p&gt;Kare Tabanl\u0131 Kare Profil Metal Masa Aya\u011f\u0131&lt;\/p&gt;&lt;p&gt;72cm Y\u00fckseklik&lt;br&gt;&lt;\/p&gt;&lt;p&gt;80mm sa\u00e7 kal\u0131nl\u0131\u011f\u0131&lt;br&gt;&lt;\/p&gt;&lt;p&gt;38x38cm kare taban&lt;br&gt;&lt;\/p&gt;<\/p>\n","protected":false},"featured_media":7223,"comment_status":"closed","ping_status":"open","template":"","meta":{"_joinchat":[]},"product_cat":[73],"product_tag":[],"class_list":{"0":"post-7222","1":"product","2":"type-product","3":"status-publish","4":"has-post-thumbnail","6":"product_cat-metal-masa-ayaklari","8":"first","9":"instock","10":"product-type-simple"},"_links":{"self":[{"href":"https:\/\/palmiyesusleme.com\/index.php\/wp-json\/wp\/v2\/product\/7222","targetHints":{"allow":["GET"]}}],"collection":[{"href":"https:\/\/palmiyesusleme.com\/index.php\/wp-json\/wp\/v2\/product"}],"about":[{"href":"https:\/\/palmiyesusleme.com\/index.php\/wp-json\/wp\/v2\/types\/product"}],"replies":[{"embeddable":true,"href":"https:\/\/palmiyesusleme.com\/index.php\/wp-json\/wp\/v2\/comments?post=7222"}],"wp:featuredmedia":[{"embeddable":true,"href":"https:\/\/palmiyesusleme.com\/index.php\/wp-json\/wp\/v2\/media\/7223"}],"wp:attachment":[{"href":"https:\/\/palmiyesusleme.com\/index.php\/wp-json\/wp\/v2\/media?parent=7222"}],"wp:term":[{"taxonomy":"product_cat","embeddable":true,"href":"https:\/\/palmiyesusleme.com\/index.php\/wp-json\/wp\/v2\/product_cat?post=7222"},{"taxonomy":"product_tag","embeddable":true,"href":"https:\/\/palmiyesusleme.com\/index.php\/wp-json\/wp\/v2\/product_tag?post=7222"}],"curies":[{"name":"wp","href":"https:\/\/api.w.org\/{rel}","templated":true}]}}