{"id":7308,"date":"2024-03-07T16:14:12","date_gmt":"2024-03-07T13:14:12","guid":{"rendered":"https:\/\/palmiyesusleme.com\/index.php\/urun\/ahsap-tablali-metal-paslanmaz-ayakli-masa-2\/"},"modified":"2024-03-07T16:14:34","modified_gmt":"2024-03-07T13:14:34","slug":"ahsap-tablali-metal-paslanmaz-ayakli-masa-2","status":"publish","type":"product","link":"https:\/\/palmiyesusleme.com\/index.php\/urun\/ahsap-tablali-metal-paslanmaz-ayakli-masa-2\/","title":{"rendered":"Ah\u015fap Tablal\u0131 Metal Paslanmaz Ayakl\u0131 Masa"},"content":{"rendered":"<p>&lt;h2 style=&quot;text-align: center; &quot;&gt;Ah\u015fap Tablal\u0131 Metal Paslanmaz Ayakl\u0131 Masa&lt;\/h2&gt;&lt;h2 style=&quot;font-family: &amp;quot;Open Sans&amp;quot;, sans-serif; color: rgb(84, 84, 84); text-align: center;&quot;&gt;&lt;img src=&quot;https:\/\/www.palmiyekocak.com\/image\/catalog\/urun\/metal-sandalye\/san_1\/se-min.JPG&quot; style=&quot;width: 1303px;&quot;&gt;&lt;\/h2&gt;<\/p>\n","protected":false},"excerpt":{"rendered":"<p>&lt;h2 style=&quot;text-align: center; &quot;&gt;Ah\u015fap Tablal\u0131 Metal Paslanmaz Ayakl\u0131 Masa&lt;\/h2&gt;&lt;h2 style=&quot;font-family: &amp;quot;Open Sans&amp;quot;, sans-serif; color: rgb(84, 84, 84); text-align: center;&quot;&gt;&lt;img src=&quot;https:\/\/www.palmiyekocak.com\/image\/catalog\/urun\/metal-sandalye\/san_1\/se-min.JPG&quot; style=&quot;width: 1303px;&quot;&gt;&lt;\/h2&gt;<\/p>\n","protected":false},"featured_media":7309,"comment_status":"closed","ping_status":"open","template":"","meta":{"_joinchat":[]},"product_cat":[110,189,134,160,44],"product_tag":[],"class_list":{"0":"post-7308","1":"product","2":"type-product","3":"status-publish","4":"has-post-thumbnail","6":"product_cat-cafe-masalari","7":"product_cat-metal-ayakli-dikdortgen-masa","8":"product_cat-metal-ayakli-masa","9":"product_cat-restoran-masalari","10":"product_cat-yemekhane-masalari","12":"first","13":"instock","14":"product-type-simple"},"_links":{"self":[{"href":"https:\/\/palmiyesusleme.com\/index.php\/wp-json\/wp\/v2\/product\/7308","targetHints":{"allow":["GET"]}}],"collection":[{"href":"https:\/\/palmiyesusleme.com\/index.php\/wp-json\/wp\/v2\/product"}],"about":[{"href":"https:\/\/palmiyesusleme.com\/index.php\/wp-json\/wp\/v2\/types\/product"}],"replies":[{"embeddable":true,"href":"https:\/\/palmiyesusleme.com\/index.php\/wp-json\/wp\/v2\/comments?post=7308"}],"wp:featuredmedia":[{"embeddable":true,"href":"https:\/\/palmiyesusleme.com\/index.php\/wp-json\/wp\/v2\/media\/7309"}],"wp:attachment":[{"href":"https:\/\/palmiyesusleme.com\/index.php\/wp-json\/wp\/v2\/media?parent=7308"}],"wp:term":[{"taxonomy":"product_cat","embeddable":true,"href":"https:\/\/palmiyesusleme.com\/index.php\/wp-json\/wp\/v2\/product_cat?post=7308"},{"taxonomy":"product_tag","embeddable":true,"href":"https:\/\/palmiyesusleme.com\/index.php\/wp-json\/wp\/v2\/product_tag?post=7308"}],"curies":[{"name":"wp","href":"https:\/\/api.w.org\/{rel}","templated":true}]}}