{"id":7364,"date":"2024-03-07T16:15:02","date_gmt":"2024-03-07T13:15:02","guid":{"rendered":"https:\/\/palmiyesusleme.com\/index.php\/urun\/siyah-ekonomik-metal-masa-ayak\/"},"modified":"2024-03-07T16:15:16","modified_gmt":"2024-03-07T13:15:16","slug":"siyah-ekonomik-metal-masa-ayak","status":"publish","type":"product","link":"https:\/\/palmiyesusleme.com\/index.php\/urun\/siyah-ekonomik-metal-masa-ayak\/","title":{"rendered":"Siyah Ekonomik Metal Masa Ayak"},"content":{"rendered":"<p>Siyah boyal\u0131 performans ve fiyat &uuml;r&uuml;n&uuml;, ba\u011flant\u0131 par&ccedil;alar\u0131 ile teslim edilir. \u0130stenirse firmam\u0131zdan ald\u0131\u011f\u0131n\u0131z masa tablas\u0131na ba\u011flant\u0131s\u0131 yap\u0131labilir. \u0130&ccedil; mekan kullan\u0131m\u0131 i&ccedil;in uygundur.&lt;hr&gt;&lt;p&gt;Siyah boyal\u0131 olarak ba\u011flant\u0131 vidalar\u0131yla teslim edilir.&nbsp;&lt;\/p&gt;&lt;p&gt;Bu &uuml;r&uuml;nde kullanabilece\u011finiz Masa tablalar\u0131 kategorileri :&lt;\/p&gt;&lt;ul&gt;&lt;li&gt;&lt;a href=&quot;https:\/\/www.palmiyekocak.com\/masifpan-masa-tablasi&quot;&gt;Masifpan Tabla&lt;\/a&gt;&lt;\/li&gt;&lt;li&gt;&lt;a href=&quot;https:\/\/www.palmiyekocak.com\/werzalit-masa-tablasi&quot;&gt;Werzalit Tabla&lt;\/a&gt;&lt;\/li&gt;&lt;li&gt;&lt;a href=&quot;https:\/\/www.palmiyekocak.com\/kompakt-masa-tablasi&quot;&gt;Kompakt Masa Tablas\u0131&lt;\/a&gt;&lt;\/li&gt;&lt;li&gt;&lt;a href=&quot;https:\/\/www.palmiyekocak.com\/ahsap-masa-tablasi&quot;&gt;Ah\u015fap Masa Tablas\u0131&lt;\/a&gt;&lt;\/li&gt;&lt;\/ul&gt;&lt;p&gt;&lt;br&gt;&lt;\/p&gt;<\/p>\n","protected":false},"excerpt":{"rendered":"<p>Siyah boyal\u0131 performans ve fiyat &uuml;r&uuml;n&uuml;, ba\u011flant\u0131 par&ccedil;alar\u0131 ile teslim edilir. \u0130stenirse firmam\u0131zdan ald\u0131\u011f\u0131n\u0131z masa tablas\u0131na ba\u011flant\u0131s\u0131 yap\u0131labilir. \u0130&ccedil; mekan kullan\u0131m\u0131 i&ccedil;in uygundur.&lt;hr&gt;&lt;p&gt;Siyah boyal\u0131 olarak ba\u011flant\u0131 vidalar\u0131yla teslim edilir.&nbsp;&lt;\/p&gt;&lt;p&gt;Bu &uuml;r&uuml;nde kullanabilece\u011finiz Masa tablalar\u0131 kategorileri :&lt;\/p&gt;&lt;ul&gt;&lt;li&gt;&lt;a href=&quot;https:\/\/www.palmiyekocak.com\/masifpan-masa-tablasi&quot;&gt;Masifpan Tabla&lt;\/a&gt;&lt;\/li&gt;&lt;li&gt;&lt;a href=&quot;https:\/\/www.palmiyekocak.com\/werzalit-masa-tablasi&quot;&gt;Werzalit Tabla&lt;\/a&gt;&lt;\/li&gt;&lt;li&gt;&lt;a href=&quot;https:\/\/www.palmiyekocak.com\/kompakt-masa-tablasi&quot;&gt;Kompakt Masa Tablas\u0131&lt;\/a&gt;&lt;\/li&gt;&lt;li&gt;&lt;a href=&quot;https:\/\/www.palmiyekocak.com\/ahsap-masa-tablasi&quot;&gt;Ah\u015fap Masa Tablas\u0131&lt;\/a&gt;&lt;\/li&gt;&lt;\/ul&gt;&lt;p&gt;&lt;br&gt;&lt;\/p&gt;<\/p>\n","protected":false},"featured_media":7365,"comment_status":"closed","ping_status":"open","template":"","meta":{"_joinchat":[]},"product_cat":[73],"product_tag":[],"class_list":{"0":"post-7364","1":"product","2":"type-product","3":"status-publish","4":"has-post-thumbnail","6":"product_cat-metal-masa-ayaklari","8":"first","9":"instock","10":"product-type-simple"},"_links":{"self":[{"href":"https:\/\/palmiyesusleme.com\/index.php\/wp-json\/wp\/v2\/product\/7364","targetHints":{"allow":["GET"]}}],"collection":[{"href":"https:\/\/palmiyesusleme.com\/index.php\/wp-json\/wp\/v2\/product"}],"about":[{"href":"https:\/\/palmiyesusleme.com\/index.php\/wp-json\/wp\/v2\/types\/product"}],"replies":[{"embeddable":true,"href":"https:\/\/palmiyesusleme.com\/index.php\/wp-json\/wp\/v2\/comments?post=7364"}],"wp:featuredmedia":[{"embeddable":true,"href":"https:\/\/palmiyesusleme.com\/index.php\/wp-json\/wp\/v2\/media\/7365"}],"wp:attachment":[{"href":"https:\/\/palmiyesusleme.com\/index.php\/wp-json\/wp\/v2\/media?parent=7364"}],"wp:term":[{"taxonomy":"product_cat","embeddable":true,"href":"https:\/\/palmiyesusleme.com\/index.php\/wp-json\/wp\/v2\/product_cat?post=7364"},{"taxonomy":"product_tag","embeddable":true,"href":"https:\/\/palmiyesusleme.com\/index.php\/wp-json\/wp\/v2\/product_tag?post=7364"}],"curies":[{"name":"wp","href":"https:\/\/api.w.org\/{rel}","templated":true}]}}