{"id":7366,"date":"2024-03-07T16:15:02","date_gmt":"2024-03-07T13:15:02","guid":{"rendered":"https:\/\/palmiyesusleme.com\/index.php\/urun\/ekonomik-metal-ciftli-masa-ayak\/"},"modified":"2024-03-07T16:15:17","modified_gmt":"2024-03-07T13:15:17","slug":"ekonomik-metal-ciftli-masa-ayak","status":"publish","type":"product","link":"https:\/\/palmiyesusleme.com\/index.php\/urun\/ekonomik-metal-ciftli-masa-ayak\/","title":{"rendered":"Ekonomik Metal \u00c7iftli Masa Ayak"},"content":{"rendered":"<p>Metal Siyah Boyal\u0131 i&ccedil; mekan kullan\u0131ma uygun ekonomik, plastik ayarlanabilir vidali ayak papu&ccedil;lu masa ayak&lt;hr&gt;&lt;p&gt;Boyal\u0131 olarak teslim edilmektedir.&lt;\/p&gt;<\/p>\n","protected":false},"excerpt":{"rendered":"<p>Metal Siyah Boyal\u0131 i&ccedil; mekan kullan\u0131ma uygun ekonomik, plastik ayarlanabilir vidali ayak papu&ccedil;lu masa ayak&lt;hr&gt;&lt;p&gt;Boyal\u0131 olarak teslim edilmektedir.&lt;\/p&gt;<\/p>\n","protected":false},"featured_media":7367,"comment_status":"closed","ping_status":"open","template":"","meta":{"_joinchat":[]},"product_cat":[41,73],"product_tag":[],"class_list":{"0":"post-7366","1":"product","2":"type-product","3":"status-publish","4":"has-post-thumbnail","6":"product_cat-dokum-masa-ayaklari","7":"product_cat-metal-masa-ayaklari","9":"first","10":"instock","11":"product-type-simple"},"_links":{"self":[{"href":"https:\/\/palmiyesusleme.com\/index.php\/wp-json\/wp\/v2\/product\/7366","targetHints":{"allow":["GET"]}}],"collection":[{"href":"https:\/\/palmiyesusleme.com\/index.php\/wp-json\/wp\/v2\/product"}],"about":[{"href":"https:\/\/palmiyesusleme.com\/index.php\/wp-json\/wp\/v2\/types\/product"}],"replies":[{"embeddable":true,"href":"https:\/\/palmiyesusleme.com\/index.php\/wp-json\/wp\/v2\/comments?post=7366"}],"wp:featuredmedia":[{"embeddable":true,"href":"https:\/\/palmiyesusleme.com\/index.php\/wp-json\/wp\/v2\/media\/7367"}],"wp:attachment":[{"href":"https:\/\/palmiyesusleme.com\/index.php\/wp-json\/wp\/v2\/media?parent=7366"}],"wp:term":[{"taxonomy":"product_cat","embeddable":true,"href":"https:\/\/palmiyesusleme.com\/index.php\/wp-json\/wp\/v2\/product_cat?post=7366"},{"taxonomy":"product_tag","embeddable":true,"href":"https:\/\/palmiyesusleme.com\/index.php\/wp-json\/wp\/v2\/product_tag?post=7366"}],"curies":[{"name":"wp","href":"https:\/\/api.w.org\/{rel}","templated":true}]}}