{"id":7370,"date":"2024-03-07T16:15:20","date_gmt":"2024-03-07T13:15:20","guid":{"rendered":"https:\/\/palmiyesusleme.com\/index.php\/urun\/x-sekilli-krom-masa-ayagi\/"},"modified":"2024-03-07T16:15:20","modified_gmt":"2024-03-07T13:15:20","slug":"x-sekilli-krom-masa-ayagi","status":"publish","type":"product","link":"https:\/\/palmiyesusleme.com\/index.php\/urun\/x-sekilli-krom-masa-ayagi\/","title":{"rendered":"X \u015eekilli Krom Masa Aya\u011f\u0131"},"content":{"rendered":"<p>Yemek masas\u0131 i\u00e7in \u00f6zel imal edilmi\u015f X Krom Masa Ayak.<br \/>\nKalite ve Sa\u011flaml\u0131k arayanlar i\u00e7in<br \/>\nY\u00fckseklik : 66cm &#8211; 81cm aras\u0131 se\u00e7ilebilir.<br \/>\nGeni\u015flik : 71 cm<br \/>\n70x70mm&lt;hr&gt;&lt;p&gt;&lt;b&gt;&lt;a href=&quot;https:\/\/www.palmiyekocak.com\/yemek-masasi?page=6&quot;&gt;&lt;u&gt;Yemek masas\u0131&lt;\/u&gt;&lt;\/a&gt;&lt;\/b&gt; i\u00e7in \u00f6zel imal edilmi\u015f X \u015eekilli Krom Masa Ayak&lt;\/p&gt;&lt;p&gt;Y\u00fckseklik : 66cm &#8211; 81cm aras\u0131 se\u00e7ilebilir.&lt;\/p&gt;&lt;p&gt;Geni\u015flik : 71 cm&lt;\/p&gt;&lt;p&gt;70x70mm Paslanmaz \u00c7elik Profilden imal edilmi\u015ftir.&lt;\/p&gt;&lt;p&gt;&lt;br&gt;&lt;\/p&gt;&lt;p&gt;&lt;br&gt;&lt;\/p&gt;&lt;p&gt;&amp;nbsp;&lt;\/p&gt;&lt;p&gt;&lt;br&gt;&lt;\/p&gt;<\/p>\n","protected":false},"excerpt":{"rendered":"<p>Yemek masas\u0131 i\u00e7in \u00f6zel imal edilmi\u015f X Krom Masa Ayak. Kalite ve Sa\u011flaml\u0131k arayanlar i\u00e7in Y\u00fckseklik : 66cm &#8211; 81cm aras\u0131 se\u00e7ilebilir. Geni\u015flik : 71 cm 70x70mm&lt;hr&gt;&lt;p&gt;&lt;b&gt;&lt;a href=&quot;https:\/\/www.palmiyekocak.com\/yemek-masasi?page=6&quot;&gt;&lt;u&gt;Yemek masas\u0131&lt;\/u&gt;&lt;\/a&gt;&lt;\/b&gt; i\u00e7in \u00f6zel imal edilmi\u015f X \u015eekilli Krom Masa Ayak&lt;\/p&gt;&lt;p&gt;Y\u00fckseklik : 66cm &#8211; 81cm aras\u0131 se\u00e7ilebilir.&lt;\/p&gt;&lt;p&gt;Geni\u015flik : 71 cm&lt;\/p&gt;&lt;p&gt;70x70mm Paslanmaz \u00c7elik Profilden imal edilmi\u015ftir.&lt;\/p&gt;&lt;p&gt;&lt;br&gt;&lt;\/p&gt;&lt;p&gt;&lt;br&gt;&lt;\/p&gt;&lt;p&gt;&amp;nbsp;&lt;\/p&gt;&lt;p&gt;&lt;br&gt;&lt;\/p&gt;<\/p>\n","protected":false},"featured_media":7371,"comment_status":"closed","ping_status":"open","template":"","meta":{"_joinchat":[]},"product_cat":[75],"product_tag":[],"class_list":{"0":"post-7370","1":"product","2":"type-product","3":"status-publish","4":"has-post-thumbnail","6":"product_cat-paslanmaz-masa-ayaklari","8":"first","9":"instock","10":"product-type-simple"},"_links":{"self":[{"href":"https:\/\/palmiyesusleme.com\/index.php\/wp-json\/wp\/v2\/product\/7370","targetHints":{"allow":["GET"]}}],"collection":[{"href":"https:\/\/palmiyesusleme.com\/index.php\/wp-json\/wp\/v2\/product"}],"about":[{"href":"https:\/\/palmiyesusleme.com\/index.php\/wp-json\/wp\/v2\/types\/product"}],"replies":[{"embeddable":true,"href":"https:\/\/palmiyesusleme.com\/index.php\/wp-json\/wp\/v2\/comments?post=7370"}],"wp:featuredmedia":[{"embeddable":true,"href":"https:\/\/palmiyesusleme.com\/index.php\/wp-json\/wp\/v2\/media\/7371"}],"wp:attachment":[{"href":"https:\/\/palmiyesusleme.com\/index.php\/wp-json\/wp\/v2\/media?parent=7370"}],"wp:term":[{"taxonomy":"product_cat","embeddable":true,"href":"https:\/\/palmiyesusleme.com\/index.php\/wp-json\/wp\/v2\/product_cat?post=7370"},{"taxonomy":"product_tag","embeddable":true,"href":"https:\/\/palmiyesusleme.com\/index.php\/wp-json\/wp\/v2\/product_tag?post=7370"}],"curies":[{"name":"wp","href":"https:\/\/api.w.org\/{rel}","templated":true}]}}