{"id":7378,"date":"2024-03-07T16:15:20","date_gmt":"2024-03-07T13:15:20","guid":{"rendered":"https:\/\/palmiyesusleme.com\/index.php\/urun\/metal-masa-ayagi-5\/"},"modified":"2024-03-07T16:15:23","modified_gmt":"2024-03-07T13:15:23","slug":"metal-masa-ayagi-5","status":"publish","type":"product","link":"https:\/\/palmiyesusleme.com\/index.php\/urun\/metal-masa-ayagi-5\/","title":{"rendered":"Metal Masa Aya\u011f\u0131"},"content":{"rendered":"<p>Metal Masa Aya\u011f\u0131<\/p>\n","protected":false},"excerpt":{"rendered":"<p>Metal Masa Aya\u011f\u0131<\/p>\n","protected":false},"featured_media":7379,"comment_status":"closed","ping_status":"open","template":"","meta":{"_joinchat":[]},"product_cat":[73],"product_tag":[],"class_list":{"0":"post-7378","1":"product","2":"type-product","3":"status-publish","4":"has-post-thumbnail","6":"product_cat-metal-masa-ayaklari","8":"first","9":"instock","10":"product-type-simple"},"_links":{"self":[{"href":"https:\/\/palmiyesusleme.com\/index.php\/wp-json\/wp\/v2\/product\/7378","targetHints":{"allow":["GET"]}}],"collection":[{"href":"https:\/\/palmiyesusleme.com\/index.php\/wp-json\/wp\/v2\/product"}],"about":[{"href":"https:\/\/palmiyesusleme.com\/index.php\/wp-json\/wp\/v2\/types\/product"}],"replies":[{"embeddable":true,"href":"https:\/\/palmiyesusleme.com\/index.php\/wp-json\/wp\/v2\/comments?post=7378"}],"wp:featuredmedia":[{"embeddable":true,"href":"https:\/\/palmiyesusleme.com\/index.php\/wp-json\/wp\/v2\/media\/7379"}],"wp:attachment":[{"href":"https:\/\/palmiyesusleme.com\/index.php\/wp-json\/wp\/v2\/media?parent=7378"}],"wp:term":[{"taxonomy":"product_cat","embeddable":true,"href":"https:\/\/palmiyesusleme.com\/index.php\/wp-json\/wp\/v2\/product_cat?post=7378"},{"taxonomy":"product_tag","embeddable":true,"href":"https:\/\/palmiyesusleme.com\/index.php\/wp-json\/wp\/v2\/product_tag?post=7378"}],"curies":[{"name":"wp","href":"https:\/\/api.w.org\/{rel}","templated":true}]}}