{"id":7455,"date":"2024-03-07T16:15:54","date_gmt":"2024-03-07T13:15:54","guid":{"rendered":"https:\/\/palmiyesusleme.com\/index.php\/urun\/luks-yuvarlak-mermer-tablali-metal-sehpa-masa\/"},"modified":"2024-03-07T16:15:58","modified_gmt":"2024-03-07T13:15:58","slug":"luks-yuvarlak-mermer-tablali-metal-sehpa-masa","status":"publish","type":"product","link":"https:\/\/palmiyesusleme.com\/index.php\/urun\/luks-yuvarlak-mermer-tablali-metal-sehpa-masa\/","title":{"rendered":"L\u00fcks Yuvarlak Mermer Tablal\u0131 Metal Sehpa Masa"},"content":{"rendered":"<p>&lt;p&gt;L\u00fcks Yuvarlak Mermer Tablal\u0131 Metal Sehpa Masa&lt;br&gt;&lt;\/p&gt;<\/p>\n","protected":false},"excerpt":{"rendered":"<p>&lt;p&gt;L\u00fcks Yuvarlak Mermer Tablal\u0131 Metal Sehpa Masa&lt;br&gt;&lt;\/p&gt;<\/p>\n","protected":false},"featured_media":7456,"comment_status":"closed","ping_status":"open","template":"","meta":{"_joinchat":[]},"product_cat":[65,33],"product_tag":[],"class_list":{"0":"post-7455","1":"product","2":"type-product","3":"status-publish","4":"has-post-thumbnail","6":"product_cat-metal-ayakli-yuvarlak-masa","7":"product_cat-orta-sehpa","9":"first","10":"instock","11":"product-type-simple"},"_links":{"self":[{"href":"https:\/\/palmiyesusleme.com\/index.php\/wp-json\/wp\/v2\/product\/7455","targetHints":{"allow":["GET"]}}],"collection":[{"href":"https:\/\/palmiyesusleme.com\/index.php\/wp-json\/wp\/v2\/product"}],"about":[{"href":"https:\/\/palmiyesusleme.com\/index.php\/wp-json\/wp\/v2\/types\/product"}],"replies":[{"embeddable":true,"href":"https:\/\/palmiyesusleme.com\/index.php\/wp-json\/wp\/v2\/comments?post=7455"}],"wp:featuredmedia":[{"embeddable":true,"href":"https:\/\/palmiyesusleme.com\/index.php\/wp-json\/wp\/v2\/media\/7456"}],"wp:attachment":[{"href":"https:\/\/palmiyesusleme.com\/index.php\/wp-json\/wp\/v2\/media?parent=7455"}],"wp:term":[{"taxonomy":"product_cat","embeddable":true,"href":"https:\/\/palmiyesusleme.com\/index.php\/wp-json\/wp\/v2\/product_cat?post=7455"},{"taxonomy":"product_tag","embeddable":true,"href":"https:\/\/palmiyesusleme.com\/index.php\/wp-json\/wp\/v2\/product_tag?post=7455"}],"curies":[{"name":"wp","href":"https:\/\/api.w.org\/{rel}","templated":true}]}}