{"id":7549,"date":"2024-03-07T16:16:48","date_gmt":"2024-03-07T13:16:48","guid":{"rendered":"https:\/\/palmiyesusleme.com\/index.php\/urun\/mavi-kot-gorunumlu-mavi-kumas-dosemeli-kareli-sirt-kumasli-siyah-yuzuklu-retro-ayakli-poliuretan-sandalye\/"},"modified":"2024-03-07T16:16:58","modified_gmt":"2024-03-07T13:16:58","slug":"mavi-kot-gorunumlu-mavi-kumas-dosemeli-kareli-sirt-kumasli-siyah-yuzuklu-retro-ayakli-poliuretan-sandalye","status":"publish","type":"product","link":"https:\/\/palmiyesusleme.com\/index.php\/urun\/mavi-kot-gorunumlu-mavi-kumas-dosemeli-kareli-sirt-kumasli-siyah-yuzuklu-retro-ayakli-poliuretan-sandalye\/","title":{"rendered":"Mavi Kot G\u00f6r\u00fcn\u00fcml\u00fc Mavi Kuma\u015f D\u00f6\u015femeli Kareli S\u0131rt Kuma\u015fl\u0131 Siyah Y\u00fcz\u00fckl\u00fc Retro Ayakl\u0131 Poli\u00fcretan Sandalye"},"content":{"rendered":"<p>&lt;p&gt;Mavi Kot G\u00f6r\u00fcn\u00fcml\u00fc Mavi Kuma\u015f D\u00f6\u015femeli Kareli S\u0131rt Kuma\u015fl\u0131 Siyah Y\u00fcz\u00fckl\u00fc Retro Ayakl\u0131 Poli\u00fcretan Sandalye&lt;br&gt;&lt;\/p&gt;<\/p>\n","protected":false},"excerpt":{"rendered":"<p>&lt;p&gt;Mavi Kot G\u00f6r\u00fcn\u00fcml\u00fc Mavi Kuma\u015f D\u00f6\u015femeli Kareli S\u0131rt Kuma\u015fl\u0131 Siyah Y\u00fcz\u00fckl\u00fc Retro Ayakl\u0131 Poli\u00fcretan Sandalye&lt;br&gt;&lt;\/p&gt;<\/p>\n","protected":false},"featured_media":7550,"comment_status":"closed","ping_status":"open","template":"","meta":{"_joinchat":[]},"product_cat":[182,105],"product_tag":[],"class_list":{"0":"post-7549","1":"product","2":"type-product","3":"status-publish","4":"has-post-thumbnail","6":"product_cat-ahsap-modern-sandalye","7":"product_cat-poliuretan-sandalyeler","9":"first","10":"instock","11":"product-type-simple"},"_links":{"self":[{"href":"https:\/\/palmiyesusleme.com\/index.php\/wp-json\/wp\/v2\/product\/7549","targetHints":{"allow":["GET"]}}],"collection":[{"href":"https:\/\/palmiyesusleme.com\/index.php\/wp-json\/wp\/v2\/product"}],"about":[{"href":"https:\/\/palmiyesusleme.com\/index.php\/wp-json\/wp\/v2\/types\/product"}],"replies":[{"embeddable":true,"href":"https:\/\/palmiyesusleme.com\/index.php\/wp-json\/wp\/v2\/comments?post=7549"}],"wp:featuredmedia":[{"embeddable":true,"href":"https:\/\/palmiyesusleme.com\/index.php\/wp-json\/wp\/v2\/media\/7550"}],"wp:attachment":[{"href":"https:\/\/palmiyesusleme.com\/index.php\/wp-json\/wp\/v2\/media?parent=7549"}],"wp:term":[{"taxonomy":"product_cat","embeddable":true,"href":"https:\/\/palmiyesusleme.com\/index.php\/wp-json\/wp\/v2\/product_cat?post=7549"},{"taxonomy":"product_tag","embeddable":true,"href":"https:\/\/palmiyesusleme.com\/index.php\/wp-json\/wp\/v2\/product_tag?post=7549"}],"curies":[{"name":"wp","href":"https:\/\/api.w.org\/{rel}","templated":true}]}}