{"id":7553,"date":"2024-03-07T16:16:48","date_gmt":"2024-03-07T13:16:48","guid":{"rendered":"https:\/\/palmiyesusleme.com\/index.php\/urun\/parlement-mavisi-kumas-dosemeli-ahsap-ayakli-modern-kolsuz-sandalye\/"},"modified":"2024-03-07T16:16:59","modified_gmt":"2024-03-07T13:16:59","slug":"parlement-mavisi-kumas-dosemeli-ahsap-ayakli-modern-kolsuz-sandalye","status":"publish","type":"product","link":"https:\/\/palmiyesusleme.com\/index.php\/urun\/parlement-mavisi-kumas-dosemeli-ahsap-ayakli-modern-kolsuz-sandalye\/","title":{"rendered":"Parlement Mavisi Kuma\u015f D\u00f6\u015femeli Ah\u015fap Ayakl\u0131 Modern Kolsuz Sandalye"},"content":{"rendered":"<p>&lt;p&gt;Parlement Mavisi Kuma\u015f D\u00f6\u015femeli Ah\u015fap Ayakl\u0131 Modern Kolsuz Sandalye&lt;br&gt;&lt;\/p&gt;<\/p>\n","protected":false},"excerpt":{"rendered":"<p>&lt;p&gt;Parlement Mavisi Kuma\u015f D\u00f6\u015femeli Ah\u015fap Ayakl\u0131 Modern Kolsuz Sandalye&lt;br&gt;&lt;\/p&gt;<\/p>\n","protected":false},"featured_media":7554,"comment_status":"closed","ping_status":"open","template":"","meta":{"_joinchat":[]},"product_cat":[182],"product_tag":[],"class_list":{"0":"post-7553","1":"product","2":"type-product","3":"status-publish","4":"has-post-thumbnail","6":"product_cat-ahsap-modern-sandalye","8":"first","9":"instock","10":"product-type-simple"},"_links":{"self":[{"href":"https:\/\/palmiyesusleme.com\/index.php\/wp-json\/wp\/v2\/product\/7553","targetHints":{"allow":["GET"]}}],"collection":[{"href":"https:\/\/palmiyesusleme.com\/index.php\/wp-json\/wp\/v2\/product"}],"about":[{"href":"https:\/\/palmiyesusleme.com\/index.php\/wp-json\/wp\/v2\/types\/product"}],"replies":[{"embeddable":true,"href":"https:\/\/palmiyesusleme.com\/index.php\/wp-json\/wp\/v2\/comments?post=7553"}],"wp:featuredmedia":[{"embeddable":true,"href":"https:\/\/palmiyesusleme.com\/index.php\/wp-json\/wp\/v2\/media\/7554"}],"wp:attachment":[{"href":"https:\/\/palmiyesusleme.com\/index.php\/wp-json\/wp\/v2\/media?parent=7553"}],"wp:term":[{"taxonomy":"product_cat","embeddable":true,"href":"https:\/\/palmiyesusleme.com\/index.php\/wp-json\/wp\/v2\/product_cat?post=7553"},{"taxonomy":"product_tag","embeddable":true,"href":"https:\/\/palmiyesusleme.com\/index.php\/wp-json\/wp\/v2\/product_tag?post=7553"}],"curies":[{"name":"wp","href":"https:\/\/api.w.org\/{rel}","templated":true}]}}