{"id":7561,"date":"2024-03-07T16:16:48","date_gmt":"2024-03-07T13:16:48","guid":{"rendered":"https:\/\/palmiyesusleme.com\/index.php\/urun\/retro-ayakli-antrasit-kumas-dosemeli-sirt-desenli-modern-ahsap-sandalye\/"},"modified":"2024-03-07T16:17:02","modified_gmt":"2024-03-07T13:17:02","slug":"retro-ayakli-antrasit-kumas-dosemeli-sirt-desenli-modern-ahsap-sandalye","status":"publish","type":"product","link":"https:\/\/palmiyesusleme.com\/index.php\/urun\/retro-ayakli-antrasit-kumas-dosemeli-sirt-desenli-modern-ahsap-sandalye\/","title":{"rendered":"Retro Ayakl\u0131 Antrasit Kuma\u015f D\u00f6\u015femeli S\u0131rt Desenli Modern Ah\u015fap Sandalye"},"content":{"rendered":"<p>&lt;p&gt;Retro Ayakl\u0131 Antrasit Kuma\u015f D\u00f6\u015femeli S\u0131rt Desenli Modern Ah\u015fap Sandalye&lt;br&gt;&lt;\/p&gt;<\/p>\n","protected":false},"excerpt":{"rendered":"<p>&lt;p&gt;Retro Ayakl\u0131 Antrasit Kuma\u015f D\u00f6\u015femeli S\u0131rt Desenli Modern Ah\u015fap Sandalye&lt;br&gt;&lt;\/p&gt;<\/p>\n","protected":false},"featured_media":7562,"comment_status":"closed","ping_status":"open","template":"","meta":{"_joinchat":[]},"product_cat":[183],"product_tag":[],"class_list":{"0":"post-7561","1":"product","2":"type-product","3":"status-publish","4":"has-post-thumbnail","6":"product_cat-ahsap-modern-kollu-sandalye","8":"first","9":"instock","10":"product-type-simple"},"_links":{"self":[{"href":"https:\/\/palmiyesusleme.com\/index.php\/wp-json\/wp\/v2\/product\/7561","targetHints":{"allow":["GET"]}}],"collection":[{"href":"https:\/\/palmiyesusleme.com\/index.php\/wp-json\/wp\/v2\/product"}],"about":[{"href":"https:\/\/palmiyesusleme.com\/index.php\/wp-json\/wp\/v2\/types\/product"}],"replies":[{"embeddable":true,"href":"https:\/\/palmiyesusleme.com\/index.php\/wp-json\/wp\/v2\/comments?post=7561"}],"wp:featuredmedia":[{"embeddable":true,"href":"https:\/\/palmiyesusleme.com\/index.php\/wp-json\/wp\/v2\/media\/7562"}],"wp:attachment":[{"href":"https:\/\/palmiyesusleme.com\/index.php\/wp-json\/wp\/v2\/media?parent=7561"}],"wp:term":[{"taxonomy":"product_cat","embeddable":true,"href":"https:\/\/palmiyesusleme.com\/index.php\/wp-json\/wp\/v2\/product_cat?post=7561"},{"taxonomy":"product_tag","embeddable":true,"href":"https:\/\/palmiyesusleme.com\/index.php\/wp-json\/wp\/v2\/product_tag?post=7561"}],"curies":[{"name":"wp","href":"https:\/\/api.w.org\/{rel}","templated":true}]}}