{"id":7563,"date":"2024-03-07T16:16:48","date_gmt":"2024-03-07T13:16:48","guid":{"rendered":"https:\/\/palmiyesusleme.com\/index.php\/urun\/pembe-kumas-dosemeli-siyah-retro-ayakli-modern-sandalye\/"},"modified":"2024-03-07T16:17:02","modified_gmt":"2024-03-07T13:17:02","slug":"pembe-kumas-dosemeli-siyah-retro-ayakli-modern-sandalye","status":"publish","type":"product","link":"https:\/\/palmiyesusleme.com\/index.php\/urun\/pembe-kumas-dosemeli-siyah-retro-ayakli-modern-sandalye\/","title":{"rendered":"Pembe Kuma\u015f D\u00f6\u015femeli Siyah Retro Ayakl\u0131 Modern Sandalye"},"content":{"rendered":"<p>&lt;p&gt;Pembe Kuma\u015f D\u00f6\u015femeli Siyah Retro Ayakl\u0131 Modern Sandalye&lt;br&gt;&lt;\/p&gt;<\/p>\n","protected":false},"excerpt":{"rendered":"<p>&lt;p&gt;Pembe Kuma\u015f D\u00f6\u015femeli Siyah Retro Ayakl\u0131 Modern Sandalye&lt;br&gt;&lt;\/p&gt;<\/p>\n","protected":false},"featured_media":7564,"comment_status":"closed","ping_status":"open","template":"","meta":{"_joinchat":[]},"product_cat":[183,105],"product_tag":[],"class_list":{"0":"post-7563","1":"product","2":"type-product","3":"status-publish","4":"has-post-thumbnail","6":"product_cat-ahsap-modern-kollu-sandalye","7":"product_cat-poliuretan-sandalyeler","9":"first","10":"instock","11":"product-type-simple"},"_links":{"self":[{"href":"https:\/\/palmiyesusleme.com\/index.php\/wp-json\/wp\/v2\/product\/7563","targetHints":{"allow":["GET"]}}],"collection":[{"href":"https:\/\/palmiyesusleme.com\/index.php\/wp-json\/wp\/v2\/product"}],"about":[{"href":"https:\/\/palmiyesusleme.com\/index.php\/wp-json\/wp\/v2\/types\/product"}],"replies":[{"embeddable":true,"href":"https:\/\/palmiyesusleme.com\/index.php\/wp-json\/wp\/v2\/comments?post=7563"}],"wp:featuredmedia":[{"embeddable":true,"href":"https:\/\/palmiyesusleme.com\/index.php\/wp-json\/wp\/v2\/media\/7564"}],"wp:attachment":[{"href":"https:\/\/palmiyesusleme.com\/index.php\/wp-json\/wp\/v2\/media?parent=7563"}],"wp:term":[{"taxonomy":"product_cat","embeddable":true,"href":"https:\/\/palmiyesusleme.com\/index.php\/wp-json\/wp\/v2\/product_cat?post=7563"},{"taxonomy":"product_tag","embeddable":true,"href":"https:\/\/palmiyesusleme.com\/index.php\/wp-json\/wp\/v2\/product_tag?post=7563"}],"curies":[{"name":"wp","href":"https:\/\/api.w.org\/{rel}","templated":true}]}}