{"id":7639,"date":"2024-03-07T16:17:22","date_gmt":"2024-03-07T13:17:22","guid":{"rendered":"https:\/\/palmiyesusleme.com\/index.php\/urun\/istiridye-deniz-kabugu-dekorlu-kapitoneli-sandalyeli-nikah-masa-takimi-saglam\/"},"modified":"2024-03-07T16:17:36","modified_gmt":"2024-03-07T13:17:36","slug":"istiridye-deniz-kabugu-dekorlu-kapitoneli-sandalyeli-nikah-masa-takimi-saglam","status":"publish","type":"product","link":"https:\/\/palmiyesusleme.com\/index.php\/urun\/istiridye-deniz-kabugu-dekorlu-kapitoneli-sandalyeli-nikah-masa-takimi-saglam\/","title":{"rendered":"\u0130stiridye Deniz Kabu\u011fu Dekorlu Kapitoneli Sandalyeli Nikah Masa Tak\u0131m\u0131 Sa\u011flam"},"content":{"rendered":"<p>\u0130stiridye Deniz Kabu\u011fu Dekorlu Kapitoneli Sandalyeli Nikah Masa Tak\u0131m\u0131 Sa\u011flam<\/p>\n","protected":false},"excerpt":{"rendered":"<p>\u0130stiridye Deniz Kabu\u011fu Dekorlu Kapitoneli Sandalyeli Nikah Masa Tak\u0131m\u0131 Sa\u011flam<\/p>\n","protected":false},"featured_media":7640,"comment_status":"closed","ping_status":"open","template":"","meta":{"_joinchat":[]},"product_cat":[195],"product_tag":[],"class_list":{"0":"post-7639","1":"product","2":"type-product","3":"status-publish","4":"has-post-thumbnail","6":"product_cat-nikah-masa-takimi","8":"first","9":"instock","10":"product-type-simple"},"_links":{"self":[{"href":"https:\/\/palmiyesusleme.com\/index.php\/wp-json\/wp\/v2\/product\/7639","targetHints":{"allow":["GET"]}}],"collection":[{"href":"https:\/\/palmiyesusleme.com\/index.php\/wp-json\/wp\/v2\/product"}],"about":[{"href":"https:\/\/palmiyesusleme.com\/index.php\/wp-json\/wp\/v2\/types\/product"}],"replies":[{"embeddable":true,"href":"https:\/\/palmiyesusleme.com\/index.php\/wp-json\/wp\/v2\/comments?post=7639"}],"wp:featuredmedia":[{"embeddable":true,"href":"https:\/\/palmiyesusleme.com\/index.php\/wp-json\/wp\/v2\/media\/7640"}],"wp:attachment":[{"href":"https:\/\/palmiyesusleme.com\/index.php\/wp-json\/wp\/v2\/media?parent=7639"}],"wp:term":[{"taxonomy":"product_cat","embeddable":true,"href":"https:\/\/palmiyesusleme.com\/index.php\/wp-json\/wp\/v2\/product_cat?post=7639"},{"taxonomy":"product_tag","embeddable":true,"href":"https:\/\/palmiyesusleme.com\/index.php\/wp-json\/wp\/v2\/product_tag?post=7639"}],"curies":[{"name":"wp","href":"https:\/\/api.w.org\/{rel}","templated":true}]}}