{"id":7641,"date":"2024-03-07T16:17:22","date_gmt":"2024-03-07T13:17:22","guid":{"rendered":"https:\/\/palmiyesusleme.com\/index.php\/urun\/fildisi-varakli-gold-takimi-1-kalite\/"},"modified":"2024-03-07T16:17:36","modified_gmt":"2024-03-07T13:17:36","slug":"fildisi-varakli-gold-takimi-1-kalite","status":"publish","type":"product","link":"https:\/\/palmiyesusleme.com\/index.php\/urun\/fildisi-varakli-gold-takimi-1-kalite\/","title":{"rendered":"Fildi\u015fi Varakl\u0131 Gold Tak\u0131m\u0131 1. Kalite"},"content":{"rendered":"<p>Fildi\u015fi Varakl\u0131 Gold Tak\u0131m\u0131 1. Kalite<\/p>\n","protected":false},"excerpt":{"rendered":"<p>Fildi\u015fi Varakl\u0131 Gold Tak\u0131m\u0131 1. Kalite<\/p>\n","protected":false},"featured_media":7642,"comment_status":"closed","ping_status":"open","template":"","meta":{"_joinchat":[]},"product_cat":[195],"product_tag":[],"class_list":{"0":"post-7641","1":"product","2":"type-product","3":"status-publish","4":"has-post-thumbnail","6":"product_cat-nikah-masa-takimi","8":"first","9":"instock","10":"product-type-simple"},"_links":{"self":[{"href":"https:\/\/palmiyesusleme.com\/index.php\/wp-json\/wp\/v2\/product\/7641","targetHints":{"allow":["GET"]}}],"collection":[{"href":"https:\/\/palmiyesusleme.com\/index.php\/wp-json\/wp\/v2\/product"}],"about":[{"href":"https:\/\/palmiyesusleme.com\/index.php\/wp-json\/wp\/v2\/types\/product"}],"replies":[{"embeddable":true,"href":"https:\/\/palmiyesusleme.com\/index.php\/wp-json\/wp\/v2\/comments?post=7641"}],"wp:featuredmedia":[{"embeddable":true,"href":"https:\/\/palmiyesusleme.com\/index.php\/wp-json\/wp\/v2\/media\/7642"}],"wp:attachment":[{"href":"https:\/\/palmiyesusleme.com\/index.php\/wp-json\/wp\/v2\/media?parent=7641"}],"wp:term":[{"taxonomy":"product_cat","embeddable":true,"href":"https:\/\/palmiyesusleme.com\/index.php\/wp-json\/wp\/v2\/product_cat?post=7641"},{"taxonomy":"product_tag","embeddable":true,"href":"https:\/\/palmiyesusleme.com\/index.php\/wp-json\/wp\/v2\/product_tag?post=7641"}],"curies":[{"name":"wp","href":"https:\/\/api.w.org\/{rel}","templated":true}]}}