{"id":7645,"date":"2024-03-07T16:17:40","date_gmt":"2024-03-07T13:17:40","guid":{"rendered":"https:\/\/palmiyesusleme.com\/index.php\/urun\/kapitoneli-nikah-masasi-takimi-kule-dekor\/"},"modified":"2024-03-07T16:17:40","modified_gmt":"2024-03-07T13:17:40","slug":"kapitoneli-nikah-masasi-takimi-kule-dekor","status":"publish","type":"product","link":"https:\/\/palmiyesusleme.com\/index.php\/urun\/kapitoneli-nikah-masasi-takimi-kule-dekor\/","title":{"rendered":"Kapitoneli Nikah Masas\u0131 Tak\u0131m\u0131 Kule Dekor"},"content":{"rendered":"<p>Kapitoneli Nikah Masas\u0131 Tak\u0131m\u0131 Kule Dekor<\/p>\n","protected":false},"excerpt":{"rendered":"<p>Kapitoneli Nikah Masas\u0131 Tak\u0131m\u0131 Kule Dekor<\/p>\n","protected":false},"featured_media":7646,"comment_status":"closed","ping_status":"open","template":"","meta":{"_joinchat":[]},"product_cat":[195],"product_tag":[],"class_list":{"0":"post-7645","1":"product","2":"type-product","3":"status-publish","4":"has-post-thumbnail","6":"product_cat-nikah-masa-takimi","8":"first","9":"instock","10":"product-type-simple"},"_links":{"self":[{"href":"https:\/\/palmiyesusleme.com\/index.php\/wp-json\/wp\/v2\/product\/7645","targetHints":{"allow":["GET"]}}],"collection":[{"href":"https:\/\/palmiyesusleme.com\/index.php\/wp-json\/wp\/v2\/product"}],"about":[{"href":"https:\/\/palmiyesusleme.com\/index.php\/wp-json\/wp\/v2\/types\/product"}],"replies":[{"embeddable":true,"href":"https:\/\/palmiyesusleme.com\/index.php\/wp-json\/wp\/v2\/comments?post=7645"}],"wp:featuredmedia":[{"embeddable":true,"href":"https:\/\/palmiyesusleme.com\/index.php\/wp-json\/wp\/v2\/media\/7646"}],"wp:attachment":[{"href":"https:\/\/palmiyesusleme.com\/index.php\/wp-json\/wp\/v2\/media?parent=7645"}],"wp:term":[{"taxonomy":"product_cat","embeddable":true,"href":"https:\/\/palmiyesusleme.com\/index.php\/wp-json\/wp\/v2\/product_cat?post=7645"},{"taxonomy":"product_tag","embeddable":true,"href":"https:\/\/palmiyesusleme.com\/index.php\/wp-json\/wp\/v2\/product_tag?post=7645"}],"curies":[{"name":"wp","href":"https:\/\/api.w.org\/{rel}","templated":true}]}}