{"id":7659,"date":"2024-03-07T16:17:40","date_gmt":"2024-03-07T13:17:40","guid":{"rendered":"https:\/\/palmiyesusleme.com\/index.php\/urun\/cnc-islemeli-masali-nikah-sandalye-takimi-1-sinif\/"},"modified":"2024-03-07T16:17:45","modified_gmt":"2024-03-07T13:17:45","slug":"cnc-islemeli-masali-nikah-sandalye-takimi-1-sinif","status":"publish","type":"product","link":"https:\/\/palmiyesusleme.com\/index.php\/urun\/cnc-islemeli-masali-nikah-sandalye-takimi-1-sinif\/","title":{"rendered":"Cnc \u0130\u015flemeli Masal\u0131 Nikah Sandalye Tak\u0131m\u0131 1. S\u0131n\u0131f"},"content":{"rendered":"<p>Cnc \u0130\u015flemeli Masal\u0131 Nikah Sandalye Tak\u0131m\u0131 1. S\u0131n\u0131f<\/p>\n","protected":false},"excerpt":{"rendered":"<p>Cnc \u0130\u015flemeli Masal\u0131 Nikah Sandalye Tak\u0131m\u0131 1. S\u0131n\u0131f<\/p>\n","protected":false},"featured_media":7660,"comment_status":"closed","ping_status":"open","template":"","meta":{"_joinchat":[]},"product_cat":[195],"product_tag":[],"class_list":{"0":"post-7659","1":"product","2":"type-product","3":"status-publish","4":"has-post-thumbnail","6":"product_cat-nikah-masa-takimi","8":"first","9":"instock","10":"product-type-simple"},"_links":{"self":[{"href":"https:\/\/palmiyesusleme.com\/index.php\/wp-json\/wp\/v2\/product\/7659","targetHints":{"allow":["GET"]}}],"collection":[{"href":"https:\/\/palmiyesusleme.com\/index.php\/wp-json\/wp\/v2\/product"}],"about":[{"href":"https:\/\/palmiyesusleme.com\/index.php\/wp-json\/wp\/v2\/types\/product"}],"replies":[{"embeddable":true,"href":"https:\/\/palmiyesusleme.com\/index.php\/wp-json\/wp\/v2\/comments?post=7659"}],"wp:featuredmedia":[{"embeddable":true,"href":"https:\/\/palmiyesusleme.com\/index.php\/wp-json\/wp\/v2\/media\/7660"}],"wp:attachment":[{"href":"https:\/\/palmiyesusleme.com\/index.php\/wp-json\/wp\/v2\/media?parent=7659"}],"wp:term":[{"taxonomy":"product_cat","embeddable":true,"href":"https:\/\/palmiyesusleme.com\/index.php\/wp-json\/wp\/v2\/product_cat?post=7659"},{"taxonomy":"product_tag","embeddable":true,"href":"https:\/\/palmiyesusleme.com\/index.php\/wp-json\/wp\/v2\/product_tag?post=7659"}],"curies":[{"name":"wp","href":"https:\/\/api.w.org\/{rel}","templated":true}]}}