{"id":7667,"date":"2024-03-07T16:17:40","date_gmt":"2024-03-07T13:17:40","guid":{"rendered":"https:\/\/palmiyesusleme.com\/index.php\/urun\/cnc-ahsap-nikah-sandalyesi-1-sinif\/"},"modified":"2024-03-07T16:17:49","modified_gmt":"2024-03-07T13:17:49","slug":"cnc-ahsap-nikah-sandalyesi-1-sinif","status":"publish","type":"product","link":"https:\/\/palmiyesusleme.com\/index.php\/urun\/cnc-ahsap-nikah-sandalyesi-1-sinif\/","title":{"rendered":"Cnc Ah\u015fap Nikah Sandalyesi 1. S\u0131n\u0131f"},"content":{"rendered":"<p>Cnc Ah\u015fap Nikah Sandalyesi 1. S\u0131n\u0131f<\/p>\n","protected":false},"excerpt":{"rendered":"<p>Cnc Ah\u015fap Nikah Sandalyesi 1. S\u0131n\u0131f<\/p>\n","protected":false},"featured_media":7668,"comment_status":"closed","ping_status":"open","template":"","meta":{"_joinchat":[]},"product_cat":[197,196],"product_tag":[],"class_list":{"0":"post-7667","1":"product","2":"type-product","3":"status-publish","4":"has-post-thumbnail","6":"product_cat-gelin-damat-sandalyeleri","7":"product_cat-nikah-sandalyeleri","9":"first","10":"instock","11":"product-type-simple"},"_links":{"self":[{"href":"https:\/\/palmiyesusleme.com\/index.php\/wp-json\/wp\/v2\/product\/7667","targetHints":{"allow":["GET"]}}],"collection":[{"href":"https:\/\/palmiyesusleme.com\/index.php\/wp-json\/wp\/v2\/product"}],"about":[{"href":"https:\/\/palmiyesusleme.com\/index.php\/wp-json\/wp\/v2\/types\/product"}],"replies":[{"embeddable":true,"href":"https:\/\/palmiyesusleme.com\/index.php\/wp-json\/wp\/v2\/comments?post=7667"}],"wp:featuredmedia":[{"embeddable":true,"href":"https:\/\/palmiyesusleme.com\/index.php\/wp-json\/wp\/v2\/media\/7668"}],"wp:attachment":[{"href":"https:\/\/palmiyesusleme.com\/index.php\/wp-json\/wp\/v2\/media?parent=7667"}],"wp:term":[{"taxonomy":"product_cat","embeddable":true,"href":"https:\/\/palmiyesusleme.com\/index.php\/wp-json\/wp\/v2\/product_cat?post=7667"},{"taxonomy":"product_tag","embeddable":true,"href":"https:\/\/palmiyesusleme.com\/index.php\/wp-json\/wp\/v2\/product_tag?post=7667"}],"curies":[{"name":"wp","href":"https:\/\/api.w.org\/{rel}","templated":true}]}}