{"id":7671,"date":"2024-03-07T16:17:40","date_gmt":"2024-03-07T13:17:40","guid":{"rendered":"https:\/\/palmiyesusleme.com\/index.php\/urun\/kapitoneli-sirti-uzun-nikah-sandalyesi\/"},"modified":"2024-03-07T16:17:51","modified_gmt":"2024-03-07T13:17:51","slug":"kapitoneli-sirti-uzun-nikah-sandalyesi","status":"publish","type":"product","link":"https:\/\/palmiyesusleme.com\/index.php\/urun\/kapitoneli-sirti-uzun-nikah-sandalyesi\/","title":{"rendered":"Kapitoneli S\u0131rt\u0131 Uzun Nikah Sandalyesi"},"content":{"rendered":"<p>&lt;p&gt;Kapitoneli S\u0131rt\u0131 Uzun Nikah Sandalyesi&lt;\/p&gt;&lt;p&gt;&lt;br&gt;&lt;\/p&gt;<\/p>\n","protected":false},"excerpt":{"rendered":"<p>&lt;p&gt;Kapitoneli S\u0131rt\u0131 Uzun Nikah Sandalyesi&lt;\/p&gt;&lt;p&gt;&lt;br&gt;&lt;\/p&gt;<\/p>\n","protected":false},"featured_media":7672,"comment_status":"closed","ping_status":"open","template":"","meta":{"_joinchat":[]},"product_cat":[197,196],"product_tag":[],"class_list":{"0":"post-7671","1":"product","2":"type-product","3":"status-publish","4":"has-post-thumbnail","6":"product_cat-gelin-damat-sandalyeleri","7":"product_cat-nikah-sandalyeleri","9":"first","10":"instock","11":"product-type-simple"},"_links":{"self":[{"href":"https:\/\/palmiyesusleme.com\/index.php\/wp-json\/wp\/v2\/product\/7671","targetHints":{"allow":["GET"]}}],"collection":[{"href":"https:\/\/palmiyesusleme.com\/index.php\/wp-json\/wp\/v2\/product"}],"about":[{"href":"https:\/\/palmiyesusleme.com\/index.php\/wp-json\/wp\/v2\/types\/product"}],"replies":[{"embeddable":true,"href":"https:\/\/palmiyesusleme.com\/index.php\/wp-json\/wp\/v2\/comments?post=7671"}],"wp:featuredmedia":[{"embeddable":true,"href":"https:\/\/palmiyesusleme.com\/index.php\/wp-json\/wp\/v2\/media\/7672"}],"wp:attachment":[{"href":"https:\/\/palmiyesusleme.com\/index.php\/wp-json\/wp\/v2\/media?parent=7671"}],"wp:term":[{"taxonomy":"product_cat","embeddable":true,"href":"https:\/\/palmiyesusleme.com\/index.php\/wp-json\/wp\/v2\/product_cat?post=7671"},{"taxonomy":"product_tag","embeddable":true,"href":"https:\/\/palmiyesusleme.com\/index.php\/wp-json\/wp\/v2\/product_tag?post=7671"}],"curies":[{"name":"wp","href":"https:\/\/api.w.org\/{rel}","templated":true}]}}