{"id":7675,"date":"2024-03-07T16:17:40","date_gmt":"2024-03-07T13:17:40","guid":{"rendered":"https:\/\/palmiyesusleme.com\/index.php\/urun\/klasik-ahsap-nikah-sandalyesi-imalati\/"},"modified":"2024-03-07T16:17:52","modified_gmt":"2024-03-07T13:17:52","slug":"klasik-ahsap-nikah-sandalyesi-imalati","status":"publish","type":"product","link":"https:\/\/palmiyesusleme.com\/index.php\/urun\/klasik-ahsap-nikah-sandalyesi-imalati\/","title":{"rendered":"Klasik Ah\u015fap Nikah Sandalyesi \u0130malat\u0131"},"content":{"rendered":"<p>Klasik Ah\u015fap Nikah Sandalyesi \u0130malat\u0131<\/p>\n","protected":false},"excerpt":{"rendered":"<p>Klasik Ah\u015fap Nikah Sandalyesi \u0130malat\u0131<\/p>\n","protected":false},"featured_media":7676,"comment_status":"closed","ping_status":"open","template":"","meta":{"_joinchat":[]},"product_cat":[197,196],"product_tag":[],"class_list":{"0":"post-7675","1":"product","2":"type-product","3":"status-publish","4":"has-post-thumbnail","6":"product_cat-gelin-damat-sandalyeleri","7":"product_cat-nikah-sandalyeleri","9":"first","10":"instock","11":"product-type-simple"},"_links":{"self":[{"href":"https:\/\/palmiyesusleme.com\/index.php\/wp-json\/wp\/v2\/product\/7675","targetHints":{"allow":["GET"]}}],"collection":[{"href":"https:\/\/palmiyesusleme.com\/index.php\/wp-json\/wp\/v2\/product"}],"about":[{"href":"https:\/\/palmiyesusleme.com\/index.php\/wp-json\/wp\/v2\/types\/product"}],"replies":[{"embeddable":true,"href":"https:\/\/palmiyesusleme.com\/index.php\/wp-json\/wp\/v2\/comments?post=7675"}],"wp:featuredmedia":[{"embeddable":true,"href":"https:\/\/palmiyesusleme.com\/index.php\/wp-json\/wp\/v2\/media\/7676"}],"wp:attachment":[{"href":"https:\/\/palmiyesusleme.com\/index.php\/wp-json\/wp\/v2\/media?parent=7675"}],"wp:term":[{"taxonomy":"product_cat","embeddable":true,"href":"https:\/\/palmiyesusleme.com\/index.php\/wp-json\/wp\/v2\/product_cat?post=7675"},{"taxonomy":"product_tag","embeddable":true,"href":"https:\/\/palmiyesusleme.com\/index.php\/wp-json\/wp\/v2\/product_tag?post=7675"}],"curies":[{"name":"wp","href":"https:\/\/api.w.org\/{rel}","templated":true}]}}