{"id":7685,"date":"2024-03-07T16:17:57","date_gmt":"2024-03-07T13:17:57","guid":{"rendered":"https:\/\/palmiyesusleme.com\/index.php\/urun\/yaprak-dilimli-beyaz-dosemeli-nikah-sandalyesi-imalati\/"},"modified":"2024-03-07T16:17:58","modified_gmt":"2024-03-07T13:17:58","slug":"yaprak-dilimli-beyaz-dosemeli-nikah-sandalyesi-imalati","status":"publish","type":"product","link":"https:\/\/palmiyesusleme.com\/index.php\/urun\/yaprak-dilimli-beyaz-dosemeli-nikah-sandalyesi-imalati\/","title":{"rendered":"Yaprak Dilimli Beyaz D\u00f6\u015femeli Nikah Sandalyesi \u0130malat\u0131"},"content":{"rendered":"<p>Yaprak Dilimli Beyaz D&ouml;\u015femeli Nikah Sandalyesi \u0130malat\u0131<\/p>\n","protected":false},"excerpt":{"rendered":"<p>Yaprak Dilimli Beyaz D&ouml;\u015femeli Nikah Sandalyesi \u0130malat\u0131<\/p>\n","protected":false},"featured_media":7686,"comment_status":"closed","ping_status":"open","template":"","meta":{"_joinchat":[]},"product_cat":[197,196],"product_tag":[],"class_list":{"0":"post-7685","1":"product","2":"type-product","3":"status-publish","4":"has-post-thumbnail","6":"product_cat-gelin-damat-sandalyeleri","7":"product_cat-nikah-sandalyeleri","9":"first","10":"instock","11":"product-type-simple"},"_links":{"self":[{"href":"https:\/\/palmiyesusleme.com\/index.php\/wp-json\/wp\/v2\/product\/7685","targetHints":{"allow":["GET"]}}],"collection":[{"href":"https:\/\/palmiyesusleme.com\/index.php\/wp-json\/wp\/v2\/product"}],"about":[{"href":"https:\/\/palmiyesusleme.com\/index.php\/wp-json\/wp\/v2\/types\/product"}],"replies":[{"embeddable":true,"href":"https:\/\/palmiyesusleme.com\/index.php\/wp-json\/wp\/v2\/comments?post=7685"}],"wp:featuredmedia":[{"embeddable":true,"href":"https:\/\/palmiyesusleme.com\/index.php\/wp-json\/wp\/v2\/media\/7686"}],"wp:attachment":[{"href":"https:\/\/palmiyesusleme.com\/index.php\/wp-json\/wp\/v2\/media?parent=7685"}],"wp:term":[{"taxonomy":"product_cat","embeddable":true,"href":"https:\/\/palmiyesusleme.com\/index.php\/wp-json\/wp\/v2\/product_cat?post=7685"},{"taxonomy":"product_tag","embeddable":true,"href":"https:\/\/palmiyesusleme.com\/index.php\/wp-json\/wp\/v2\/product_tag?post=7685"}],"curies":[{"name":"wp","href":"https:\/\/api.w.org\/{rel}","templated":true}]}}