{"id":7691,"date":"2024-03-07T16:17:57","date_gmt":"2024-03-07T13:17:57","guid":{"rendered":"https:\/\/palmiyesusleme.com\/index.php\/urun\/cnc-ahsap-sirtli-nikah-sandalyesi\/"},"modified":"2024-03-07T16:18:00","modified_gmt":"2024-03-07T13:18:00","slug":"cnc-ahsap-sirtli-nikah-sandalyesi","status":"publish","type":"product","link":"https:\/\/palmiyesusleme.com\/index.php\/urun\/cnc-ahsap-sirtli-nikah-sandalyesi\/","title":{"rendered":"Cnc Ah\u015fap S\u0131rtl\u0131 Nikah Sandalyesi"},"content":{"rendered":"<p>Cnc Ah\u015fap S\u0131rtl\u0131 Nikah Sandalyesi<\/p>\n","protected":false},"excerpt":{"rendered":"<p>Cnc Ah\u015fap S\u0131rtl\u0131 Nikah Sandalyesi<\/p>\n","protected":false},"featured_media":7692,"comment_status":"closed","ping_status":"open","template":"","meta":{"_joinchat":[]},"product_cat":[197,196],"product_tag":[],"class_list":{"0":"post-7691","1":"product","2":"type-product","3":"status-publish","4":"has-post-thumbnail","6":"product_cat-gelin-damat-sandalyeleri","7":"product_cat-nikah-sandalyeleri","9":"first","10":"instock","11":"product-type-simple"},"_links":{"self":[{"href":"https:\/\/palmiyesusleme.com\/index.php\/wp-json\/wp\/v2\/product\/7691","targetHints":{"allow":["GET"]}}],"collection":[{"href":"https:\/\/palmiyesusleme.com\/index.php\/wp-json\/wp\/v2\/product"}],"about":[{"href":"https:\/\/palmiyesusleme.com\/index.php\/wp-json\/wp\/v2\/types\/product"}],"replies":[{"embeddable":true,"href":"https:\/\/palmiyesusleme.com\/index.php\/wp-json\/wp\/v2\/comments?post=7691"}],"wp:featuredmedia":[{"embeddable":true,"href":"https:\/\/palmiyesusleme.com\/index.php\/wp-json\/wp\/v2\/media\/7692"}],"wp:attachment":[{"href":"https:\/\/palmiyesusleme.com\/index.php\/wp-json\/wp\/v2\/media?parent=7691"}],"wp:term":[{"taxonomy":"product_cat","embeddable":true,"href":"https:\/\/palmiyesusleme.com\/index.php\/wp-json\/wp\/v2\/product_cat?post=7691"},{"taxonomy":"product_tag","embeddable":true,"href":"https:\/\/palmiyesusleme.com\/index.php\/wp-json\/wp\/v2\/product_tag?post=7691"}],"curies":[{"name":"wp","href":"https:\/\/api.w.org\/{rel}","templated":true}]}}