{"id":7695,"date":"2024-03-07T16:17:57","date_gmt":"2024-03-07T13:17:57","guid":{"rendered":"https:\/\/palmiyesusleme.com\/index.php\/urun\/kapitoneli-gumus-boyali-oymali-ahsap-luks-nikah-sandalyesi\/"},"modified":"2024-03-07T16:18:02","modified_gmt":"2024-03-07T13:18:02","slug":"kapitoneli-gumus-boyali-oymali-ahsap-luks-nikah-sandalyesi","status":"publish","type":"product","link":"https:\/\/palmiyesusleme.com\/index.php\/urun\/kapitoneli-gumus-boyali-oymali-ahsap-luks-nikah-sandalyesi\/","title":{"rendered":"Kapitoneli G\u00fcm\u00fc\u015f Boyal\u0131 Oymal\u0131 Ah\u015fap L\u00fcks Nikah Sandalyesi"},"content":{"rendered":"<p>&lt;p&gt;Kapitoneli G\u00fcm\u00fc\u015f Boyal\u0131 Oymal\u0131 Ah\u015fap L\u00fcks Nikah Sandalyesi&lt;br&gt;&lt;\/p&gt;<\/p>\n","protected":false},"excerpt":{"rendered":"<p>&lt;p&gt;Kapitoneli G\u00fcm\u00fc\u015f Boyal\u0131 Oymal\u0131 Ah\u015fap L\u00fcks Nikah Sandalyesi&lt;br&gt;&lt;\/p&gt;<\/p>\n","protected":false},"featured_media":7696,"comment_status":"closed","ping_status":"open","template":"","meta":{"_joinchat":[]},"product_cat":[197,196],"product_tag":[],"class_list":{"0":"post-7695","1":"product","2":"type-product","3":"status-publish","4":"has-post-thumbnail","6":"product_cat-gelin-damat-sandalyeleri","7":"product_cat-nikah-sandalyeleri","9":"first","10":"instock","11":"product-type-simple"},"_links":{"self":[{"href":"https:\/\/palmiyesusleme.com\/index.php\/wp-json\/wp\/v2\/product\/7695","targetHints":{"allow":["GET"]}}],"collection":[{"href":"https:\/\/palmiyesusleme.com\/index.php\/wp-json\/wp\/v2\/product"}],"about":[{"href":"https:\/\/palmiyesusleme.com\/index.php\/wp-json\/wp\/v2\/types\/product"}],"replies":[{"embeddable":true,"href":"https:\/\/palmiyesusleme.com\/index.php\/wp-json\/wp\/v2\/comments?post=7695"}],"wp:featuredmedia":[{"embeddable":true,"href":"https:\/\/palmiyesusleme.com\/index.php\/wp-json\/wp\/v2\/media\/7696"}],"wp:attachment":[{"href":"https:\/\/palmiyesusleme.com\/index.php\/wp-json\/wp\/v2\/media?parent=7695"}],"wp:term":[{"taxonomy":"product_cat","embeddable":true,"href":"https:\/\/palmiyesusleme.com\/index.php\/wp-json\/wp\/v2\/product_cat?post=7695"},{"taxonomy":"product_tag","embeddable":true,"href":"https:\/\/palmiyesusleme.com\/index.php\/wp-json\/wp\/v2\/product_tag?post=7695"}],"curies":[{"name":"wp","href":"https:\/\/api.w.org\/{rel}","templated":true}]}}