{"id":7697,"date":"2024-03-07T16:17:57","date_gmt":"2024-03-07T13:17:57","guid":{"rendered":"https:\/\/palmiyesusleme.com\/index.php\/urun\/oymali-beyaz-kapitoneli-nikah-sandalyesi\/"},"modified":"2024-03-07T16:18:03","modified_gmt":"2024-03-07T13:18:03","slug":"oymali-beyaz-kapitoneli-nikah-sandalyesi","status":"publish","type":"product","link":"https:\/\/palmiyesusleme.com\/index.php\/urun\/oymali-beyaz-kapitoneli-nikah-sandalyesi\/","title":{"rendered":"Oymal\u0131 Beyaz Kapitoneli Nikah Sandalyesi"},"content":{"rendered":"<p>&lt;p&gt;Beyaz Oymal\u0131, Beyaz Suni Deri Kapl\u0131 Kapitoneli bir \u00fcr\u00fcnd\u00fcr&lt;\/p&gt;<\/p>\n","protected":false},"excerpt":{"rendered":"<p>&lt;p&gt;Beyaz Oymal\u0131, Beyaz Suni Deri Kapl\u0131 Kapitoneli bir \u00fcr\u00fcnd\u00fcr&lt;\/p&gt;<\/p>\n","protected":false},"featured_media":7698,"comment_status":"closed","ping_status":"open","template":"","meta":{"_joinchat":[]},"product_cat":[195,196],"product_tag":[],"class_list":{"0":"post-7697","1":"product","2":"type-product","3":"status-publish","4":"has-post-thumbnail","6":"product_cat-nikah-masa-takimi","7":"product_cat-nikah-sandalyeleri","9":"first","10":"instock","11":"product-type-simple"},"_links":{"self":[{"href":"https:\/\/palmiyesusleme.com\/index.php\/wp-json\/wp\/v2\/product\/7697","targetHints":{"allow":["GET"]}}],"collection":[{"href":"https:\/\/palmiyesusleme.com\/index.php\/wp-json\/wp\/v2\/product"}],"about":[{"href":"https:\/\/palmiyesusleme.com\/index.php\/wp-json\/wp\/v2\/types\/product"}],"replies":[{"embeddable":true,"href":"https:\/\/palmiyesusleme.com\/index.php\/wp-json\/wp\/v2\/comments?post=7697"}],"wp:featuredmedia":[{"embeddable":true,"href":"https:\/\/palmiyesusleme.com\/index.php\/wp-json\/wp\/v2\/media\/7698"}],"wp:attachment":[{"href":"https:\/\/palmiyesusleme.com\/index.php\/wp-json\/wp\/v2\/media?parent=7697"}],"wp:term":[{"taxonomy":"product_cat","embeddable":true,"href":"https:\/\/palmiyesusleme.com\/index.php\/wp-json\/wp\/v2\/product_cat?post=7697"},{"taxonomy":"product_tag","embeddable":true,"href":"https:\/\/palmiyesusleme.com\/index.php\/wp-json\/wp\/v2\/product_tag?post=7697"}],"curies":[{"name":"wp","href":"https:\/\/api.w.org\/{rel}","templated":true}]}}