{"id":7872,"date":"2024-03-07T16:19:09","date_gmt":"2024-03-07T13:19:09","guid":{"rendered":"https:\/\/palmiyesusleme.com\/index.php\/urun\/siyah-metal-ayakli-cift-renk-beyaz-plastik-sandalye\/"},"modified":"2024-03-07T16:19:19","modified_gmt":"2024-03-07T13:19:19","slug":"siyah-metal-ayakli-cift-renk-beyaz-plastik-sandalye","status":"publish","type":"product","link":"https:\/\/palmiyesusleme.com\/index.php\/urun\/siyah-metal-ayakli-cift-renk-beyaz-plastik-sandalye\/","title":{"rendered":"Siyah Metal Ayakl\u0131 \u00c7ift Renk Beyaz Plastik Sandalye"},"content":{"rendered":"<p>&lt;p&gt;Rahat ve \u015f\u0131k g\u00f6r\u00fcn\u00fcml\u00fc ofis ve eviniz i\u00e7in ideal bir sandalye. Plastik oturma y\u00fczeyinde \u00e7ift renk ve mat boyal\u0131 ayaklar\u0131yla mekanlar\u0131n\u0131za farkl\u0131l\u0131k kataca\u011f\u0131na emin olabilirsiniz.&lt;\/p&gt;<br \/>\n&lt;div class=&quot;col-lg-12 text-center&quot;&gt;<br \/>\n&lt;img src=&quot;\/image\/catalog\/urun-olcu-resimleri\/olcu-pls100.jpg&quot; class=&quot;img-responsive center-block&quot;&gt;<br \/>\n&lt;\/div&gt;<\/p>\n","protected":false},"excerpt":{"rendered":"<p>&lt;p&gt;Rahat ve \u015f\u0131k g\u00f6r\u00fcn\u00fcml\u00fc ofis ve eviniz i\u00e7in ideal bir sandalye. Plastik oturma y\u00fczeyinde \u00e7ift renk ve mat boyal\u0131 ayaklar\u0131yla mekanlar\u0131n\u0131za farkl\u0131l\u0131k kataca\u011f\u0131na emin olabilirsiniz.&lt;\/p&gt; &lt;div class=&quot;col-lg-12 text-center&quot;&gt; &lt;img src=&quot;\/image\/catalog\/urun-olcu-resimleri\/olcu-pls100.jpg&quot; class=&quot;img-responsive center-block&quot;&gt; &lt;\/div&gt;<\/p>\n","protected":false},"featured_media":7873,"comment_status":"closed","ping_status":"open","template":"","meta":{"_joinchat":[]},"product_cat":[172,37,154],"product_tag":[],"class_list":{"0":"post-7872","1":"product","2":"type-product","3":"status-publish","4":"has-post-thumbnail","6":"product_cat-cafe-sandalyeleri","7":"product_cat-ev-sandalyeleri","8":"product_cat-ic-mekan-plastik-sandalye","10":"first","11":"instock","12":"product-type-simple"},"_links":{"self":[{"href":"https:\/\/palmiyesusleme.com\/index.php\/wp-json\/wp\/v2\/product\/7872","targetHints":{"allow":["GET"]}}],"collection":[{"href":"https:\/\/palmiyesusleme.com\/index.php\/wp-json\/wp\/v2\/product"}],"about":[{"href":"https:\/\/palmiyesusleme.com\/index.php\/wp-json\/wp\/v2\/types\/product"}],"replies":[{"embeddable":true,"href":"https:\/\/palmiyesusleme.com\/index.php\/wp-json\/wp\/v2\/comments?post=7872"}],"wp:featuredmedia":[{"embeddable":true,"href":"https:\/\/palmiyesusleme.com\/index.php\/wp-json\/wp\/v2\/media\/7873"}],"wp:attachment":[{"href":"https:\/\/palmiyesusleme.com\/index.php\/wp-json\/wp\/v2\/media?parent=7872"}],"wp:term":[{"taxonomy":"product_cat","embeddable":true,"href":"https:\/\/palmiyesusleme.com\/index.php\/wp-json\/wp\/v2\/product_cat?post=7872"},{"taxonomy":"product_tag","embeddable":true,"href":"https:\/\/palmiyesusleme.com\/index.php\/wp-json\/wp\/v2\/product_tag?post=7872"}],"curies":[{"name":"wp","href":"https:\/\/api.w.org\/{rel}","templated":true}]}}