{"id":7874,"date":"2024-03-07T16:19:09","date_gmt":"2024-03-07T13:19:09","guid":{"rendered":"https:\/\/palmiyesusleme.com\/index.php\/urun\/orgu-desenli-polipropilen-plastik-sandalye\/"},"modified":"2024-03-07T16:19:20","modified_gmt":"2024-03-07T13:19:20","slug":"orgu-desenli-polipropilen-plastik-sandalye","status":"publish","type":"product","link":"https:\/\/palmiyesusleme.com\/index.php\/urun\/orgu-desenli-polipropilen-plastik-sandalye\/","title":{"rendered":"\u00d6rg\u00fc Desenli Polipropilen Plastik Sandalye"},"content":{"rendered":"<p>&lt;div class=&quot;row&quot;&gt;<br \/>\n&lt;div class=&quot;col-lg-6&quot;&gt;<br \/>\n&lt;p&gt;\u0130\u00e7 ve D\u0131\u015f Mekana Uygun&lt;\/p&gt;&lt;p&gt;12 Farkl\u0131 Renk Se\u00e7ene\u011fi&lt;br&gt;&lt;\/p&gt;&lt;p&gt;\u00d6rg\u00fc Desenli&lt;\/p&gt;&lt;p&gt;Tek Par\u00e7a&lt;\/p&gt;&lt;p&gt;Yumu\u015fak Yuvarlak \u00c7izgiler&lt;\/p&gt;&lt;p&gt;Cam Elyaf Katk\u0131l\u0131 Polipropilen&lt;\/p&gt;<br \/>\n&lt;\/div&gt;<br \/>\n&lt;div class=&quot;col-lg-6&quot;&gt;<br \/>\n&lt;img src=&quot;https:\/\/www.palmiyekocak.com\/image\/catalog\/urun-detay-resimleri\/siyah-dis-mekan-plastik-sandalye-pls101-detay.jpg&quot; class=&quot;img-responsive center-block&quot;&gt;&lt;br&gt;<br \/>\n&lt;\/div&gt;<br \/>\n&lt;\/div&gt;<br \/>\n&lt;div class=&quot;col-lg-12&quot;&gt;<br \/>\n&lt;img src=&quot;https:\/\/www.palmiyekocak.com\/image\/catalog\/urun-olcu-resimleri\/olcu-pls101.jpg&quot; class=&quot;img-responsive center-block&quot;&gt;<br \/>\n &lt;\/div&gt;<br \/>\n&lt;div class=&quot;col-lg-12&quot;&gt;<br \/>\n&lt;img src=&quot;https:\/\/www.palmiyekocak.com\/image\/catalog\/urun-detay-resimleri\/beyazic-mekan-plastik-sandalye-pls101-detay.jpg&quot; class=&quot;img-responsive center-block&quot;&gt;<br \/>\n&lt;\/div&gt;<br \/>\n&lt;div class=&quot;col-lg-12&quot;&gt;<br \/>\n&lt;img src=&quot;https:\/\/www.palmiyekocak.com\/image\/catalog\/urun-detay-resimleri\/dis-mekan-plastik-sandalye-pls101-detay.jpg&quot; class=&quot;img-responsive center-block&quot;&gt;<br \/>\n&lt;\/div&gt;<br \/>\n&lt;div class=&quot;col-lg-12&quot;&gt;<br \/>\n&lt;img src=&quot;https:\/\/www.palmiyekocak.com\/image\/catalog\/urun-detay-resimleri\/salon-siyah-dis-mekan-plastik-sandalye-pls101-detay.jpg&quot; class=&quot;img-responsive center-block&quot;&gt;&lt;\/div&gt;&lt;div class=&quot;col-lg-12&quot;&gt;&lt;img src=&quot;https:\/\/www.palmiyekocak.com\/image\/catalog\/urun-detay-resimleri\/beyaz-dis-mekan-plastik-sandalye-pls101-detay.jpg&quot; class=&quot;img-responsive center-block&quot;&gt;<br \/>\n&lt;\/div&gt;<\/p>\n","protected":false},"excerpt":{"rendered":"<p>&lt;div class=&quot;row&quot;&gt; &lt;div class=&quot;col-lg-6&quot;&gt; &lt;p&gt;\u0130\u00e7 ve D\u0131\u015f Mekana Uygun&lt;\/p&gt;&lt;p&gt;12 Farkl\u0131 Renk Se\u00e7ene\u011fi&lt;br&gt;&lt;\/p&gt;&lt;p&gt;\u00d6rg\u00fc Desenli&lt;\/p&gt;&lt;p&gt;Tek Par\u00e7a&lt;\/p&gt;&lt;p&gt;Yumu\u015fak Yuvarlak \u00c7izgiler&lt;\/p&gt;&lt;p&gt;Cam Elyaf Katk\u0131l\u0131 Polipropilen&lt;\/p&gt; &lt;\/div&gt; &lt;div class=&quot;col-lg-6&quot;&gt; &lt;img src=&quot;https:\/\/www.palmiyekocak.com\/image\/catalog\/urun-detay-resimleri\/siyah-dis-mekan-plastik-sandalye-pls101-detay.jpg&quot; class=&quot;img-responsive center-block&quot;&gt;&lt;br&gt; &lt;\/div&gt; &lt;\/div&gt; &lt;div class=&quot;col-lg-12&quot;&gt; &lt;img src=&quot;https:\/\/www.palmiyekocak.com\/image\/catalog\/urun-olcu-resimleri\/olcu-pls101.jpg&quot; class=&quot;img-responsive center-block&quot;&gt; &lt;\/div&gt; &lt;div class=&quot;col-lg-12&quot;&gt; &lt;img src=&quot;https:\/\/www.palmiyekocak.com\/image\/catalog\/urun-detay-resimleri\/beyazic-mekan-plastik-sandalye-pls101-detay.jpg&quot; class=&quot;img-responsive center-block&quot;&gt; &lt;\/div&gt; &lt;div class=&quot;col-lg-12&quot;&gt; &lt;img src=&quot;https:\/\/www.palmiyekocak.com\/image\/catalog\/urun-detay-resimleri\/dis-mekan-plastik-sandalye-pls101-detay.jpg&quot; class=&quot;img-responsive center-block&quot;&gt; &lt;\/div&gt; &lt;div class=&quot;col-lg-12&quot;&gt; &lt;img src=&quot;https:\/\/www.palmiyekocak.com\/image\/catalog\/urun-detay-resimleri\/salon-siyah-dis-mekan-plastik-sandalye-pls101-detay.jpg&quot; class=&quot;img-responsive center-block&quot;&gt;&lt;\/div&gt;&lt;div [&hellip;]<\/p>\n","protected":false},"featured_media":7875,"comment_status":"closed","ping_status":"open","template":"","meta":{"_joinchat":[]},"product_cat":[154,155,153,201],"product_tag":[],"class_list":{"0":"post-7874","1":"product","2":"type-product","3":"status-publish","4":"has-post-thumbnail","6":"product_cat-ic-mekan-plastik-sandalye","7":"product_cat-plastik-bahce-sandalyesi","8":"product_cat-plastik-sandalye","9":"product_cat-plastik-sandalye-fiyatlari","11":"first","12":"instock","13":"product-type-simple"},"_links":{"self":[{"href":"https:\/\/palmiyesusleme.com\/index.php\/wp-json\/wp\/v2\/product\/7874","targetHints":{"allow":["GET"]}}],"collection":[{"href":"https:\/\/palmiyesusleme.com\/index.php\/wp-json\/wp\/v2\/product"}],"about":[{"href":"https:\/\/palmiyesusleme.com\/index.php\/wp-json\/wp\/v2\/types\/product"}],"replies":[{"embeddable":true,"href":"https:\/\/palmiyesusleme.com\/index.php\/wp-json\/wp\/v2\/comments?post=7874"}],"wp:featuredmedia":[{"embeddable":true,"href":"https:\/\/palmiyesusleme.com\/index.php\/wp-json\/wp\/v2\/media\/7875"}],"wp:attachment":[{"href":"https:\/\/palmiyesusleme.com\/index.php\/wp-json\/wp\/v2\/media?parent=7874"}],"wp:term":[{"taxonomy":"product_cat","embeddable":true,"href":"https:\/\/palmiyesusleme.com\/index.php\/wp-json\/wp\/v2\/product_cat?post=7874"},{"taxonomy":"product_tag","embeddable":true,"href":"https:\/\/palmiyesusleme.com\/index.php\/wp-json\/wp\/v2\/product_tag?post=7874"}],"curies":[{"name":"wp","href":"https:\/\/api.w.org\/{rel}","templated":true}]}}