{"id":7922,"date":"2024-03-07T16:19:26","date_gmt":"2024-03-07T13:19:26","guid":{"rendered":"https:\/\/palmiyesusleme.com\/index.php\/urun\/eloksalli-aluminyum-ayakli-cam-elyafli-turkuaz-plastik-sandalye\/"},"modified":"2024-03-07T16:19:42","modified_gmt":"2024-03-07T13:19:42","slug":"eloksalli-aluminyum-ayakli-cam-elyafli-turkuaz-plastik-sandalye","status":"publish","type":"product","link":"https:\/\/palmiyesusleme.com\/index.php\/urun\/eloksalli-aluminyum-ayakli-cam-elyafli-turkuaz-plastik-sandalye\/","title":{"rendered":"Eloksall\u0131 Al\u00fcminyum Ayakl\u0131 Cam Elyafl\u0131 Turkuaz Plastik Sandalye"},"content":{"rendered":"<p>&lt;div&gt;&lt;b&gt;Eloksall\u0131 Al\u00fcminyum Ayakl\u0131 Cam Elyafl\u0131 Turkuaz Plastik Sandalye&lt;\/b&gt;&lt;\/div&gt;&lt;div&gt;&lt;br&gt;&lt;\/div&gt;&lt;div&gt;\u00dcr\u00fcn \u00d6zellikleri :&lt;\/div&gt;&lt;ul&gt;&lt;li&gt;Cafe, Otel, Bah\u00e7e, Restoran, Ev, Mutfak, Balkon, Teras, Havuz Kenar\u0131 ve di\u011fer t\u00fcm \u0130\u00e7 ve D\u0131\u015f Mekanlar i\u00e7in kullan\u0131m\u0131 idealdir.&lt;\/li&gt;&lt;li&gt;Eloksall\u0131 al\u00fcminyum ayaklar ile kaymay\u0131 engelleme.&lt;\/li&gt;&lt;li&gt;Kol\u00e7akl\u0131d\u0131r.&lt;\/li&gt;&lt;li&gt;Kaliteli \u015f\u0131k ve dekoratiftir, g\u00f6rselli\u011fiyle bulundu\u011fu mekana de\u011fer katar ve s\u0131ra d\u0131\u015f\u0131 bir g\u00f6r\u00fcn\u00fcme kavu\u015fturur.&lt;\/li&gt;&lt;li&gt;UV Koruma sayesinde g\u00fcne\u015f \u0131\u015f\u0131nlar\u0131ndan etkilenmez.&lt;\/li&gt;&lt;li&gt;Sert hava ko\u015fullar\u0131nda so\u011fuk ve s\u0131ca\u011fa dayan\u0131kl\u0131d\u0131r. Y\u0131kanabilir, \u00fcst \u00fcste kolay istiflenir.&lt;\/li&gt;&lt;li&gt;\u00dcr\u00fcn terletme yapmaz, hava ge\u00e7irgenli\u011fi vard\u0131r.&lt;\/li&gt;&lt;li&gt;Sandalyenin \u00fcretiminde cam elyafl\u0131 ham madde kullan\u0131lm\u0131\u015ft\u0131r.&lt;\/li&gt;&lt;\/ul&gt;&lt;div&gt;&lt;br&gt;&lt;\/div&gt;&lt;div&gt;&lt;b&gt;Eloksall\u0131 Al\u00fcminyum Ayakl\u0131 Cam Elyafl\u0131 Turkuaz Plastik Sandalye&lt;\/b&gt;&lt;\/div&gt;&lt;div&gt;&lt;br&gt;&lt;\/div&gt;&lt;div&gt;\u00dcr\u00fcn hakk\u0131nda bilgi ve fiyat almak i\u00e7in \u00fcr\u00fcn kodunu ve adetini bize E-posta, Whatsapp veya Telefon yoluyla iletiniz. Sat\u0131\u015f ekibimiz en k\u0131sa s\u00fcrede size d\u00f6necektir.&lt;\/div&gt;&lt;div&gt;&lt;br&gt;&lt;\/div&gt;&lt;div&gt;&lt;b&gt;&lt;a href=&quot;https:\/\/www.palmiyekocak.com\/iletisim&quot; target=&quot;_blank&quot;&gt;ileti\u015fim bilgilerimiz i\u00e7in t\u0131klay\u0131n\u0131z.&lt;\/a&gt;&lt;\/b&gt;&lt;\/div&gt;&lt;div&gt;&lt;b&gt;&lt;br&gt;&lt;\/b&gt;&lt;\/div&gt;&lt;div&gt;&lt;img src=&quot;https:\/\/www.palmiyekocak.com\/image\/catalog\/update\/eloksalli-aluminyum-ayakli-cam-elyafli-turkuaz-plastik-sandalye-pls179f-palmiye-kocak.jpg&quot; style=&quot;width: 219.464px; height: 312.688px;&quot;&gt;&lt;b&gt;&lt;br&gt;&lt;\/b&gt;&lt;\/div&gt;<\/p>\n","protected":false},"excerpt":{"rendered":"<p>&lt;div&gt;&lt;b&gt;Eloksall\u0131 Al\u00fcminyum Ayakl\u0131 Cam Elyafl\u0131 Turkuaz Plastik Sandalye&lt;\/b&gt;&lt;\/div&gt;&lt;div&gt;&lt;br&gt;&lt;\/div&gt;&lt;div&gt;\u00dcr\u00fcn \u00d6zellikleri :&lt;\/div&gt;&lt;ul&gt;&lt;li&gt;Cafe, Otel, Bah\u00e7e, Restoran, Ev, Mutfak, Balkon, Teras, Havuz Kenar\u0131 ve di\u011fer t\u00fcm \u0130\u00e7 ve D\u0131\u015f Mekanlar i\u00e7in kullan\u0131m\u0131 idealdir.&lt;\/li&gt;&lt;li&gt;Eloksall\u0131 al\u00fcminyum ayaklar ile kaymay\u0131 engelleme.&lt;\/li&gt;&lt;li&gt;Kol\u00e7akl\u0131d\u0131r.&lt;\/li&gt;&lt;li&gt;Kaliteli \u015f\u0131k ve dekoratiftir, g\u00f6rselli\u011fiyle bulundu\u011fu mekana de\u011fer katar ve s\u0131ra d\u0131\u015f\u0131 bir g\u00f6r\u00fcn\u00fcme kavu\u015fturur.&lt;\/li&gt;&lt;li&gt;UV Koruma sayesinde g\u00fcne\u015f \u0131\u015f\u0131nlar\u0131ndan etkilenmez.&lt;\/li&gt;&lt;li&gt;Sert hava ko\u015fullar\u0131nda [&hellip;]<\/p>\n","protected":false},"featured_media":7923,"comment_status":"closed","ping_status":"open","template":"","meta":{"_joinchat":[]},"product_cat":[154,155,153,201],"product_tag":[],"class_list":{"0":"post-7922","1":"product","2":"type-product","3":"status-publish","4":"has-post-thumbnail","6":"product_cat-ic-mekan-plastik-sandalye","7":"product_cat-plastik-bahce-sandalyesi","8":"product_cat-plastik-sandalye","9":"product_cat-plastik-sandalye-fiyatlari","11":"first","12":"instock","13":"product-type-simple"},"_links":{"self":[{"href":"https:\/\/palmiyesusleme.com\/index.php\/wp-json\/wp\/v2\/product\/7922","targetHints":{"allow":["GET"]}}],"collection":[{"href":"https:\/\/palmiyesusleme.com\/index.php\/wp-json\/wp\/v2\/product"}],"about":[{"href":"https:\/\/palmiyesusleme.com\/index.php\/wp-json\/wp\/v2\/types\/product"}],"replies":[{"embeddable":true,"href":"https:\/\/palmiyesusleme.com\/index.php\/wp-json\/wp\/v2\/comments?post=7922"}],"wp:featuredmedia":[{"embeddable":true,"href":"https:\/\/palmiyesusleme.com\/index.php\/wp-json\/wp\/v2\/media\/7923"}],"wp:attachment":[{"href":"https:\/\/palmiyesusleme.com\/index.php\/wp-json\/wp\/v2\/media?parent=7922"}],"wp:term":[{"taxonomy":"product_cat","embeddable":true,"href":"https:\/\/palmiyesusleme.com\/index.php\/wp-json\/wp\/v2\/product_cat?post=7922"},{"taxonomy":"product_tag","embeddable":true,"href":"https:\/\/palmiyesusleme.com\/index.php\/wp-json\/wp\/v2\/product_tag?post=7922"}],"curies":[{"name":"wp","href":"https:\/\/api.w.org\/{rel}","templated":true}]}}