{"id":7952,"date":"2024-03-07T16:19:44","date_gmt":"2024-03-07T13:19:44","guid":{"rendered":"https:\/\/palmiyesusleme.com\/index.php\/urun\/gri-plastik-cafe-sandalyesi\/"},"modified":"2024-03-07T16:19:58","modified_gmt":"2024-03-07T13:19:58","slug":"gri-plastik-cafe-sandalyesi","status":"publish","type":"product","link":"https:\/\/palmiyesusleme.com\/index.php\/urun\/gri-plastik-cafe-sandalyesi\/","title":{"rendered":"Gri Plastik Cafe Sandalyesi"},"content":{"rendered":"<p>&lt;p&gt;&lt;b&gt;Gri Plastik Cafe Sandalyesi&lt;\/b&gt;&lt;\/p&gt;&lt;p&gt;\u00dcr\u00fcn \u00f6zellikleri:&lt;\/p&gt;&lt;ul&gt;&lt;li&gt;Cafe, Otel, Bah\u00e7e, Restoran, Mutfak, Balkon, Teras, Havuz Kenar\u0131 ve di\u011fer t\u00fcm \u0130\u00e7 ve D\u0131\u015f Mekanlar i\u00e7in kullan\u0131m\u0131 idealdir.&lt;\/li&gt;&lt;li&gt;Kaliteli ve sa\u011fl\u0131kl\u0131 plastikten \u00fcretilmektedir.&lt;\/li&gt;&lt;li&gt;Kol\u00e7aklar\u0131 yoktur.&lt;\/li&gt;&lt;li&gt;Sert hava ko\u015fullar\u0131nda so\u011fuk ve s\u0131ca\u011fa dayan\u0131kl\u0131d\u0131r. Y\u0131kanabilir, \u00fcst \u00fcste kolay istiflenir.&lt;\/li&gt;&lt;li&gt;\u00dcr\u00fcn terletme yapmaz, hava ge\u00e7irgenli\u011fi vard\u0131r.&lt;\/li&gt;&lt;\/ul&gt;&lt;p&gt;&lt;br&gt;&lt;\/p&gt;&lt;p&gt;&lt;b&gt;Gri Plastik Cafe Sandalyesi&lt;\/b&gt;&lt;br&gt;&lt;\/p&gt;&lt;p&gt;\u00dcr\u00fcn hakk\u0131nda bilgi ve fiyat almak i\u00e7in \u00fcr\u00fcn kodunu ve adetini bize E-posta, Whatsapp veya Telefon yoluyla iletiniz. Sat\u0131\u015f ekibimiz en k\u0131sa s\u00fcrede size d\u00f6necektir.&lt;\/p&gt;&lt;p&gt;&lt;b&gt;&lt;a href=&quot;https:\/\/www.palmiyekocak.com\/iletisim&quot; target=&quot;_blank&quot;&gt;\u0130leti\u015fim bilgilerimiz i\u00e7in t\u0131klay\u0131n\u0131z.&lt;\/a&gt;&lt;\/b&gt;&lt;\/p&gt;&lt;p&gt;&lt;b&gt;&lt;br&gt;&lt;\/b&gt;&lt;\/p&gt;&lt;img src=&quot;https:\/\/www.palmiyekocak.com\/image\/catalog\/update\/gri-plastik-cafe-sandalye-pls33-palmiye-kocak.jpg&quot; style=&quot;width: 257.687px; height: 308.688px;&quot;&gt;<\/p>\n","protected":false},"excerpt":{"rendered":"<p>&lt;p&gt;&lt;b&gt;Gri Plastik Cafe Sandalyesi&lt;\/b&gt;&lt;\/p&gt;&lt;p&gt;\u00dcr\u00fcn \u00f6zellikleri:&lt;\/p&gt;&lt;ul&gt;&lt;li&gt;Cafe, Otel, Bah\u00e7e, Restoran, Mutfak, Balkon, Teras, Havuz Kenar\u0131 ve di\u011fer t\u00fcm \u0130\u00e7 ve D\u0131\u015f Mekanlar i\u00e7in kullan\u0131m\u0131 idealdir.&lt;\/li&gt;&lt;li&gt;Kaliteli ve sa\u011fl\u0131kl\u0131 plastikten \u00fcretilmektedir.&lt;\/li&gt;&lt;li&gt;Kol\u00e7aklar\u0131 yoktur.&lt;\/li&gt;&lt;li&gt;Sert hava ko\u015fullar\u0131nda so\u011fuk ve s\u0131ca\u011fa dayan\u0131kl\u0131d\u0131r. Y\u0131kanabilir, \u00fcst \u00fcste kolay istiflenir.&lt;\/li&gt;&lt;li&gt;\u00dcr\u00fcn terletme yapmaz, hava ge\u00e7irgenli\u011fi vard\u0131r.&lt;\/li&gt;&lt;\/ul&gt;&lt;p&gt;&lt;br&gt;&lt;\/p&gt;&lt;p&gt;&lt;b&gt;Gri Plastik Cafe Sandalyesi&lt;\/b&gt;&lt;br&gt;&lt;\/p&gt;&lt;p&gt;\u00dcr\u00fcn hakk\u0131nda bilgi ve fiyat almak i\u00e7in \u00fcr\u00fcn kodunu [&hellip;]<\/p>\n","protected":false},"featured_media":7953,"comment_status":"closed","ping_status":"open","template":"","meta":{"_joinchat":[]},"product_cat":[154,153],"product_tag":[],"class_list":{"0":"post-7952","1":"product","2":"type-product","3":"status-publish","4":"has-post-thumbnail","6":"product_cat-ic-mekan-plastik-sandalye","7":"product_cat-plastik-sandalye","9":"first","10":"instock","11":"product-type-simple"},"_links":{"self":[{"href":"https:\/\/palmiyesusleme.com\/index.php\/wp-json\/wp\/v2\/product\/7952","targetHints":{"allow":["GET"]}}],"collection":[{"href":"https:\/\/palmiyesusleme.com\/index.php\/wp-json\/wp\/v2\/product"}],"about":[{"href":"https:\/\/palmiyesusleme.com\/index.php\/wp-json\/wp\/v2\/types\/product"}],"replies":[{"embeddable":true,"href":"https:\/\/palmiyesusleme.com\/index.php\/wp-json\/wp\/v2\/comments?post=7952"}],"wp:featuredmedia":[{"embeddable":true,"href":"https:\/\/palmiyesusleme.com\/index.php\/wp-json\/wp\/v2\/media\/7953"}],"wp:attachment":[{"href":"https:\/\/palmiyesusleme.com\/index.php\/wp-json\/wp\/v2\/media?parent=7952"}],"wp:term":[{"taxonomy":"product_cat","embeddable":true,"href":"https:\/\/palmiyesusleme.com\/index.php\/wp-json\/wp\/v2\/product_cat?post=7952"},{"taxonomy":"product_tag","embeddable":true,"href":"https:\/\/palmiyesusleme.com\/index.php\/wp-json\/wp\/v2\/product_tag?post=7952"}],"curies":[{"name":"wp","href":"https:\/\/api.w.org\/{rel}","templated":true}]}}