{"id":7986,"date":"2024-03-07T16:20:04","date_gmt":"2024-03-07T13:20:04","guid":{"rendered":"https:\/\/palmiyesusleme.com\/index.php\/urun\/beyaz-krom-ayakli-restaurant-bahce-sandalyesi\/"},"modified":"2024-03-07T16:20:12","modified_gmt":"2024-03-07T13:20:12","slug":"beyaz-krom-ayakli-restaurant-bahce-sandalyesi","status":"publish","type":"product","link":"https:\/\/palmiyesusleme.com\/index.php\/urun\/beyaz-krom-ayakli-restaurant-bahce-sandalyesi\/","title":{"rendered":"Beyaz Krom Ayakl\u0131 Restaurant Bah\u00e7e Sandalyesi"},"content":{"rendered":"<p>&lt;p&gt;&lt;b&gt;Beyaz Krom Ayakl\u0131 Restaurant Bah\u00e7e Sandalyesi&lt;\/b&gt;&lt;br&gt;&lt;\/p&gt;&lt;p&gt;&lt;img src=&quot;https:\/\/www.palmiyekocak.com\/image\/catalog\/update\/beyaz-krom-ayakli-restaurant-bahce-sandalyesi.jpg&quot; style=&quot;width: 513.698px; height: 156.503px;&quot;&gt;&lt;\/p&gt;&lt;p&gt;&lt;b&gt;\u00dcr\u00fcn \u00d6zellikleri:&lt;\/b&gt;&lt;\/p&gt;&lt;ul&gt;&lt;li&gt;Beyaz Plastiktir.&lt;\/li&gt;&lt;li&gt;Restoran bah\u00e7esi i\u00e7in idealdir.&lt;\/li&gt;&lt;li&gt;Krom ayakl\u0131d\u0131r.&lt;\/li&gt;&lt;li&gt;Dayan\u0131kl\u0131 malzemeden \u00fcretilmi\u015ftir.&lt;\/li&gt;&lt;li&gt;Yaln\u0131zca toptan sipari\u015f al\u0131n\u0131r.&lt;\/li&gt;&lt;\/ul&gt;&lt;p&gt;\u0130ste\u011fe \u00f6zel olarak malzeme cinsinde (ah\u015fap,boya,kuma\u015f,deri) ve \u00fcr\u00fcn \u00f6l\u00e7\u00fclerinde de\u011fi\u015fiklik yap\u0131labilir.&lt;\/p&gt;&lt;p&gt;\u00dcr\u00fcn hakk\u0131nda bilgi ve fiyat almak i\u00e7in \u00fcr\u00fcn kodunu ve adetini bize E-posta, Whatsapp veya Telefon yoluyla iletiniz. Sat\u0131\u015f ekibimiz en k\u0131sa s\u00fcrede size d\u00f6necektir.&lt;\/p&gt;&lt;p&gt;&lt;br&gt;&lt;\/p&gt;&lt;p&gt;&lt;b&gt;&lt;a href=&quot;https:\/\/www.palmiyekocak.com\/iletisim&quot; target=&quot;_blank&quot;&gt;ileti\u015fim bilgilerimiz i\u00e7in t\u0131klay\u0131n\u0131z.&lt;\/a&gt;&lt;\/b&gt;&lt;\/p&gt;<\/p>\n","protected":false},"excerpt":{"rendered":"<p>&lt;p&gt;&lt;b&gt;Beyaz Krom Ayakl\u0131 Restaurant Bah\u00e7e Sandalyesi&lt;\/b&gt;&lt;br&gt;&lt;\/p&gt;&lt;p&gt;&lt;img src=&quot;https:\/\/www.palmiyekocak.com\/image\/catalog\/update\/beyaz-krom-ayakli-restaurant-bahce-sandalyesi.jpg&quot; style=&quot;width: 513.698px; height: 156.503px;&quot;&gt;&lt;\/p&gt;&lt;p&gt;&lt;b&gt;\u00dcr\u00fcn \u00d6zellikleri:&lt;\/b&gt;&lt;\/p&gt;&lt;ul&gt;&lt;li&gt;Beyaz Plastiktir.&lt;\/li&gt;&lt;li&gt;Restoran bah\u00e7esi i\u00e7in idealdir.&lt;\/li&gt;&lt;li&gt;Krom ayakl\u0131d\u0131r.&lt;\/li&gt;&lt;li&gt;Dayan\u0131kl\u0131 malzemeden \u00fcretilmi\u015ftir.&lt;\/li&gt;&lt;li&gt;Yaln\u0131zca toptan sipari\u015f al\u0131n\u0131r.&lt;\/li&gt;&lt;\/ul&gt;&lt;p&gt;\u0130ste\u011fe \u00f6zel olarak malzeme cinsinde (ah\u015fap,boya,kuma\u015f,deri) ve \u00fcr\u00fcn \u00f6l\u00e7\u00fclerinde de\u011fi\u015fiklik yap\u0131labilir.&lt;\/p&gt;&lt;p&gt;\u00dcr\u00fcn hakk\u0131nda bilgi ve fiyat almak i\u00e7in \u00fcr\u00fcn kodunu ve adetini bize E-posta, Whatsapp veya Telefon yoluyla iletiniz. Sat\u0131\u015f ekibimiz en k\u0131sa s\u00fcrede size [&hellip;]<\/p>\n","protected":false},"featured_media":7987,"comment_status":"closed","ping_status":"open","template":"","meta":{"_joinchat":[]},"product_cat":[154,153],"product_tag":[],"class_list":{"0":"post-7986","1":"product","2":"type-product","3":"status-publish","4":"has-post-thumbnail","6":"product_cat-ic-mekan-plastik-sandalye","7":"product_cat-plastik-sandalye","9":"first","10":"instock","11":"product-type-simple"},"_links":{"self":[{"href":"https:\/\/palmiyesusleme.com\/index.php\/wp-json\/wp\/v2\/product\/7986","targetHints":{"allow":["GET"]}}],"collection":[{"href":"https:\/\/palmiyesusleme.com\/index.php\/wp-json\/wp\/v2\/product"}],"about":[{"href":"https:\/\/palmiyesusleme.com\/index.php\/wp-json\/wp\/v2\/types\/product"}],"replies":[{"embeddable":true,"href":"https:\/\/palmiyesusleme.com\/index.php\/wp-json\/wp\/v2\/comments?post=7986"}],"wp:featuredmedia":[{"embeddable":true,"href":"https:\/\/palmiyesusleme.com\/index.php\/wp-json\/wp\/v2\/media\/7987"}],"wp:attachment":[{"href":"https:\/\/palmiyesusleme.com\/index.php\/wp-json\/wp\/v2\/media?parent=7986"}],"wp:term":[{"taxonomy":"product_cat","embeddable":true,"href":"https:\/\/palmiyesusleme.com\/index.php\/wp-json\/wp\/v2\/product_cat?post=7986"},{"taxonomy":"product_tag","embeddable":true,"href":"https:\/\/palmiyesusleme.com\/index.php\/wp-json\/wp\/v2\/product_tag?post=7986"}],"curies":[{"name":"wp","href":"https:\/\/api.w.org\/{rel}","templated":true}]}}