{"id":7998,"date":"2024-03-07T16:20:04","date_gmt":"2024-03-07T13:20:04","guid":{"rendered":"https:\/\/palmiyesusleme.com\/index.php\/urun\/hasir-sirt-baskili-siyah-dis-mekan-plastik-sandalye\/"},"modified":"2024-03-07T16:20:16","modified_gmt":"2024-03-07T13:20:16","slug":"hasir-sirt-baskili-siyah-dis-mekan-plastik-sandalye","status":"publish","type":"product","link":"https:\/\/palmiyesusleme.com\/index.php\/urun\/hasir-sirt-baskili-siyah-dis-mekan-plastik-sandalye\/","title":{"rendered":"Has\u0131r S\u0131rt Bask\u0131l\u0131 Siyah D\u0131\u015f Mekan Plastik Sandalye"},"content":{"rendered":"<p>&lt;p&gt;Fiberglass \u0130le G\u00fc\u00e7lendirilmi\u015ftir.&lt;\/p&gt;&lt;p&gt;Di\u011fer Renkleri Mevcuttur. L\u00fctfen Resimleri \u0130nceleyiniz.&lt;\/p&gt;&lt;ul&gt;&lt;li&gt;Ah\u015fap&lt;\/li&gt;&lt;li&gt;Bej&lt;\/li&gt;&lt;li&gt;Beyaz&lt;\/li&gt;&lt;li&gt;Haki&lt;\/li&gt;&lt;li&gt;Venge&lt;\/li&gt;&lt;li&gt;Krem&lt;\/li&gt;&lt;li&gt;Kum Beji&lt;\/li&gt;&lt;\/ul&gt;&lt;p&gt;&lt;span style=&quot;color: inherit; font-family: inherit;&quot;&gt;6 adete kadar istiflenebilir.&lt;\/span&gt;&lt;br&gt;&lt;\/p&gt;&lt;div class=&quot;row&quot;&gt;&lt;div class=&quot;col-lg-6&quot;&gt;<br \/>\n    &lt;p&gt;&lt;span style=&quot;color: inherit; font-family: inherit;&quot;&gt;Plastikten imal edilen \u00fcr\u00fcn\u00fcm\u00fcz\u00fcn \u00fczerinde ah\u015fap dokusu verilmi\u015ftir.&lt;\/span&gt;&lt;\/p&gt;<br \/>\n    &lt;p&gt;&lt;span style=&quot;color: inherit; font-family: inherit;&quot;&gt;Hafif ve sa\u011flam d\u0131\u015f ve i\u00e7 mekanda kullanabilece\u011finiz monoblok bir sandalyedir.&lt;\/span&gt;&lt;\/p&gt;<br \/>\n    &lt;p&gt;&lt;span style=&quot;color: inherit; font-family: inherit;&quot;&gt;Dayan\u0131kl\u0131 ayaklar ve kaymay\u0131 engelleyen PVC t\u0131pas\u0131 mevcuttur.&lt;\/span&gt;&lt;\/p&gt;<br \/>\n    &lt;p&gt;&lt;span style=&quot;color: inherit; font-family: inherit;&quot;&gt;Tonet g\u00f6r\u00fcn\u00fc\u015f\u00fc ve s\u0131rt b\u00f6l\u00fcm\u00fcndeki X modern mekanlar\u0131na uyum sa\u011flar&lt;\/span&gt;&lt;\/p&gt;<br \/>\n    &lt;h4&gt;&lt;span style=&quot;color: inherit; font-family: inherit;&quot;&gt;Farkl\u0131 Renk Se\u00e7enekleri Mevcuttur.&lt;\/span&gt;&lt;\/h4&gt;<br \/>\n  &lt;\/div&gt;<br \/>\n  &lt;div class=&quot;col-lg-6 text-center&quot;&gt;&lt;img src=&quot;\/image\/catalog\/urun-aciklama-resimleri\/urun-olcu-pls56.jpg&quot;&gt;&lt;\/div&gt;<br \/>\n&lt;\/div&gt;<br \/>\n&lt;div class=&quot;row&quot;&gt;<br \/>\n&lt;div class=&quot;col-lg-12 text-center&quot;&gt;&lt;img src=&quot;https:\/\/www.palmiyekocak.com\/image\/catalog\/urun-detay-resimleri\/urun-aciklama-resim-pls56.jpg&quot; class=&quot;img-responsive&quot;&gt; &lt;\/div&gt;<br \/>\n&lt;\/div&gt;<\/p>\n","protected":false},"excerpt":{"rendered":"<p>&lt;p&gt;Fiberglass \u0130le G\u00fc\u00e7lendirilmi\u015ftir.&lt;\/p&gt;&lt;p&gt;Di\u011fer Renkleri Mevcuttur. L\u00fctfen Resimleri \u0130nceleyiniz.&lt;\/p&gt;&lt;ul&gt;&lt;li&gt;Ah\u015fap&lt;\/li&gt;&lt;li&gt;Bej&lt;\/li&gt;&lt;li&gt;Beyaz&lt;\/li&gt;&lt;li&gt;Haki&lt;\/li&gt;&lt;li&gt;Venge&lt;\/li&gt;&lt;li&gt;Krem&lt;\/li&gt;&lt;li&gt;Kum Beji&lt;\/li&gt;&lt;\/ul&gt;&lt;p&gt;&lt;span style=&quot;color: inherit; font-family: inherit;&quot;&gt;6 adete kadar istiflenebilir.&lt;\/span&gt;&lt;br&gt;&lt;\/p&gt;&lt;div class=&quot;row&quot;&gt;&lt;div class=&quot;col-lg-6&quot;&gt; &lt;p&gt;&lt;span style=&quot;color: inherit; font-family: inherit;&quot;&gt;Plastikten imal edilen \u00fcr\u00fcn\u00fcm\u00fcz\u00fcn \u00fczerinde ah\u015fap dokusu verilmi\u015ftir.&lt;\/span&gt;&lt;\/p&gt; &lt;p&gt;&lt;span style=&quot;color: inherit; font-family: inherit;&quot;&gt;Hafif ve sa\u011flam d\u0131\u015f ve i\u00e7 mekanda kullanabilece\u011finiz monoblok bir sandalyedir.&lt;\/span&gt;&lt;\/p&gt; &lt;p&gt;&lt;span style=&quot;color: inherit; font-family: inherit;&quot;&gt;Dayan\u0131kl\u0131 ayaklar ve kaymay\u0131 engelleyen PVC [&hellip;]<\/p>\n","protected":false},"featured_media":7999,"comment_status":"closed","ping_status":"open","template":"","meta":{"_joinchat":[]},"product_cat":[154,153,201],"product_tag":[],"class_list":{"0":"post-7998","1":"product","2":"type-product","3":"status-publish","4":"has-post-thumbnail","6":"product_cat-ic-mekan-plastik-sandalye","7":"product_cat-plastik-sandalye","8":"product_cat-plastik-sandalye-fiyatlari","10":"first","11":"instock","12":"product-type-simple"},"_links":{"self":[{"href":"https:\/\/palmiyesusleme.com\/index.php\/wp-json\/wp\/v2\/product\/7998","targetHints":{"allow":["GET"]}}],"collection":[{"href":"https:\/\/palmiyesusleme.com\/index.php\/wp-json\/wp\/v2\/product"}],"about":[{"href":"https:\/\/palmiyesusleme.com\/index.php\/wp-json\/wp\/v2\/types\/product"}],"replies":[{"embeddable":true,"href":"https:\/\/palmiyesusleme.com\/index.php\/wp-json\/wp\/v2\/comments?post=7998"}],"wp:featuredmedia":[{"embeddable":true,"href":"https:\/\/palmiyesusleme.com\/index.php\/wp-json\/wp\/v2\/media\/7999"}],"wp:attachment":[{"href":"https:\/\/palmiyesusleme.com\/index.php\/wp-json\/wp\/v2\/media?parent=7998"}],"wp:term":[{"taxonomy":"product_cat","embeddable":true,"href":"https:\/\/palmiyesusleme.com\/index.php\/wp-json\/wp\/v2\/product_cat?post=7998"},{"taxonomy":"product_tag","embeddable":true,"href":"https:\/\/palmiyesusleme.com\/index.php\/wp-json\/wp\/v2\/product_tag?post=7998"}],"curies":[{"name":"wp","href":"https:\/\/api.w.org\/{rel}","templated":true}]}}