{"id":8004,"date":"2024-03-07T16:20:21","date_gmt":"2024-03-07T13:20:21","guid":{"rendered":"https:\/\/palmiyesusleme.com\/index.php\/urun\/dis-mekan-uyumlu-dugun-salonu-davet-organizasyon-plastik-sandalye\/"},"modified":"2024-03-07T16:20:21","modified_gmt":"2024-03-07T13:20:21","slug":"dis-mekan-uyumlu-dugun-salonu-davet-organizasyon-plastik-sandalye","status":"publish","type":"product","link":"https:\/\/palmiyesusleme.com\/index.php\/urun\/dis-mekan-uyumlu-dugun-salonu-davet-organizasyon-plastik-sandalye\/","title":{"rendered":"D\u0131\u015f Mekan Uyumlu D\u00fc\u011f\u00fcn Salonu Davet Organizasyon Plastik Sandalye"},"content":{"rendered":"<p>&lt;div&gt;&lt;br&gt;&lt;\/div&gt;&lt;ul&gt;&lt;li&gt;Farkl\u0131 renk se\u00e7enekleri mevcuttur.&lt;\/li&gt;&lt;li&gt;D\u0131\u015f mekana uyumludur.&lt;\/li&gt;&lt;li&gt;Kolay temizlenir.&lt;\/li&gt;&lt;li&gt;\u0130\u00e7 i\u00e7e istiflenebilir.&lt;\/li&gt;&lt;li&gt;Klasik ve modern mekanlara rahatl\u0131kla uyum sa\u011flar.&lt;\/li&gt;&lt;\/ul&gt;&lt;p&gt;&lt;br&gt;&lt;\/p&gt;&lt;p&gt;&lt;\/p&gt;<br \/>\n&lt;div class=&quot;col-lg-12&quot;&gt;<br \/>\n&lt;table class=&quot;table table-bordered&quot;&gt;<br \/>\n    &lt;tbody&gt;<br \/>\n      &lt;tr&gt;<br \/>\n        &lt;th style=&quot;text-align: center;&quot;&gt;Konteyner Y\u00fckleme (Koli)&lt;\/th&gt;<br \/>\n        &lt;th style=&quot;text-align: center;&quot;&gt;Konteyner Y\u00fckleme (\u0130stif)&lt;br&gt;&lt;\/th&gt;<br \/>\n      &lt;\/tr&gt;<br \/>\n      &lt;tr&gt;<br \/>\n        &lt;td&gt;&lt;br&gt;&lt;\/td&gt;&lt;td&gt;&lt;\/td&gt;<br \/>\n      &lt;\/tr&gt;<br \/>\n      &lt;tr&gt;<br \/>\n        &lt;td&gt;20\u2032 DC: 230&lt;br&gt;<br \/>\n          40\u2032 DC:&lt;b&gt;&amp;nbsp;&lt;\/b&gt;460&lt;br&gt;<br \/>\n          40\u2032 HC: 550&lt;br&gt;T\u0131r : 700&lt;\/td&gt;<br \/>\n        &lt;td&gt;20\u2032 DC: 235&lt;br&gt;40\u2032 DC:&lt;b&gt;&amp;nbsp;&lt;\/b&gt;689&lt;br&gt;40\u2032 HC: 795&lt;br&gt;T\u0131r : 931&lt;br&gt;&lt;\/td&gt;<br \/>\n      &lt;\/tr&gt;<br \/>\n      &lt;tr&gt;<br \/>\n        &lt;td&gt;&lt;br&gt;&lt;\/td&gt;&lt;td&gt;&lt;\/td&gt;<br \/>\n      &lt;\/tr&gt;<br \/>\n    &lt;\/tbody&gt;<br \/>\n  &lt;\/table&gt;<\/p>\n<p>&lt;\/div&gt;<br \/>\n&lt;div class=&quot;col-lg-12&quot;&gt;&lt;img src=&quot;https:\/\/www.palmiyekocak.com\/image\/catalog\/urun-detay-resimleri\/pls57-detay-resim.jpg&quot; class=&quot;img-responsive center-block&quot;&gt; &lt;\/div&gt;<br \/>\n&lt;div class=&quot;col-lg-12&quot;&gt;&lt;img src=&quot;https:\/\/www.palmiyekocak.com\/image\/catalog\/urun-detay-resimleri\/pls57-detay-resim-2.jpg&quot; class=&quot;img-responsive center-block&quot;&gt; &lt;\/div&gt;<br \/>\n&lt;div class=&quot;col-lg-12&quot;&gt;&lt;img src=&quot;https:\/\/www.palmiyekocak.com\/image\/catalog\/urun-detay-resimleri\/pls57-detay-resim-3.jpg&quot; class=&quot;img-responsive center-block&quot;&gt; &lt;\/div&gt;<\/p>\n","protected":false},"excerpt":{"rendered":"<p>&lt;div&gt;&lt;br&gt;&lt;\/div&gt;&lt;ul&gt;&lt;li&gt;Farkl\u0131 renk se\u00e7enekleri mevcuttur.&lt;\/li&gt;&lt;li&gt;D\u0131\u015f mekana uyumludur.&lt;\/li&gt;&lt;li&gt;Kolay temizlenir.&lt;\/li&gt;&lt;li&gt;\u0130\u00e7 i\u00e7e istiflenebilir.&lt;\/li&gt;&lt;li&gt;Klasik ve modern mekanlara rahatl\u0131kla uyum sa\u011flar.&lt;\/li&gt;&lt;\/ul&gt;&lt;p&gt;&lt;br&gt;&lt;\/p&gt;&lt;p&gt;&lt;\/p&gt; &lt;div class=&quot;col-lg-12&quot;&gt; &lt;table class=&quot;table table-bordered&quot;&gt; &lt;tbody&gt; &lt;tr&gt; &lt;th style=&quot;text-align: center;&quot;&gt;Konteyner Y\u00fckleme (Koli)&lt;\/th&gt; &lt;th style=&quot;text-align: center;&quot;&gt;Konteyner Y\u00fckleme (\u0130stif)&lt;br&gt;&lt;\/th&gt; &lt;\/tr&gt; &lt;tr&gt; &lt;td&gt;&lt;br&gt;&lt;\/td&gt;&lt;td&gt;&lt;\/td&gt; &lt;\/tr&gt; &lt;tr&gt; &lt;td&gt;20\u2032 DC: 230&lt;br&gt; 40\u2032 DC:&lt;b&gt;&amp;nbsp;&lt;\/b&gt;460&lt;br&gt; 40\u2032 HC: 550&lt;br&gt;T\u0131r : 700&lt;\/td&gt; &lt;td&gt;20\u2032 DC: 235&lt;br&gt;40\u2032 DC:&lt;b&gt;&amp;nbsp;&lt;\/b&gt;689&lt;br&gt;40\u2032 HC: 795&lt;br&gt;T\u0131r : 931&lt;br&gt;&lt;\/td&gt; [&hellip;]<\/p>\n","protected":false},"featured_media":8005,"comment_status":"closed","ping_status":"open","template":"","meta":{"_joinchat":[]},"product_cat":[133,154,153],"product_tag":[],"class_list":{"0":"post-8004","1":"product","2":"type-product","3":"status-publish","4":"has-post-thumbnail","6":"product_cat-dugun-davet-organizasyon-sandalyesi","7":"product_cat-ic-mekan-plastik-sandalye","8":"product_cat-plastik-sandalye","10":"first","11":"instock","12":"product-type-simple"},"_links":{"self":[{"href":"https:\/\/palmiyesusleme.com\/index.php\/wp-json\/wp\/v2\/product\/8004","targetHints":{"allow":["GET"]}}],"collection":[{"href":"https:\/\/palmiyesusleme.com\/index.php\/wp-json\/wp\/v2\/product"}],"about":[{"href":"https:\/\/palmiyesusleme.com\/index.php\/wp-json\/wp\/v2\/types\/product"}],"replies":[{"embeddable":true,"href":"https:\/\/palmiyesusleme.com\/index.php\/wp-json\/wp\/v2\/comments?post=8004"}],"wp:featuredmedia":[{"embeddable":true,"href":"https:\/\/palmiyesusleme.com\/index.php\/wp-json\/wp\/v2\/media\/8005"}],"wp:attachment":[{"href":"https:\/\/palmiyesusleme.com\/index.php\/wp-json\/wp\/v2\/media?parent=8004"}],"wp:term":[{"taxonomy":"product_cat","embeddable":true,"href":"https:\/\/palmiyesusleme.com\/index.php\/wp-json\/wp\/v2\/product_cat?post=8004"},{"taxonomy":"product_tag","embeddable":true,"href":"https:\/\/palmiyesusleme.com\/index.php\/wp-json\/wp\/v2\/product_tag?post=8004"}],"curies":[{"name":"wp","href":"https:\/\/api.w.org\/{rel}","templated":true}]}}