{"id":8006,"date":"2024-03-07T16:20:21","date_gmt":"2024-03-07T13:20:21","guid":{"rendered":"https:\/\/palmiyesusleme.com\/index.php\/urun\/polipropilen-pvc-plastik-sandalye\/"},"modified":"2024-03-07T16:20:21","modified_gmt":"2024-03-07T13:20:21","slug":"polipropilen-pvc-plastik-sandalye","status":"publish","type":"product","link":"https:\/\/palmiyesusleme.com\/index.php\/urun\/polipropilen-pvc-plastik-sandalye\/","title":{"rendered":"Polipropilen Pvc Plastik Sandalye"},"content":{"rendered":"<p>&lt;div&gt;&lt;br&gt;&lt;\/div&gt;&lt;ul&gt;&lt;li&gt;Farkl\u0131 renk se\u00e7enekleri mevcuttur.(Beyaz, Siyah, Gold, Capuccino)&lt;\/li&gt;&lt;li&gt;Otel, Restoran, Cafe, D\u00fc\u011f\u00fcn Salonu tarz\u0131 mekanlar i\u00e7in uygundur.&lt;\/li&gt;&lt;li&gt;Kolay temizlenir.&lt;\/li&gt;&lt;li&gt;K\u0131r\u0131lma sorunu ya\u015fanmaz.&lt;\/li&gt;&lt;li&gt;Ah\u015fap sandalyelere g\u00f6re daha sa\u011flamd\u0131r.&lt;\/li&gt;&lt;li&gt;20 seneye kadar kullan\u0131m \u00f6mr\u00fc vard\u0131r.&lt;\/li&gt;&lt;li&gt;Hafif ve ekonomiktir.&lt;\/li&gt;&lt;li&gt;Suya, neme ve g\u00fcne\u015f \u0131\u015f\u0131nlar\u0131na kar\u015f\u0131 dayan\u0131kl\u0131d\u0131r.&lt;\/li&gt;&lt;li&gt;Klasik ve modern mekanlara rahatl\u0131kla uyum sa\u011flar.&lt;\/li&gt;&lt;li&gt;3 Farkl\u0131 ayak se\u00e7imi&amp;nbsp;&lt;\/li&gt;&lt;li&gt;Boya de\u011fildir kendinden renklidir.&lt;\/li&gt;&lt;li&gt;Y\u00fckl\u00fc al\u0131mlarda \u00f6zel renk \u00e7al\u0131\u015f\u0131labilir.&lt;\/li&gt;&lt;li&gt;%100 Polipropilen hammaddeden imal edilmi\u015ftir.&lt;\/li&gt;&lt;\/ul&gt;&lt;p&gt;&lt;b&gt;\u00d6l\u00e7\u00fcleri&lt;\/b&gt;&lt;\/p&gt;&lt;p&gt;Y\u00fckseklik : 101cm&lt;\/p&gt;&lt;p&gt;Geni\u015flik : 46 cm&lt;\/p&gt;&lt;p&gt;Derinlik : 52 cm&lt;\/p&gt;&lt;p&gt;Oturum Y\u00fcksekli\u011fi : 44 cm&lt;\/p&gt;&lt;p&gt;&lt;b&gt;Ayak \u00c7e\u015fitleri&lt;\/b&gt;&lt;\/p&gt;&lt;table class=&quot;table table-bordered&quot;&gt;&lt;tbody&gt;&lt;tr&gt;&lt;td&gt;Tornal\u0131&lt;\/td&gt;&lt;td&gt;D\u00fcz&lt;\/td&gt;&lt;td&gt;L\u00fckens&lt;\/td&gt;&lt;\/tr&gt;&lt;tr&gt;&lt;td&gt;&lt;img alt=&quot;Polipropilen Pvc Plastik Sandalye &#8211; pls58&quot; src=&quot;https:\/\/www.palmiyekocak.com\/image\/catalog\/urun\/plastik-sandalye\/torna-ayak.jpg&quot;&gt;&lt;\/td&gt;&lt;td&gt;&lt;img alt=&quot;Polipropilen Pvc Plastik Sandalye &#8211; pls58&quot; src=&quot;https:\/\/www.palmiyekocak.com\/image\/catalog\/urun\/plastik-sandalye\/duz-ayak.jpg&quot;&gt;&lt;\/td&gt;&lt;td&gt;&lt;img alt=&quot;Polipropilen Pvc Plastik Sandalye &#8211; pls58&quot; src=&quot;https:\/\/www.palmiyekocak.com\/image\/catalog\/urun\/plastik-sandalye\/lukens-ayak.jpg&quot;&gt;&lt;\/td&gt;&lt;\/tr&gt;&lt;\/tbody&gt;&lt;\/table&gt;&lt;p&gt;&lt;br&gt;&lt;\/p&gt;&lt;p&gt;&lt;br&gt;&lt;\/p&gt;&lt;p&gt;&lt;br&gt;&lt;\/p&gt;&lt;p&gt;&lt;\/p&gt;<br \/>\n&lt;div class=&quot;col-lg-12&quot;&gt;<br \/>\n&lt;table class=&quot;table table-bordered&quot;&gt;<br \/>\n    &lt;tbody&gt;<br \/>\n      &lt;tr&gt;<br \/>\n        &lt;th style=&quot;text-align: center;&quot;&gt;Konteyner Y\u00fckleme (Koli)&lt;\/th&gt;<br \/>\n        &lt;th style=&quot;text-align: center;&quot;&gt;Konteyner Y\u00fckleme (\u0130stif)&lt;br&gt;&lt;\/th&gt;<br \/>\n      &lt;\/tr&gt;<br \/>\n      &lt;tr&gt;<br \/>\n        &lt;td&gt;&lt;br&gt;&lt;\/td&gt;&lt;td&gt;&lt;\/td&gt;<br \/>\n      &lt;\/tr&gt;<br \/>\n      &lt;tr&gt;<br \/>\n        &lt;td&gt;&lt;br&gt;&lt;\/td&gt;<br \/>\n        &lt;td&gt;&lt;br&gt;&lt;\/td&gt;<br \/>\n      &lt;\/tr&gt;<br \/>\n      &lt;tr&gt;<br \/>\n        &lt;td&gt;&lt;br&gt;&lt;\/td&gt;&lt;td&gt;&lt;\/td&gt;<br \/>\n      &lt;\/tr&gt;<br \/>\n    &lt;\/tbody&gt;<br \/>\n  &lt;\/table&gt;&lt;\/div&gt;<br \/>\n&lt;div class=&quot;col-lg-12&quot;&gt;&lt;br&gt;&lt;\/div&gt;<\/p>\n","protected":false},"excerpt":{"rendered":"<p>&lt;div&gt;&lt;br&gt;&lt;\/div&gt;&lt;ul&gt;&lt;li&gt;Farkl\u0131 renk se\u00e7enekleri mevcuttur.(Beyaz, Siyah, Gold, Capuccino)&lt;\/li&gt;&lt;li&gt;Otel, Restoran, Cafe, D\u00fc\u011f\u00fcn Salonu tarz\u0131 mekanlar i\u00e7in uygundur.&lt;\/li&gt;&lt;li&gt;Kolay temizlenir.&lt;\/li&gt;&lt;li&gt;K\u0131r\u0131lma sorunu ya\u015fanmaz.&lt;\/li&gt;&lt;li&gt;Ah\u015fap sandalyelere g\u00f6re daha sa\u011flamd\u0131r.&lt;\/li&gt;&lt;li&gt;20 seneye kadar kullan\u0131m \u00f6mr\u00fc vard\u0131r.&lt;\/li&gt;&lt;li&gt;Hafif ve ekonomiktir.&lt;\/li&gt;&lt;li&gt;Suya, neme ve g\u00fcne\u015f \u0131\u015f\u0131nlar\u0131na kar\u015f\u0131 dayan\u0131kl\u0131d\u0131r.&lt;\/li&gt;&lt;li&gt;Klasik ve modern mekanlara rahatl\u0131kla uyum sa\u011flar.&lt;\/li&gt;&lt;li&gt;3 Farkl\u0131 ayak se\u00e7imi&amp;nbsp;&lt;\/li&gt;&lt;li&gt;Boya de\u011fildir kendinden renklidir.&lt;\/li&gt;&lt;li&gt;Y\u00fckl\u00fc al\u0131mlarda \u00f6zel renk \u00e7al\u0131\u015f\u0131labilir.&lt;\/li&gt;&lt;li&gt;%100 Polipropilen hammaddeden imal edilmi\u015ftir.&lt;\/li&gt;&lt;\/ul&gt;&lt;p&gt;&lt;b&gt;\u00d6l\u00e7\u00fcleri&lt;\/b&gt;&lt;\/p&gt;&lt;p&gt;Y\u00fckseklik [&hellip;]<\/p>\n","protected":false},"featured_media":8007,"comment_status":"closed","ping_status":"open","template":"","meta":{"_joinchat":[]},"product_cat":[154,153],"product_tag":[],"class_list":{"0":"post-8006","1":"product","2":"type-product","3":"status-publish","4":"has-post-thumbnail","6":"product_cat-ic-mekan-plastik-sandalye","7":"product_cat-plastik-sandalye","9":"first","10":"instock","11":"product-type-simple"},"_links":{"self":[{"href":"https:\/\/palmiyesusleme.com\/index.php\/wp-json\/wp\/v2\/product\/8006","targetHints":{"allow":["GET"]}}],"collection":[{"href":"https:\/\/palmiyesusleme.com\/index.php\/wp-json\/wp\/v2\/product"}],"about":[{"href":"https:\/\/palmiyesusleme.com\/index.php\/wp-json\/wp\/v2\/types\/product"}],"replies":[{"embeddable":true,"href":"https:\/\/palmiyesusleme.com\/index.php\/wp-json\/wp\/v2\/comments?post=8006"}],"wp:featuredmedia":[{"embeddable":true,"href":"https:\/\/palmiyesusleme.com\/index.php\/wp-json\/wp\/v2\/media\/8007"}],"wp:attachment":[{"href":"https:\/\/palmiyesusleme.com\/index.php\/wp-json\/wp\/v2\/media?parent=8006"}],"wp:term":[{"taxonomy":"product_cat","embeddable":true,"href":"https:\/\/palmiyesusleme.com\/index.php\/wp-json\/wp\/v2\/product_cat?post=8006"},{"taxonomy":"product_tag","embeddable":true,"href":"https:\/\/palmiyesusleme.com\/index.php\/wp-json\/wp\/v2\/product_tag?post=8006"}],"curies":[{"name":"wp","href":"https:\/\/api.w.org\/{rel}","templated":true}]}}