{"id":8030,"date":"2024-03-07T16:20:21","date_gmt":"2024-03-07T13:20:21","guid":{"rendered":"https:\/\/palmiyesusleme.com\/index.php\/urun\/beyaz-plastik-kolsuz-sandalye\/"},"modified":"2024-03-07T16:20:30","modified_gmt":"2024-03-07T13:20:30","slug":"beyaz-plastik-kolsuz-sandalye","status":"publish","type":"product","link":"https:\/\/palmiyesusleme.com\/index.php\/urun\/beyaz-plastik-kolsuz-sandalye\/","title":{"rendered":"Beyaz Plastik Kolsuz Sandalye"},"content":{"rendered":"<p>&lt;p&gt;&lt;b&gt;Beyaz Plastik Kolsuz Sandalye &#8211; plsk2025&lt;\/b&gt;&lt;br&gt;&lt;\/p&gt;&lt;p&gt;&lt;img src=&quot;https:\/\/www.palmiyekocak.com\/image\/catalog\/update\/beyaz-plastik-kolsuz-sandalye-plsk2025.jpg&quot; style=&quot;width: 521.12px; height: 158.764px;&quot;&gt;&lt;\/p&gt;&lt;p&gt;&lt;b&gt;\u00dcr\u00fcn \u00d6zellikleri:&lt;\/b&gt;&lt;\/p&gt;&lt;ul&gt;&lt;li&gt;Beyaz Plastiktir.&lt;\/li&gt;&lt;li&gt;Bah\u00e7eler i\u00e7in idealdir.&lt;\/li&gt;&lt;li&gt;Dayan\u0131kl\u0131 malzemeden \u00fcretilmi\u015ftir.&lt;\/li&gt;&lt;li&gt;Yaln\u0131zca toptan sipari\u015f al\u0131n\u0131r(en az 50 adet).&lt;\/li&gt;&lt;li&gt;Yurt d\u0131\u015f\u0131 ihracat\u0131 yap\u0131l\u0131r.&lt;\/li&gt;&lt;li&gt;Polipropilen veya enjeksiyon olarak \u00fcretilmektedir.&amp;nbsp;&lt;\/li&gt;&lt;\/ul&gt;&lt;p&gt;&lt;br&gt;&lt;\/p&gt;&lt;p&gt;\u0130ste\u011fe \u00f6zel olarak malzeme cinsinde ve \u00fcr\u00fcn \u00f6l\u00e7\u00fclerinde de\u011fi\u015fiklik yap\u0131labilir.&lt;\/p&gt;&lt;p&gt;\u00dcr\u00fcn hakk\u0131nda bilgi ve fiyat almak i\u00e7in \u00fcr\u00fcn kodunu ve adetini bize E-posta, Whatsapp veya Telefon yoluyla iletiniz. Sat\u0131\u015f ekibimiz en k\u0131sa s\u00fcrede size d\u00f6necektir.&lt;\/p&gt;&lt;p&gt;&lt;b&gt;&lt;a href=&quot;https:\/\/www.palmiyekocak.com\/iletisim&quot; target=&quot;_blank&quot;&gt;ileti\u015fim bilgilerimiz i\u00e7in t\u0131klay\u0131n\u0131z.&lt;\/a&gt;&lt;\/b&gt;&lt;\/p&gt;<\/p>\n","protected":false},"excerpt":{"rendered":"<p>&lt;p&gt;&lt;b&gt;Beyaz Plastik Kolsuz Sandalye &#8211; plsk2025&lt;\/b&gt;&lt;br&gt;&lt;\/p&gt;&lt;p&gt;&lt;img src=&quot;https:\/\/www.palmiyekocak.com\/image\/catalog\/update\/beyaz-plastik-kolsuz-sandalye-plsk2025.jpg&quot; style=&quot;width: 521.12px; height: 158.764px;&quot;&gt;&lt;\/p&gt;&lt;p&gt;&lt;b&gt;\u00dcr\u00fcn \u00d6zellikleri:&lt;\/b&gt;&lt;\/p&gt;&lt;ul&gt;&lt;li&gt;Beyaz Plastiktir.&lt;\/li&gt;&lt;li&gt;Bah\u00e7eler i\u00e7in idealdir.&lt;\/li&gt;&lt;li&gt;Dayan\u0131kl\u0131 malzemeden \u00fcretilmi\u015ftir.&lt;\/li&gt;&lt;li&gt;Yaln\u0131zca toptan sipari\u015f al\u0131n\u0131r(en az 50 adet).&lt;\/li&gt;&lt;li&gt;Yurt d\u0131\u015f\u0131 ihracat\u0131 yap\u0131l\u0131r.&lt;\/li&gt;&lt;li&gt;Polipropilen veya enjeksiyon olarak \u00fcretilmektedir.&amp;nbsp;&lt;\/li&gt;&lt;\/ul&gt;&lt;p&gt;&lt;br&gt;&lt;\/p&gt;&lt;p&gt;\u0130ste\u011fe \u00f6zel olarak malzeme cinsinde ve \u00fcr\u00fcn \u00f6l\u00e7\u00fclerinde de\u011fi\u015fiklik yap\u0131labilir.&lt;\/p&gt;&lt;p&gt;\u00dcr\u00fcn hakk\u0131nda bilgi ve fiyat almak i\u00e7in \u00fcr\u00fcn kodunu ve adetini bize E-posta, Whatsapp veya Telefon yoluyla [&hellip;]<\/p>\n","protected":false},"featured_media":8031,"comment_status":"closed","ping_status":"open","template":"","meta":{"_joinchat":[]},"product_cat":[155,153,201],"product_tag":[],"class_list":{"0":"post-8030","1":"product","2":"type-product","3":"status-publish","4":"has-post-thumbnail","6":"product_cat-plastik-bahce-sandalyesi","7":"product_cat-plastik-sandalye","8":"product_cat-plastik-sandalye-fiyatlari","10":"first","11":"instock","12":"product-type-simple"},"_links":{"self":[{"href":"https:\/\/palmiyesusleme.com\/index.php\/wp-json\/wp\/v2\/product\/8030","targetHints":{"allow":["GET"]}}],"collection":[{"href":"https:\/\/palmiyesusleme.com\/index.php\/wp-json\/wp\/v2\/product"}],"about":[{"href":"https:\/\/palmiyesusleme.com\/index.php\/wp-json\/wp\/v2\/types\/product"}],"replies":[{"embeddable":true,"href":"https:\/\/palmiyesusleme.com\/index.php\/wp-json\/wp\/v2\/comments?post=8030"}],"wp:featuredmedia":[{"embeddable":true,"href":"https:\/\/palmiyesusleme.com\/index.php\/wp-json\/wp\/v2\/media\/8031"}],"wp:attachment":[{"href":"https:\/\/palmiyesusleme.com\/index.php\/wp-json\/wp\/v2\/media?parent=8030"}],"wp:term":[{"taxonomy":"product_cat","embeddable":true,"href":"https:\/\/palmiyesusleme.com\/index.php\/wp-json\/wp\/v2\/product_cat?post=8030"},{"taxonomy":"product_tag","embeddable":true,"href":"https:\/\/palmiyesusleme.com\/index.php\/wp-json\/wp\/v2\/product_tag?post=8030"}],"curies":[{"name":"wp","href":"https:\/\/api.w.org\/{rel}","templated":true}]}}