{"id":8104,"date":"2024-03-07T16:20:55","date_gmt":"2024-03-07T13:20:55","guid":{"rendered":"https:\/\/palmiyesusleme.com\/index.php\/urun\/gold-saten-kenar-bantli-tea-rose-mermer-gorunumlu-dekoratif-uv-lakli-mdflam-tablali-kare-cafe-masasi\/"},"modified":"2024-03-07T16:21:04","modified_gmt":"2024-03-07T13:21:04","slug":"gold-saten-kenar-bantli-tea-rose-mermer-gorunumlu-dekoratif-uv-lakli-mdflam-tablali-kare-cafe-masasi","status":"publish","type":"product","link":"https:\/\/palmiyesusleme.com\/index.php\/urun\/gold-saten-kenar-bantli-tea-rose-mermer-gorunumlu-dekoratif-uv-lakli-mdflam-tablali-kare-cafe-masasi\/","title":{"rendered":"Gold Saten Kenar Bantl\u0131 Tea Rose Mermer G\u00f6r\u00fcn\u00fcml\u00fc Dekoratif Uv Lakl\u0131 Mdflam Tablal\u0131 Kare Cafe Masas\u0131"},"content":{"rendered":"<p>Gold Saten Kenar Bantl\u0131 Tea Rose Mermer G&ouml;r&uuml;n&uuml;ml&uuml; Dekoratif Uv Lakl\u0131 Mdflam Tablal\u0131 Kare Cafe Masas\u0131<\/p>\n","protected":false},"excerpt":{"rendered":"<p>Gold Saten Kenar Bantl\u0131 Tea Rose Mermer G&ouml;r&uuml;n&uuml;ml&uuml; Dekoratif Uv Lakl\u0131 Mdflam Tablal\u0131 Kare Cafe Masas\u0131<\/p>\n","protected":false},"featured_media":8105,"comment_status":"closed","ping_status":"open","template":"","meta":{"_joinchat":[]},"product_cat":[110,109,112],"product_tag":[],"class_list":{"0":"post-8104","1":"product","2":"type-product","3":"status-publish","4":"has-post-thumbnail","6":"product_cat-cafe-masalari","7":"product_cat-kompakt-masa","8":"product_cat-metal-ayakli-kare-masa","10":"first","11":"instock","12":"product-type-simple"},"_links":{"self":[{"href":"https:\/\/palmiyesusleme.com\/index.php\/wp-json\/wp\/v2\/product\/8104","targetHints":{"allow":["GET"]}}],"collection":[{"href":"https:\/\/palmiyesusleme.com\/index.php\/wp-json\/wp\/v2\/product"}],"about":[{"href":"https:\/\/palmiyesusleme.com\/index.php\/wp-json\/wp\/v2\/types\/product"}],"replies":[{"embeddable":true,"href":"https:\/\/palmiyesusleme.com\/index.php\/wp-json\/wp\/v2\/comments?post=8104"}],"wp:featuredmedia":[{"embeddable":true,"href":"https:\/\/palmiyesusleme.com\/index.php\/wp-json\/wp\/v2\/media\/8105"}],"wp:attachment":[{"href":"https:\/\/palmiyesusleme.com\/index.php\/wp-json\/wp\/v2\/media?parent=8104"}],"wp:term":[{"taxonomy":"product_cat","embeddable":true,"href":"https:\/\/palmiyesusleme.com\/index.php\/wp-json\/wp\/v2\/product_cat?post=8104"},{"taxonomy":"product_tag","embeddable":true,"href":"https:\/\/palmiyesusleme.com\/index.php\/wp-json\/wp\/v2\/product_tag?post=8104"}],"curies":[{"name":"wp","href":"https:\/\/api.w.org\/{rel}","templated":true}]}}