{"id":8110,"date":"2024-03-07T16:20:55","date_gmt":"2024-03-07T13:20:55","guid":{"rendered":"https:\/\/palmiyesusleme.com\/index.php\/urun\/mermer-gorunumlu-dekoratif-uv-lakli-mdflam-altin-saten-kenar-bantli-kare-cafe-masasi-1-kalite\/"},"modified":"2024-03-07T16:21:05","modified_gmt":"2024-03-07T13:21:05","slug":"mermer-gorunumlu-dekoratif-uv-lakli-mdflam-altin-saten-kenar-bantli-kare-cafe-masasi-1-kalite","status":"publish","type":"product","link":"https:\/\/palmiyesusleme.com\/index.php\/urun\/mermer-gorunumlu-dekoratif-uv-lakli-mdflam-altin-saten-kenar-bantli-kare-cafe-masasi-1-kalite\/","title":{"rendered":"Mermer G\u00f6r\u00fcn\u00fcml\u00fc Dekoratif Uv Lakl\u0131 Mdflam Alt\u0131n Saten Kenar Bantl\u0131 Kare Cafe Masas\u0131 1. Kalite"},"content":{"rendered":"<p>Mermer G&ouml;r&uuml;n&uuml;ml&uuml; Dekoratif Uv Lakl\u0131 Mdflam Alt\u0131n Saten Kenar Bantl\u0131 Kare Cafe Masas\u0131 1. Kalite<\/p>\n","protected":false},"excerpt":{"rendered":"<p>Mermer G&ouml;r&uuml;n&uuml;ml&uuml; Dekoratif Uv Lakl\u0131 Mdflam Alt\u0131n Saten Kenar Bantl\u0131 Kare Cafe Masas\u0131 1. Kalite<\/p>\n","protected":false},"featured_media":8111,"comment_status":"closed","ping_status":"open","template":"","meta":{"_joinchat":[]},"product_cat":[110,109,112],"product_tag":[],"class_list":{"0":"post-8110","1":"product","2":"type-product","3":"status-publish","4":"has-post-thumbnail","6":"product_cat-cafe-masalari","7":"product_cat-kompakt-masa","8":"product_cat-metal-ayakli-kare-masa","10":"first","11":"instock","12":"product-type-simple"},"_links":{"self":[{"href":"https:\/\/palmiyesusleme.com\/index.php\/wp-json\/wp\/v2\/product\/8110","targetHints":{"allow":["GET"]}}],"collection":[{"href":"https:\/\/palmiyesusleme.com\/index.php\/wp-json\/wp\/v2\/product"}],"about":[{"href":"https:\/\/palmiyesusleme.com\/index.php\/wp-json\/wp\/v2\/types\/product"}],"replies":[{"embeddable":true,"href":"https:\/\/palmiyesusleme.com\/index.php\/wp-json\/wp\/v2\/comments?post=8110"}],"wp:featuredmedia":[{"embeddable":true,"href":"https:\/\/palmiyesusleme.com\/index.php\/wp-json\/wp\/v2\/media\/8111"}],"wp:attachment":[{"href":"https:\/\/palmiyesusleme.com\/index.php\/wp-json\/wp\/v2\/media?parent=8110"}],"wp:term":[{"taxonomy":"product_cat","embeddable":true,"href":"https:\/\/palmiyesusleme.com\/index.php\/wp-json\/wp\/v2\/product_cat?post=8110"},{"taxonomy":"product_tag","embeddable":true,"href":"https:\/\/palmiyesusleme.com\/index.php\/wp-json\/wp\/v2\/product_tag?post=8110"}],"curies":[{"name":"wp","href":"https:\/\/api.w.org\/{rel}","templated":true}]}}