{"id":8114,"date":"2024-03-07T16:20:55","date_gmt":"2024-03-07T13:20:55","guid":{"rendered":"https:\/\/palmiyesusleme.com\/index.php\/urun\/mermer-gorunumlu-metal-ayakli-kare-kompakt-laminat-masa\/"},"modified":"2024-03-07T16:21:07","modified_gmt":"2024-03-07T13:21:07","slug":"mermer-gorunumlu-metal-ayakli-kare-kompakt-laminat-masa","status":"publish","type":"product","link":"https:\/\/palmiyesusleme.com\/index.php\/urun\/mermer-gorunumlu-metal-ayakli-kare-kompakt-laminat-masa\/","title":{"rendered":"Mermer G\u00f6r\u00fcn\u00fcml\u00fc Metal Ayakl\u0131 Kare Kompakt Laminat Masa"},"content":{"rendered":"<p>Mermer G\u00f6r\u00fcn\u00fcml\u00fc Dekoratif Uv Lakl\u0131 Mdflam Tablal\u0131 Gold Kenar Bantl\u0131 Kare Otel Masas\u0131 2020 Trend<\/p>\n","protected":false},"excerpt":{"rendered":"<p>Mermer G\u00f6r\u00fcn\u00fcml\u00fc Dekoratif Uv Lakl\u0131 Mdflam Tablal\u0131 Gold Kenar Bantl\u0131 Kare Otel Masas\u0131 2020 Trend<\/p>\n","protected":false},"featured_media":8115,"comment_status":"closed","ping_status":"open","template":"","meta":{"_joinchat":[]},"product_cat":[110,109,112],"product_tag":[],"class_list":{"0":"post-8114","1":"product","2":"type-product","3":"status-publish","4":"has-post-thumbnail","6":"product_cat-cafe-masalari","7":"product_cat-kompakt-masa","8":"product_cat-metal-ayakli-kare-masa","10":"first","11":"instock","12":"product-type-simple"},"_links":{"self":[{"href":"https:\/\/palmiyesusleme.com\/index.php\/wp-json\/wp\/v2\/product\/8114","targetHints":{"allow":["GET"]}}],"collection":[{"href":"https:\/\/palmiyesusleme.com\/index.php\/wp-json\/wp\/v2\/product"}],"about":[{"href":"https:\/\/palmiyesusleme.com\/index.php\/wp-json\/wp\/v2\/types\/product"}],"replies":[{"embeddable":true,"href":"https:\/\/palmiyesusleme.com\/index.php\/wp-json\/wp\/v2\/comments?post=8114"}],"wp:featuredmedia":[{"embeddable":true,"href":"https:\/\/palmiyesusleme.com\/index.php\/wp-json\/wp\/v2\/media\/8115"}],"wp:attachment":[{"href":"https:\/\/palmiyesusleme.com\/index.php\/wp-json\/wp\/v2\/media?parent=8114"}],"wp:term":[{"taxonomy":"product_cat","embeddable":true,"href":"https:\/\/palmiyesusleme.com\/index.php\/wp-json\/wp\/v2\/product_cat?post=8114"},{"taxonomy":"product_tag","embeddable":true,"href":"https:\/\/palmiyesusleme.com\/index.php\/wp-json\/wp\/v2\/product_tag?post=8114"}],"curies":[{"name":"wp","href":"https:\/\/api.w.org\/{rel}","templated":true}]}}