{"id":8120,"date":"2024-03-07T16:20:55","date_gmt":"2024-03-07T13:20:55","guid":{"rendered":"https:\/\/palmiyesusleme.com\/index.php\/urun\/yagli-boya-gorunumlu-tablali-metal-ayakli-kare-kompakt-laminat-luks-otel-cafe-restoran-masasi-imalati\/"},"modified":"2024-03-07T16:21:09","modified_gmt":"2024-03-07T13:21:09","slug":"yagli-boya-gorunumlu-tablali-metal-ayakli-kare-kompakt-laminat-luks-otel-cafe-restoran-masasi-imalati","status":"publish","type":"product","link":"https:\/\/palmiyesusleme.com\/index.php\/urun\/yagli-boya-gorunumlu-tablali-metal-ayakli-kare-kompakt-laminat-luks-otel-cafe-restoran-masasi-imalati\/","title":{"rendered":"Ya\u011fl\u0131 Boya G\u00f6r\u00fcn\u00fcml\u00fc Tablal\u0131 Metal Ayakl\u0131 Kare Kompakt Laminat L\u00fcks Otel Cafe Restoran Masas\u0131 \u0130malat\u0131"},"content":{"rendered":"<p>Ya\u011fl\u0131 Boya G\u00f6r\u00fcn\u00fcml\u00fc Tablal\u0131 Metal Ayakl\u0131 Kare Kompakt Laminat L\u00fcks Otel Cafe Restoran Masas\u0131 \u0130malat\u0131<\/p>\n","protected":false},"excerpt":{"rendered":"<p>Ya\u011fl\u0131 Boya G\u00f6r\u00fcn\u00fcml\u00fc Tablal\u0131 Metal Ayakl\u0131 Kare Kompakt Laminat L\u00fcks Otel Cafe Restoran Masas\u0131 \u0130malat\u0131<\/p>\n","protected":false},"featured_media":8121,"comment_status":"closed","ping_status":"open","template":"","meta":{"_joinchat":[]},"product_cat":[110,109,112],"product_tag":[],"class_list":{"0":"post-8120","1":"product","2":"type-product","3":"status-publish","4":"has-post-thumbnail","6":"product_cat-cafe-masalari","7":"product_cat-kompakt-masa","8":"product_cat-metal-ayakli-kare-masa","10":"first","11":"instock","12":"product-type-simple"},"_links":{"self":[{"href":"https:\/\/palmiyesusleme.com\/index.php\/wp-json\/wp\/v2\/product\/8120","targetHints":{"allow":["GET"]}}],"collection":[{"href":"https:\/\/palmiyesusleme.com\/index.php\/wp-json\/wp\/v2\/product"}],"about":[{"href":"https:\/\/palmiyesusleme.com\/index.php\/wp-json\/wp\/v2\/types\/product"}],"replies":[{"embeddable":true,"href":"https:\/\/palmiyesusleme.com\/index.php\/wp-json\/wp\/v2\/comments?post=8120"}],"wp:featuredmedia":[{"embeddable":true,"href":"https:\/\/palmiyesusleme.com\/index.php\/wp-json\/wp\/v2\/media\/8121"}],"wp:attachment":[{"href":"https:\/\/palmiyesusleme.com\/index.php\/wp-json\/wp\/v2\/media?parent=8120"}],"wp:term":[{"taxonomy":"product_cat","embeddable":true,"href":"https:\/\/palmiyesusleme.com\/index.php\/wp-json\/wp\/v2\/product_cat?post=8120"},{"taxonomy":"product_tag","embeddable":true,"href":"https:\/\/palmiyesusleme.com\/index.php\/wp-json\/wp\/v2\/product_tag?post=8120"}],"curies":[{"name":"wp","href":"https:\/\/api.w.org\/{rel}","templated":true}]}}